{"id":1283,"date":"2019-09-23T08:51:09","date_gmt":"2019-09-23T08:51:09","guid":{"rendered":"https:\/\/dev.baltoil.ee\/?post_type=product&#038;p=1283"},"modified":"2020-05-14T08:50:53","modified_gmt":"2020-05-14T08:50:53","slug":"grasshopper-niiduk-124v","status":"publish","type":"product","link":"https:\/\/baltoil.ee\/lt\/toode\/grasshopper-niiduk-124v\/","title":{"rendered":"124V"},"content":{"rendered":"<input class=\"fooboxshare_post_id\" type=\"hidden\" value=\"1283\"\/>","protected":false},"excerpt":{"rendered":"<p>Grasshopper 124V on kompaktne ja hea man\u00f6\u00f6verdusv\u00f5imega. Niidab takistuste \u00fcmber ja kohtades, kus sa arvasid, et ainult l\u00fckatavad muruniidukid saavad hakkama.<\/p>\n<p>Saadaval k\u00fclg-, <a href=\"https:\/\/baltoil.ee\/toode\/keskasetuse-tahavaljavise\/\">tahav\u00e4ljaviskega<\/a>, <a href=\"https:\/\/baltoil.ee\/toode\/grasshopper-down-discharge-mulching\/\">mult\u0161eriga<\/a> v\u00f5i <a href=\"https:\/\/baltoil.ee\/toode\/grasshopper-powervac-koguja\/\">kogujaga<\/a>.<\/p>\n<p>Garantii 3 aastat.<\/p>\n<p><a href=\"https:\/\/baltoil.ee\/wp-content\/uploads\/2019\/09\/Grasshopper-124V-48-2020-tooteleht.pdf\" target=\"_blank\" rel=\"noopener noreferrer\">Tooteleht<\/a><\/p>\n<p><a href=\"https:\/\/www.grasshoppermower.com\/mowers\/midmount\/124v\/\" target=\"_blank\" rel=\"noopener noreferrer\">Tootja koduleht<\/a><\/p>\n","protected":false},"featured_media":2666,"template":"","meta":{"_acf_changed":false},"product_brand":[],"product_cat":[59],"product_tag":[130,134,132],"class_list":{"0":"post-1283","1":"product","2":"type-product","3":"status-publish","4":"has-post-thumbnail","6":"product_cat-keskasetusega-niidukid","7":"product_tag-grasshopper","8":"product_tag-keskasetusega","9":"product_tag-niiduk","11":"first","12":"instock","13":"shipping-taxable","14":"product-type-simple"},"acf":[],"yoast_head":"<!-- This site is optimized with the Yoast SEO plugin v27.3 - https:\/\/yoast.com\/product\/yoast-seo-wordpress\/ -->\n<title>124V - Grasshopper nullp\u00f6\u00f6rderaadiusega niiduk - Baltoil<\/title>\n<meta name=\"description\" content=\"Grasshopper 124V niiduk on kompaktne ja hea man\u00f6\u00f6verdusv\u00f5imega. Niidab kohtades, kus arvasid, et ainult l\u00fckatavad muruniidukid saavad hakkama.\" \/>\n<meta name=\"robots\" content=\"index, follow, max-snippet:-1, max-image-preview:large, max-video-preview:-1\" \/>\n<link rel=\"canonical\" href=\"https:\/\/baltoil.ee\/toode\/grasshopper-niiduk-124v\/\" \/>\n<meta property=\"og:locale\" content=\"lt_LT\" \/>\n<meta property=\"og:type\" content=\"article\" \/>\n<meta property=\"og:title\" content=\"124V - Grasshopper nullp\u00f6\u00f6rderaadiusega niiduk - Baltoil\" \/>\n<meta property=\"og:description\" content=\"Grasshopper 124V niiduk on kompaktne ja hea man\u00f6\u00f6verdusv\u00f5imega. Niidab kohtades, kus arvasid, et ainult l\u00fckatavad muruniidukid saavad hakkama.\" \/>\n<meta property=\"og:url\" content=\"https:\/\/baltoil.ee\/toode\/grasshopper-niiduk-124v\/\" \/>\n<meta property=\"og:site_name\" content=\"Baltoil\" \/>\n<meta property=\"article:modified_time\" content=\"2020-05-14T08:50:53+00:00\" \/>\n<meta property=\"og:image\" content=\"https:\/\/baltoil.ee\/wp-content\/uploads\/2019\/09\/124V_Studio.png\" \/>\n\t<meta property=\"og:image:width\" content=\"1500\" \/>\n\t<meta property=\"og:image:height\" content=\"998\" \/>\n\t<meta property=\"og:image:type\" content=\"image\/png\" \/>\n<meta name=\"twitter:card\" content=\"summary_large_image\" \/>\n<script type=\"application\/ld+json\" class=\"yoast-schema-graph\">{\"@context\":\"https:\\\/\\\/schema.org\",\"@graph\":[{\"@type\":\"WebPage\",\"@id\":\"https:\\\/\\\/baltoil.ee\\\/toode\\\/grasshopper-niiduk-124v\\\/\",\"url\":\"https:\\\/\\\/baltoil.ee\\\/toode\\\/grasshopper-niiduk-124v\\\/\",\"name\":\"124V - Grasshopper nullp\u00f6\u00f6rderaadiusega niiduk - Baltoil\",\"isPartOf\":{\"@id\":\"https:\\\/\\\/baltoil.ee\\\/#website\"},\"primaryImageOfPage\":{\"@id\":\"https:\\\/\\\/baltoil.ee\\\/toode\\\/grasshopper-niiduk-124v\\\/#primaryimage\"},\"image\":{\"@id\":\"https:\\\/\\\/baltoil.ee\\\/toode\\\/grasshopper-niiduk-124v\\\/#primaryimage\"},\"thumbnailUrl\":\"https:\\\/\\\/baltoil.ee\\\/wp-content\\\/uploads\\\/2019\\\/09\\\/124V_Studio.png\",\"datePublished\":\"2019-09-23T08:51:09+00:00\",\"dateModified\":\"2020-05-14T08:50:53+00:00\",\"description\":\"Grasshopper 124V niiduk on kompaktne ja hea man\u00f6\u00f6verdusv\u00f5imega. Niidab kohtades, kus arvasid, et ainult l\u00fckatavad muruniidukid saavad hakkama.\",\"breadcrumb\":{\"@id\":\"https:\\\/\\\/baltoil.ee\\\/toode\\\/grasshopper-niiduk-124v\\\/#breadcrumb\"},\"inLanguage\":\"lt-LT\",\"potentialAction\":[{\"@type\":\"ReadAction\",\"target\":[\"https:\\\/\\\/baltoil.ee\\\/toode\\\/grasshopper-niiduk-124v\\\/\"]}]},{\"@type\":\"ImageObject\",\"inLanguage\":\"lt-LT\",\"@id\":\"https:\\\/\\\/baltoil.ee\\\/toode\\\/grasshopper-niiduk-124v\\\/#primaryimage\",\"url\":\"https:\\\/\\\/baltoil.ee\\\/wp-content\\\/uploads\\\/2019\\\/09\\\/124V_Studio.png\",\"contentUrl\":\"https:\\\/\\\/baltoil.ee\\\/wp-content\\\/uploads\\\/2019\\\/09\\\/124V_Studio.png\",\"width\":1500,\"height\":998},{\"@type\":\"BreadcrumbList\",\"@id\":\"https:\\\/\\\/baltoil.ee\\\/toode\\\/grasshopper-niiduk-124v\\\/#breadcrumb\",\"itemListElement\":[{\"@type\":\"ListItem\",\"position\":1,\"name\":\"Home\",\"item\":\"https:\\\/\\\/baltoil.ee\\\/lt\\\/\"},{\"@type\":\"ListItem\",\"position\":2,\"name\":\"Tooted\",\"item\":\"https:\\\/\\\/baltoil.ee\\\/tooted\\\/\"},{\"@type\":\"ListItem\",\"position\":3,\"name\":\"124V\"}]},{\"@type\":\"WebSite\",\"@id\":\"https:\\\/\\\/baltoil.ee\\\/#website\",\"url\":\"https:\\\/\\\/baltoil.ee\\\/\",\"name\":\"Baltoil\",\"description\":\"\",\"publisher\":{\"@id\":\"https:\\\/\\\/baltoil.ee\\\/#organization\"},\"potentialAction\":[{\"@type\":\"SearchAction\",\"target\":{\"@type\":\"EntryPoint\",\"urlTemplate\":\"https:\\\/\\\/baltoil.ee\\\/?s={search_term_string}\"},\"query-input\":{\"@type\":\"PropertyValueSpecification\",\"valueRequired\":true,\"valueName\":\"search_term_string\"}}],\"inLanguage\":\"lt-LT\"},{\"@type\":\"Organization\",\"@id\":\"https:\\\/\\\/baltoil.ee\\\/#organization\",\"name\":\"AS Baltoil\",\"url\":\"https:\\\/\\\/baltoil.ee\\\/\",\"logo\":{\"@type\":\"ImageObject\",\"inLanguage\":\"lt-LT\",\"@id\":\"https:\\\/\\\/baltoil.ee\\\/#\\\/schema\\\/logo\\\/image\\\/\",\"url\":\"https:\\\/\\\/baltoil.ee\\\/wp-content\\\/uploads\\\/2020\\\/04\\\/baltoil_logo.svg\",\"contentUrl\":\"https:\\\/\\\/baltoil.ee\\\/wp-content\\\/uploads\\\/2020\\\/04\\\/baltoil_logo.svg\",\"width\":1,\"height\":1,\"caption\":\"AS Baltoil\"},\"image\":{\"@id\":\"https:\\\/\\\/baltoil.ee\\\/#\\\/schema\\\/logo\\\/image\\\/\"}}]}<\/script>\n<!-- \/ Yoast SEO plugin. -->","yoast_head_json":{"title":"124V - Grasshopper nullp\u00f6\u00f6rderaadiusega niiduk - Baltoil","description":"Grasshopper 124V niiduk on kompaktne ja hea man\u00f6\u00f6verdusv\u00f5imega. Niidab kohtades, kus arvasid, et ainult l\u00fckatavad muruniidukid saavad hakkama.","robots":{"index":"index","follow":"follow","max-snippet":"max-snippet:-1","max-image-preview":"max-image-preview:large","max-video-preview":"max-video-preview:-1"},"canonical":"https:\/\/baltoil.ee\/toode\/grasshopper-niiduk-124v\/","og_locale":"lt_LT","og_type":"article","og_title":"124V - Grasshopper nullp\u00f6\u00f6rderaadiusega niiduk - Baltoil","og_description":"Grasshopper 124V niiduk on kompaktne ja hea man\u00f6\u00f6verdusv\u00f5imega. Niidab kohtades, kus arvasid, et ainult l\u00fckatavad muruniidukid saavad hakkama.","og_url":"https:\/\/baltoil.ee\/toode\/grasshopper-niiduk-124v\/","og_site_name":"Baltoil","article_modified_time":"2020-05-14T08:50:53+00:00","og_image":[{"width":1500,"height":998,"url":"https:\/\/baltoil.ee\/wp-content\/uploads\/2019\/09\/124V_Studio.png","type":"image\/png"}],"twitter_card":"summary_large_image","schema":{"@context":"https:\/\/schema.org","@graph":[{"@type":"WebPage","@id":"https:\/\/baltoil.ee\/toode\/grasshopper-niiduk-124v\/","url":"https:\/\/baltoil.ee\/toode\/grasshopper-niiduk-124v\/","name":"124V - Grasshopper nullp\u00f6\u00f6rderaadiusega niiduk - Baltoil","isPartOf":{"@id":"https:\/\/baltoil.ee\/#website"},"primaryImageOfPage":{"@id":"https:\/\/baltoil.ee\/toode\/grasshopper-niiduk-124v\/#primaryimage"},"image":{"@id":"https:\/\/baltoil.ee\/toode\/grasshopper-niiduk-124v\/#primaryimage"},"thumbnailUrl":"https:\/\/baltoil.ee\/wp-content\/uploads\/2019\/09\/124V_Studio.png","datePublished":"2019-09-23T08:51:09+00:00","dateModified":"2020-05-14T08:50:53+00:00","description":"Grasshopper 124V niiduk on kompaktne ja hea man\u00f6\u00f6verdusv\u00f5imega. Niidab kohtades, kus arvasid, et ainult l\u00fckatavad muruniidukid saavad hakkama.","breadcrumb":{"@id":"https:\/\/baltoil.ee\/toode\/grasshopper-niiduk-124v\/#breadcrumb"},"inLanguage":"lt-LT","potentialAction":[{"@type":"ReadAction","target":["https:\/\/baltoil.ee\/toode\/grasshopper-niiduk-124v\/"]}]},{"@type":"ImageObject","inLanguage":"lt-LT","@id":"https:\/\/baltoil.ee\/toode\/grasshopper-niiduk-124v\/#primaryimage","url":"https:\/\/baltoil.ee\/wp-content\/uploads\/2019\/09\/124V_Studio.png","contentUrl":"https:\/\/baltoil.ee\/wp-content\/uploads\/2019\/09\/124V_Studio.png","width":1500,"height":998},{"@type":"BreadcrumbList","@id":"https:\/\/baltoil.ee\/toode\/grasshopper-niiduk-124v\/#breadcrumb","itemListElement":[{"@type":"ListItem","position":1,"name":"Home","item":"https:\/\/baltoil.ee\/lt\/"},{"@type":"ListItem","position":2,"name":"Tooted","item":"https:\/\/baltoil.ee\/tooted\/"},{"@type":"ListItem","position":3,"name":"124V"}]},{"@type":"WebSite","@id":"https:\/\/baltoil.ee\/#website","url":"https:\/\/baltoil.ee\/","name":"Baltoil","description":"","publisher":{"@id":"https:\/\/baltoil.ee\/#organization"},"potentialAction":[{"@type":"SearchAction","target":{"@type":"EntryPoint","urlTemplate":"https:\/\/baltoil.ee\/?s={search_term_string}"},"query-input":{"@type":"PropertyValueSpecification","valueRequired":true,"valueName":"search_term_string"}}],"inLanguage":"lt-LT"},{"@type":"Organization","@id":"https:\/\/baltoil.ee\/#organization","name":"AS Baltoil","url":"https:\/\/baltoil.ee\/","logo":{"@type":"ImageObject","inLanguage":"lt-LT","@id":"https:\/\/baltoil.ee\/#\/schema\/logo\/image\/","url":"https:\/\/baltoil.ee\/wp-content\/uploads\/2020\/04\/baltoil_logo.svg","contentUrl":"https:\/\/baltoil.ee\/wp-content\/uploads\/2020\/04\/baltoil_logo.svg","width":1,"height":1,"caption":"AS Baltoil"},"image":{"@id":"https:\/\/baltoil.ee\/#\/schema\/logo\/image\/"}}]}},"_links":{"self":[{"href":"https:\/\/baltoil.ee\/lt\/wp-json\/wp\/v2\/product\/1283","targetHints":{"allow":["GET"]}}],"collection":[{"href":"https:\/\/baltoil.ee\/lt\/wp-json\/wp\/v2\/product"}],"about":[{"href":"https:\/\/baltoil.ee\/lt\/wp-json\/wp\/v2\/types\/product"}],"wp:featuredmedia":[{"embeddable":true,"href":"https:\/\/baltoil.ee\/lt\/wp-json\/wp\/v2\/media\/2666"}],"wp:attachment":[{"href":"https:\/\/baltoil.ee\/lt\/wp-json\/wp\/v2\/media?parent=1283"}],"wp:term":[{"taxonomy":"product_brand","embeddable":true,"href":"https:\/\/baltoil.ee\/lt\/wp-json\/wp\/v2\/product_brand?post=1283"},{"taxonomy":"product_cat","embeddable":true,"href":"https:\/\/baltoil.ee\/lt\/wp-json\/wp\/v2\/product_cat?post=1283"},{"taxonomy":"product_tag","embeddable":true,"href":"https:\/\/baltoil.ee\/lt\/wp-json\/wp\/v2\/product_tag?post=1283"}],"curies":[{"name":"wp","href":"https:\/\/api.w.org\/{rel}","templated":true}]}}