{"id":1233,"date":"2019-09-18T13:29:27","date_gmt":"2019-09-18T13:29:27","guid":{"rendered":"https:\/\/dev.baltoil.ee\/?post_type=product&#038;p=1233"},"modified":"2020-05-15T10:28:57","modified_gmt":"2020-05-15T10:28:57","slug":"grasshopper-niiduk-900d","status":"publish","type":"product","link":"https:\/\/baltoil.ee\/lt\/toode\/grasshopper-niiduk-900d\/","title":{"rendered":"900D"},"content":{"rendered":"<input class=\"fooboxshare_post_id\" type=\"hidden\" value=\"1233\"\/>","protected":false},"excerpt":{"rendered":"<p>Grasshopper 900D niiduk niidab madala FrontMount\u2122 l\u00f5ikeorganiga lihtsalt takistuste \u00fcmbert ja alt, kiirendades l\u00f5ikust ja k\u00f5rvaldades aegan\u00f5udva teise kordse t\u00e4ppisl\u00f5ikuse. FrontMount\u2122 mudelid on v\u00f5imelised s\u00e4\u00e4stma k\u00fctust, kasutades t\u00f6\u00f6riistu\/lisasid ja v\u00e4hendades erinevate masinate \u00fclalpidamiskulusid.<\/p>\n<p>PowerFold\u00ae \u2013 l\u00f5ikeorgani t\u00f5stja ja k\u00f5rguse elektriline reguleerimine v\u00f5imaldab treileril ruumi kokku hoida ja lihtsustab puhastamist.<\/p>\n<p>T-Drive\u2122 ja AntiVibe Power Platform\u2122 suunavad rohkem j\u00f5udu l\u00f5ikeorganile ning isoleerib veermiku ja mootori juhiistmest luues enneolematu vibratsioonivaba kogemuse.<\/p>\n<p>Saadaval 155 \/180 cm l\u00f5ikeorganiga, k\u00fclg-, <a href=\"https:\/\/baltoil.ee\/toode\/esiasetuse-tahavaljavise\/\">tahav\u00e4ljaviskega<\/a>, <a href=\"https:\/\/baltoil.ee\/toode\/grasshopper-down-discharge-mulching\/\">mult\u0161eriga<\/a> v\u00f5i <a href=\"https:\/\/baltoil.ee\/toode\/grasshopper-powervac-kogujad\/\">kogujaga<\/a>.<\/p>\n<p>Garantii 3 aastat.<\/p>\n<p><a href=\"https:\/\/baltoil.ee\/wp-content\/uploads\/2019\/09\/Grasshopper-900D-61_72_2020_Tooteleht.pdf\" target=\"_blank\" rel=\"noopener noreferrer\">Tooteleht<\/a><\/p>\n<p><a href=\"https:\/\/www.grasshoppermower.com\/mowers\/frontmount\/900d\/\" target=\"_blank\" rel=\"noopener noreferrer\">Tootja koduleht<\/a><\/p>\n[embed]https:\/\/vimeo.com\/254943648[\/embed]\n","protected":false},"featured_media":1234,"template":"","meta":{"_acf_changed":false},"product_brand":[],"product_cat":[58],"product_tag":[131,130,132],"class_list":{"0":"post-1233","1":"product","2":"type-product","3":"status-publish","4":"has-post-thumbnail","6":"product_cat-esiasetusega-niidukid","7":"product_tag-esiasetusega","8":"product_tag-grasshopper","9":"product_tag-niiduk","11":"first","12":"instock","13":"shipping-taxable","14":"product-type-simple"},"acf":[],"yoast_head":"<!-- This site is optimized with the Yoast SEO plugin v27.3 - https:\/\/yoast.com\/product\/yoast-seo-wordpress\/ -->\n<title>Grasshopper 900D nullp\u00f6\u00f6rderaadiusega niiduk - Baltoil<\/title>\n<meta name=\"description\" content=\"Suure l\u00f5ikev\u00f5imsusega ja vastupidav Grasshopper niiduk. Pikad hooldusv\u00e4lbad tagavad masinale maksimaalse kasutuse ja lai lisavarustuse valik.\" \/>\n<meta name=\"robots\" content=\"index, follow, max-snippet:-1, max-image-preview:large, max-video-preview:-1\" \/>\n<link rel=\"canonical\" href=\"https:\/\/baltoil.ee\/toode\/grasshopper-niiduk-900d\/\" \/>\n<meta property=\"og:locale\" content=\"lt_LT\" \/>\n<meta property=\"og:type\" content=\"article\" \/>\n<meta property=\"og:title\" content=\"Grasshopper 900D nullp\u00f6\u00f6rderaadiusega niiduk - Baltoil\" \/>\n<meta property=\"og:description\" content=\"Suure l\u00f5ikev\u00f5imsusega ja vastupidav Grasshopper niiduk. Pikad hooldusv\u00e4lbad tagavad masinale maksimaalse kasutuse ja lai lisavarustuse valik.\" \/>\n<meta property=\"og:url\" content=\"https:\/\/baltoil.ee\/toode\/grasshopper-niiduk-900d\/\" \/>\n<meta property=\"og:site_name\" content=\"Baltoil\" \/>\n<meta property=\"article:modified_time\" content=\"2020-05-15T10:28:57+00:00\" \/>\n<meta property=\"og:image\" content=\"https:\/\/baltoil.ee\/wp-content\/uploads\/2019\/09\/900D-1.3L-Masked_gh00033.jpg\" \/>\n\t<meta property=\"og:image:width\" content=\"1064\" \/>\n\t<meta property=\"og:image:height\" content=\"708\" \/>\n\t<meta property=\"og:image:type\" content=\"image\/jpeg\" \/>\n<meta name=\"twitter:card\" content=\"summary_large_image\" \/>\n<script type=\"application\/ld+json\" class=\"yoast-schema-graph\">{\"@context\":\"https:\\\/\\\/schema.org\",\"@graph\":[{\"@type\":\"WebPage\",\"@id\":\"https:\\\/\\\/baltoil.ee\\\/toode\\\/grasshopper-niiduk-900d\\\/\",\"url\":\"https:\\\/\\\/baltoil.ee\\\/toode\\\/grasshopper-niiduk-900d\\\/\",\"name\":\"Grasshopper 900D nullp\u00f6\u00f6rderaadiusega niiduk - Baltoil\",\"isPartOf\":{\"@id\":\"https:\\\/\\\/baltoil.ee\\\/#website\"},\"primaryImageOfPage\":{\"@id\":\"https:\\\/\\\/baltoil.ee\\\/toode\\\/grasshopper-niiduk-900d\\\/#primaryimage\"},\"image\":{\"@id\":\"https:\\\/\\\/baltoil.ee\\\/toode\\\/grasshopper-niiduk-900d\\\/#primaryimage\"},\"thumbnailUrl\":\"https:\\\/\\\/baltoil.ee\\\/wp-content\\\/uploads\\\/2019\\\/09\\\/900D-1.3L-Masked_gh00033.jpg\",\"datePublished\":\"2019-09-18T13:29:27+00:00\",\"dateModified\":\"2020-05-15T10:28:57+00:00\",\"description\":\"Suure l\u00f5ikev\u00f5imsusega ja vastupidav Grasshopper niiduk. Pikad hooldusv\u00e4lbad tagavad masinale maksimaalse kasutuse ja lai lisavarustuse valik.\",\"breadcrumb\":{\"@id\":\"https:\\\/\\\/baltoil.ee\\\/toode\\\/grasshopper-niiduk-900d\\\/#breadcrumb\"},\"inLanguage\":\"lt-LT\",\"potentialAction\":[{\"@type\":\"ReadAction\",\"target\":[\"https:\\\/\\\/baltoil.ee\\\/toode\\\/grasshopper-niiduk-900d\\\/\"]}]},{\"@type\":\"ImageObject\",\"inLanguage\":\"lt-LT\",\"@id\":\"https:\\\/\\\/baltoil.ee\\\/toode\\\/grasshopper-niiduk-900d\\\/#primaryimage\",\"url\":\"https:\\\/\\\/baltoil.ee\\\/wp-content\\\/uploads\\\/2019\\\/09\\\/900D-1.3L-Masked_gh00033.jpg\",\"contentUrl\":\"https:\\\/\\\/baltoil.ee\\\/wp-content\\\/uploads\\\/2019\\\/09\\\/900D-1.3L-Masked_gh00033.jpg\",\"width\":1064,\"height\":708},{\"@type\":\"BreadcrumbList\",\"@id\":\"https:\\\/\\\/baltoil.ee\\\/toode\\\/grasshopper-niiduk-900d\\\/#breadcrumb\",\"itemListElement\":[{\"@type\":\"ListItem\",\"position\":1,\"name\":\"Home\",\"item\":\"https:\\\/\\\/baltoil.ee\\\/lt\\\/\"},{\"@type\":\"ListItem\",\"position\":2,\"name\":\"Tooted\",\"item\":\"https:\\\/\\\/baltoil.ee\\\/tooted\\\/\"},{\"@type\":\"ListItem\",\"position\":3,\"name\":\"900D\"}]},{\"@type\":\"WebSite\",\"@id\":\"https:\\\/\\\/baltoil.ee\\\/#website\",\"url\":\"https:\\\/\\\/baltoil.ee\\\/\",\"name\":\"Baltoil\",\"description\":\"\",\"publisher\":{\"@id\":\"https:\\\/\\\/baltoil.ee\\\/#organization\"},\"potentialAction\":[{\"@type\":\"SearchAction\",\"target\":{\"@type\":\"EntryPoint\",\"urlTemplate\":\"https:\\\/\\\/baltoil.ee\\\/?s={search_term_string}\"},\"query-input\":{\"@type\":\"PropertyValueSpecification\",\"valueRequired\":true,\"valueName\":\"search_term_string\"}}],\"inLanguage\":\"lt-LT\"},{\"@type\":\"Organization\",\"@id\":\"https:\\\/\\\/baltoil.ee\\\/#organization\",\"name\":\"AS Baltoil\",\"url\":\"https:\\\/\\\/baltoil.ee\\\/\",\"logo\":{\"@type\":\"ImageObject\",\"inLanguage\":\"lt-LT\",\"@id\":\"https:\\\/\\\/baltoil.ee\\\/#\\\/schema\\\/logo\\\/image\\\/\",\"url\":\"https:\\\/\\\/baltoil.ee\\\/wp-content\\\/uploads\\\/2020\\\/04\\\/baltoil_logo.svg\",\"contentUrl\":\"https:\\\/\\\/baltoil.ee\\\/wp-content\\\/uploads\\\/2020\\\/04\\\/baltoil_logo.svg\",\"width\":1,\"height\":1,\"caption\":\"AS Baltoil\"},\"image\":{\"@id\":\"https:\\\/\\\/baltoil.ee\\\/#\\\/schema\\\/logo\\\/image\\\/\"}}]}<\/script>\n<!-- \/ Yoast SEO plugin. -->","yoast_head_json":{"title":"Grasshopper 900D nullp\u00f6\u00f6rderaadiusega niiduk - Baltoil","description":"Suure l\u00f5ikev\u00f5imsusega ja vastupidav Grasshopper niiduk. Pikad hooldusv\u00e4lbad tagavad masinale maksimaalse kasutuse ja lai lisavarustuse valik.","robots":{"index":"index","follow":"follow","max-snippet":"max-snippet:-1","max-image-preview":"max-image-preview:large","max-video-preview":"max-video-preview:-1"},"canonical":"https:\/\/baltoil.ee\/toode\/grasshopper-niiduk-900d\/","og_locale":"lt_LT","og_type":"article","og_title":"Grasshopper 900D nullp\u00f6\u00f6rderaadiusega niiduk - Baltoil","og_description":"Suure l\u00f5ikev\u00f5imsusega ja vastupidav Grasshopper niiduk. Pikad hooldusv\u00e4lbad tagavad masinale maksimaalse kasutuse ja lai lisavarustuse valik.","og_url":"https:\/\/baltoil.ee\/toode\/grasshopper-niiduk-900d\/","og_site_name":"Baltoil","article_modified_time":"2020-05-15T10:28:57+00:00","og_image":[{"width":1064,"height":708,"url":"https:\/\/baltoil.ee\/wp-content\/uploads\/2019\/09\/900D-1.3L-Masked_gh00033.jpg","type":"image\/jpeg"}],"twitter_card":"summary_large_image","schema":{"@context":"https:\/\/schema.org","@graph":[{"@type":"WebPage","@id":"https:\/\/baltoil.ee\/toode\/grasshopper-niiduk-900d\/","url":"https:\/\/baltoil.ee\/toode\/grasshopper-niiduk-900d\/","name":"Grasshopper 900D nullp\u00f6\u00f6rderaadiusega niiduk - Baltoil","isPartOf":{"@id":"https:\/\/baltoil.ee\/#website"},"primaryImageOfPage":{"@id":"https:\/\/baltoil.ee\/toode\/grasshopper-niiduk-900d\/#primaryimage"},"image":{"@id":"https:\/\/baltoil.ee\/toode\/grasshopper-niiduk-900d\/#primaryimage"},"thumbnailUrl":"https:\/\/baltoil.ee\/wp-content\/uploads\/2019\/09\/900D-1.3L-Masked_gh00033.jpg","datePublished":"2019-09-18T13:29:27+00:00","dateModified":"2020-05-15T10:28:57+00:00","description":"Suure l\u00f5ikev\u00f5imsusega ja vastupidav Grasshopper niiduk. Pikad hooldusv\u00e4lbad tagavad masinale maksimaalse kasutuse ja lai lisavarustuse valik.","breadcrumb":{"@id":"https:\/\/baltoil.ee\/toode\/grasshopper-niiduk-900d\/#breadcrumb"},"inLanguage":"lt-LT","potentialAction":[{"@type":"ReadAction","target":["https:\/\/baltoil.ee\/toode\/grasshopper-niiduk-900d\/"]}]},{"@type":"ImageObject","inLanguage":"lt-LT","@id":"https:\/\/baltoil.ee\/toode\/grasshopper-niiduk-900d\/#primaryimage","url":"https:\/\/baltoil.ee\/wp-content\/uploads\/2019\/09\/900D-1.3L-Masked_gh00033.jpg","contentUrl":"https:\/\/baltoil.ee\/wp-content\/uploads\/2019\/09\/900D-1.3L-Masked_gh00033.jpg","width":1064,"height":708},{"@type":"BreadcrumbList","@id":"https:\/\/baltoil.ee\/toode\/grasshopper-niiduk-900d\/#breadcrumb","itemListElement":[{"@type":"ListItem","position":1,"name":"Home","item":"https:\/\/baltoil.ee\/lt\/"},{"@type":"ListItem","position":2,"name":"Tooted","item":"https:\/\/baltoil.ee\/tooted\/"},{"@type":"ListItem","position":3,"name":"900D"}]},{"@type":"WebSite","@id":"https:\/\/baltoil.ee\/#website","url":"https:\/\/baltoil.ee\/","name":"Baltoil","description":"","publisher":{"@id":"https:\/\/baltoil.ee\/#organization"},"potentialAction":[{"@type":"SearchAction","target":{"@type":"EntryPoint","urlTemplate":"https:\/\/baltoil.ee\/?s={search_term_string}"},"query-input":{"@type":"PropertyValueSpecification","valueRequired":true,"valueName":"search_term_string"}}],"inLanguage":"lt-LT"},{"@type":"Organization","@id":"https:\/\/baltoil.ee\/#organization","name":"AS Baltoil","url":"https:\/\/baltoil.ee\/","logo":{"@type":"ImageObject","inLanguage":"lt-LT","@id":"https:\/\/baltoil.ee\/#\/schema\/logo\/image\/","url":"https:\/\/baltoil.ee\/wp-content\/uploads\/2020\/04\/baltoil_logo.svg","contentUrl":"https:\/\/baltoil.ee\/wp-content\/uploads\/2020\/04\/baltoil_logo.svg","width":1,"height":1,"caption":"AS Baltoil"},"image":{"@id":"https:\/\/baltoil.ee\/#\/schema\/logo\/image\/"}}]}},"_links":{"self":[{"href":"https:\/\/baltoil.ee\/lt\/wp-json\/wp\/v2\/product\/1233","targetHints":{"allow":["GET"]}}],"collection":[{"href":"https:\/\/baltoil.ee\/lt\/wp-json\/wp\/v2\/product"}],"about":[{"href":"https:\/\/baltoil.ee\/lt\/wp-json\/wp\/v2\/types\/product"}],"wp:featuredmedia":[{"embeddable":true,"href":"https:\/\/baltoil.ee\/lt\/wp-json\/wp\/v2\/media\/1234"}],"wp:attachment":[{"href":"https:\/\/baltoil.ee\/lt\/wp-json\/wp\/v2\/media?parent=1233"}],"wp:term":[{"taxonomy":"product_brand","embeddable":true,"href":"https:\/\/baltoil.ee\/lt\/wp-json\/wp\/v2\/product_brand?post=1233"},{"taxonomy":"product_cat","embeddable":true,"href":"https:\/\/baltoil.ee\/lt\/wp-json\/wp\/v2\/product_cat?post=1233"},{"taxonomy":"product_tag","embeddable":true,"href":"https:\/\/baltoil.ee\/lt\/wp-json\/wp\/v2\/product_tag?post=1233"}],"curies":[{"name":"wp","href":"https:\/\/api.w.org\/{rel}","templated":true}]}}