{"id":1219,"date":"2019-09-18T10:35:15","date_gmt":"2019-09-18T10:35:15","guid":{"rendered":"https:\/\/dev.baltoil.ee\/?post_type=product&#038;p=1219"},"modified":"2019-11-11T13:52:40","modified_gmt":"2019-11-11T13:52:40","slug":"atl","status":"publish","type":"product","link":"https:\/\/baltoil.ee\/lt\/toode\/atl\/","title":{"rendered":"ATL"},"content":{"rendered":"<input class=\"fooboxshare_post_id\" type=\"hidden\" value=\"1219\"\/>","protected":false},"excerpt":{"rendered":"<p>Pneumaatiliste seadmete m\u00e4\u00e4rdeained.<\/p>\n<p>Suru\u00f5huseadmete puhastamiseks, m\u00e4\u00e4rimiseks ja kaitsmiseks korrosiooni ning mustuse eest.<\/p>\n<p>Maksimeerib v\u00f5imsuse! ATL-m\u00e4\u00e4rdeaine aitab t\u00f6\u00f6riistadel t\u00f6\u00f6tada maksimaalse v\u00f5imsusega.<\/p>\n<p><strong>Toote eelised:<\/strong><\/p>\n<ul>\n<li>Vastupidav kaitse kulumise vastu<\/li>\n<li>V\u00e4hendab h\u00f5\u00f5rdumist<\/li>\n<li>Hoiab \u00fcleval suru\u00f5huseadmete t\u00f6\u00f6d ja pikendab nende kasutusiga<\/li>\n<li>Kaitseb korrosiooni eest<\/li>\n<li>Ei sisalda lahusteid<\/li>\n<\/ul>\n<p><strong><br \/>\nKasutuskohad:<\/strong><\/p>\n<ul>\n<li>Suru\u00f5huseadmed ja -t\u00f6\u00f6riistad<\/li>\n<li>Veokite piduris\u00fcsteemid<\/li>\n<li>Kompressorid<\/li>\n<\/ul>\n","protected":false},"featured_media":1220,"template":"","meta":{"_acf_changed":false},"product_brand":[],"product_cat":[112],"product_tag":[125,117,128,127,114,113],"class_list":{"0":"post-1219","1":"product","2":"type-product","3":"status-publish","4":"has-post-thumbnail","6":"product_cat-tooted-x1r","7":"product_tag-maardeaine","8":"product_tag-maare","9":"product_tag-pneumaatilised-seadmed","10":"product_tag-pneumaatilised-tooriistad","11":"product_tag-x-1r","12":"product_tag-x1r","14":"first","15":"instock","16":"shipping-taxable","17":"product-type-simple"},"acf":[],"yoast_head":"<!-- This site is optimized with the Yoast SEO plugin v27.3 - https:\/\/yoast.com\/product\/yoast-seo-wordpress\/ -->\n<title>ATL - Air Tool Lube - X-1R - Baltoil<\/title>\n<meta name=\"description\" content=\"Suru\u00f5hu-seadmete puhastamiseks, m\u00e4\u00e4rimiseks ja kaitsmiseks korrosiooni ning mustuse eest. ATL-m\u00e4\u00e4rdeaine aitab t\u00f6\u00f6riistadel t\u00f6\u00f6tada maksimaalse v\u00f5imsusega\" \/>\n<meta name=\"robots\" content=\"index, follow, max-snippet:-1, max-image-preview:large, max-video-preview:-1\" \/>\n<link rel=\"canonical\" href=\"https:\/\/baltoil.ee\/en\/toode\/atl\/\" \/>\n<meta property=\"og:locale\" content=\"lt_LT\" \/>\n<meta property=\"og:type\" content=\"article\" \/>\n<meta property=\"og:title\" content=\"ATL - Air Tool Lube - X-1R - Baltoil\" \/>\n<meta property=\"og:description\" content=\"Suru\u00f5hu-seadmete puhastamiseks, m\u00e4\u00e4rimiseks ja kaitsmiseks korrosiooni ning mustuse eest. ATL-m\u00e4\u00e4rdeaine aitab t\u00f6\u00f6riistadel t\u00f6\u00f6tada maksimaalse v\u00f5imsusega\" \/>\n<meta property=\"og:url\" content=\"https:\/\/baltoil.ee\/en\/toode\/atl\/\" \/>\n<meta property=\"og:site_name\" content=\"Baltoil\" \/>\n<meta property=\"article:modified_time\" content=\"2019-11-11T13:52:40+00:00\" \/>\n<meta property=\"og:image\" content=\"https:\/\/baltoil.ee\/wp-content\/uploads\/2019\/09\/ATL-025-L.jpg\" \/>\n\t<meta property=\"og:image:width\" content=\"400\" \/>\n\t<meta property=\"og:image:height\" content=\"700\" \/>\n\t<meta property=\"og:image:type\" content=\"image\/jpeg\" \/>\n<meta name=\"twitter:card\" content=\"summary_large_image\" \/>\n<script type=\"application\/ld+json\" class=\"yoast-schema-graph\">{\"@context\":\"https:\\\/\\\/schema.org\",\"@graph\":[{\"@type\":\"WebPage\",\"@id\":\"https:\\\/\\\/baltoil.ee\\\/en\\\/toode\\\/atl\\\/\",\"url\":\"https:\\\/\\\/baltoil.ee\\\/en\\\/toode\\\/atl\\\/\",\"name\":\"ATL - Air Tool Lube - X-1R - Baltoil\",\"isPartOf\":{\"@id\":\"https:\\\/\\\/baltoil.ee\\\/#website\"},\"primaryImageOfPage\":{\"@id\":\"https:\\\/\\\/baltoil.ee\\\/en\\\/toode\\\/atl\\\/#primaryimage\"},\"image\":{\"@id\":\"https:\\\/\\\/baltoil.ee\\\/en\\\/toode\\\/atl\\\/#primaryimage\"},\"thumbnailUrl\":\"https:\\\/\\\/baltoil.ee\\\/wp-content\\\/uploads\\\/2019\\\/09\\\/ATL-025-L.jpg\",\"datePublished\":\"2019-09-18T10:35:15+00:00\",\"dateModified\":\"2019-11-11T13:52:40+00:00\",\"description\":\"Suru\u00f5hu-seadmete puhastamiseks, m\u00e4\u00e4rimiseks ja kaitsmiseks korrosiooni ning mustuse eest. ATL-m\u00e4\u00e4rdeaine aitab t\u00f6\u00f6riistadel t\u00f6\u00f6tada maksimaalse v\u00f5imsusega\",\"breadcrumb\":{\"@id\":\"https:\\\/\\\/baltoil.ee\\\/en\\\/toode\\\/atl\\\/#breadcrumb\"},\"inLanguage\":\"lt-LT\",\"potentialAction\":[{\"@type\":\"ReadAction\",\"target\":[\"https:\\\/\\\/baltoil.ee\\\/en\\\/toode\\\/atl\\\/\"]}]},{\"@type\":\"ImageObject\",\"inLanguage\":\"lt-LT\",\"@id\":\"https:\\\/\\\/baltoil.ee\\\/en\\\/toode\\\/atl\\\/#primaryimage\",\"url\":\"https:\\\/\\\/baltoil.ee\\\/wp-content\\\/uploads\\\/2019\\\/09\\\/ATL-025-L.jpg\",\"contentUrl\":\"https:\\\/\\\/baltoil.ee\\\/wp-content\\\/uploads\\\/2019\\\/09\\\/ATL-025-L.jpg\",\"width\":400,\"height\":700},{\"@type\":\"BreadcrumbList\",\"@id\":\"https:\\\/\\\/baltoil.ee\\\/en\\\/toode\\\/atl\\\/#breadcrumb\",\"itemListElement\":[{\"@type\":\"ListItem\",\"position\":1,\"name\":\"Home\",\"item\":\"https:\\\/\\\/baltoil.ee\\\/lt\\\/\"},{\"@type\":\"ListItem\",\"position\":2,\"name\":\"Tooted\",\"item\":\"https:\\\/\\\/baltoil.ee\\\/tooted\\\/\"},{\"@type\":\"ListItem\",\"position\":3,\"name\":\"ATL\"}]},{\"@type\":\"WebSite\",\"@id\":\"https:\\\/\\\/baltoil.ee\\\/#website\",\"url\":\"https:\\\/\\\/baltoil.ee\\\/\",\"name\":\"Baltoil\",\"description\":\"\",\"publisher\":{\"@id\":\"https:\\\/\\\/baltoil.ee\\\/#organization\"},\"potentialAction\":[{\"@type\":\"SearchAction\",\"target\":{\"@type\":\"EntryPoint\",\"urlTemplate\":\"https:\\\/\\\/baltoil.ee\\\/?s={search_term_string}\"},\"query-input\":{\"@type\":\"PropertyValueSpecification\",\"valueRequired\":true,\"valueName\":\"search_term_string\"}}],\"inLanguage\":\"lt-LT\"},{\"@type\":\"Organization\",\"@id\":\"https:\\\/\\\/baltoil.ee\\\/#organization\",\"name\":\"AS Baltoil\",\"url\":\"https:\\\/\\\/baltoil.ee\\\/\",\"logo\":{\"@type\":\"ImageObject\",\"inLanguage\":\"lt-LT\",\"@id\":\"https:\\\/\\\/baltoil.ee\\\/#\\\/schema\\\/logo\\\/image\\\/\",\"url\":\"https:\\\/\\\/baltoil.ee\\\/wp-content\\\/uploads\\\/2020\\\/04\\\/baltoil_logo.svg\",\"contentUrl\":\"https:\\\/\\\/baltoil.ee\\\/wp-content\\\/uploads\\\/2020\\\/04\\\/baltoil_logo.svg\",\"width\":1,\"height\":1,\"caption\":\"AS Baltoil\"},\"image\":{\"@id\":\"https:\\\/\\\/baltoil.ee\\\/#\\\/schema\\\/logo\\\/image\\\/\"}}]}<\/script>\n<!-- \/ Yoast SEO plugin. -->","yoast_head_json":{"title":"ATL - Air Tool Lube - X-1R - Baltoil","description":"Suru\u00f5hu-seadmete puhastamiseks, m\u00e4\u00e4rimiseks ja kaitsmiseks korrosiooni ning mustuse eest. ATL-m\u00e4\u00e4rdeaine aitab t\u00f6\u00f6riistadel t\u00f6\u00f6tada maksimaalse v\u00f5imsusega","robots":{"index":"index","follow":"follow","max-snippet":"max-snippet:-1","max-image-preview":"max-image-preview:large","max-video-preview":"max-video-preview:-1"},"canonical":"https:\/\/baltoil.ee\/en\/toode\/atl\/","og_locale":"lt_LT","og_type":"article","og_title":"ATL - Air Tool Lube - X-1R - Baltoil","og_description":"Suru\u00f5hu-seadmete puhastamiseks, m\u00e4\u00e4rimiseks ja kaitsmiseks korrosiooni ning mustuse eest. ATL-m\u00e4\u00e4rdeaine aitab t\u00f6\u00f6riistadel t\u00f6\u00f6tada maksimaalse v\u00f5imsusega","og_url":"https:\/\/baltoil.ee\/en\/toode\/atl\/","og_site_name":"Baltoil","article_modified_time":"2019-11-11T13:52:40+00:00","og_image":[{"width":400,"height":700,"url":"https:\/\/baltoil.ee\/wp-content\/uploads\/2019\/09\/ATL-025-L.jpg","type":"image\/jpeg"}],"twitter_card":"summary_large_image","schema":{"@context":"https:\/\/schema.org","@graph":[{"@type":"WebPage","@id":"https:\/\/baltoil.ee\/en\/toode\/atl\/","url":"https:\/\/baltoil.ee\/en\/toode\/atl\/","name":"ATL - Air Tool Lube - X-1R - Baltoil","isPartOf":{"@id":"https:\/\/baltoil.ee\/#website"},"primaryImageOfPage":{"@id":"https:\/\/baltoil.ee\/en\/toode\/atl\/#primaryimage"},"image":{"@id":"https:\/\/baltoil.ee\/en\/toode\/atl\/#primaryimage"},"thumbnailUrl":"https:\/\/baltoil.ee\/wp-content\/uploads\/2019\/09\/ATL-025-L.jpg","datePublished":"2019-09-18T10:35:15+00:00","dateModified":"2019-11-11T13:52:40+00:00","description":"Suru\u00f5hu-seadmete puhastamiseks, m\u00e4\u00e4rimiseks ja kaitsmiseks korrosiooni ning mustuse eest. ATL-m\u00e4\u00e4rdeaine aitab t\u00f6\u00f6riistadel t\u00f6\u00f6tada maksimaalse v\u00f5imsusega","breadcrumb":{"@id":"https:\/\/baltoil.ee\/en\/toode\/atl\/#breadcrumb"},"inLanguage":"lt-LT","potentialAction":[{"@type":"ReadAction","target":["https:\/\/baltoil.ee\/en\/toode\/atl\/"]}]},{"@type":"ImageObject","inLanguage":"lt-LT","@id":"https:\/\/baltoil.ee\/en\/toode\/atl\/#primaryimage","url":"https:\/\/baltoil.ee\/wp-content\/uploads\/2019\/09\/ATL-025-L.jpg","contentUrl":"https:\/\/baltoil.ee\/wp-content\/uploads\/2019\/09\/ATL-025-L.jpg","width":400,"height":700},{"@type":"BreadcrumbList","@id":"https:\/\/baltoil.ee\/en\/toode\/atl\/#breadcrumb","itemListElement":[{"@type":"ListItem","position":1,"name":"Home","item":"https:\/\/baltoil.ee\/lt\/"},{"@type":"ListItem","position":2,"name":"Tooted","item":"https:\/\/baltoil.ee\/tooted\/"},{"@type":"ListItem","position":3,"name":"ATL"}]},{"@type":"WebSite","@id":"https:\/\/baltoil.ee\/#website","url":"https:\/\/baltoil.ee\/","name":"Baltoil","description":"","publisher":{"@id":"https:\/\/baltoil.ee\/#organization"},"potentialAction":[{"@type":"SearchAction","target":{"@type":"EntryPoint","urlTemplate":"https:\/\/baltoil.ee\/?s={search_term_string}"},"query-input":{"@type":"PropertyValueSpecification","valueRequired":true,"valueName":"search_term_string"}}],"inLanguage":"lt-LT"},{"@type":"Organization","@id":"https:\/\/baltoil.ee\/#organization","name":"AS Baltoil","url":"https:\/\/baltoil.ee\/","logo":{"@type":"ImageObject","inLanguage":"lt-LT","@id":"https:\/\/baltoil.ee\/#\/schema\/logo\/image\/","url":"https:\/\/baltoil.ee\/wp-content\/uploads\/2020\/04\/baltoil_logo.svg","contentUrl":"https:\/\/baltoil.ee\/wp-content\/uploads\/2020\/04\/baltoil_logo.svg","width":1,"height":1,"caption":"AS Baltoil"},"image":{"@id":"https:\/\/baltoil.ee\/#\/schema\/logo\/image\/"}}]}},"_links":{"self":[{"href":"https:\/\/baltoil.ee\/lt\/wp-json\/wp\/v2\/product\/1219","targetHints":{"allow":["GET"]}}],"collection":[{"href":"https:\/\/baltoil.ee\/lt\/wp-json\/wp\/v2\/product"}],"about":[{"href":"https:\/\/baltoil.ee\/lt\/wp-json\/wp\/v2\/types\/product"}],"wp:featuredmedia":[{"embeddable":true,"href":"https:\/\/baltoil.ee\/lt\/wp-json\/wp\/v2\/media\/1220"}],"wp:attachment":[{"href":"https:\/\/baltoil.ee\/lt\/wp-json\/wp\/v2\/media?parent=1219"}],"wp:term":[{"taxonomy":"product_brand","embeddable":true,"href":"https:\/\/baltoil.ee\/lt\/wp-json\/wp\/v2\/product_brand?post=1219"},{"taxonomy":"product_cat","embeddable":true,"href":"https:\/\/baltoil.ee\/lt\/wp-json\/wp\/v2\/product_cat?post=1219"},{"taxonomy":"product_tag","embeddable":true,"href":"https:\/\/baltoil.ee\/lt\/wp-json\/wp\/v2\/product_tag?post=1219"}],"curies":[{"name":"wp","href":"https:\/\/api.w.org\/{rel}","templated":true}]}}