{"id":1210,"date":"2019-09-18T10:26:19","date_gmt":"2019-09-18T10:26:19","guid":{"rendered":"https:\/\/dev.baltoil.ee\/?post_type=product&#038;p=1210"},"modified":"2019-11-12T08:33:52","modified_gmt":"2019-11-12T08:33:52","slug":"psl","status":"publish","type":"product","link":"https:\/\/baltoil.ee\/lt\/toode\/psl\/","title":{"rendered":"PSL"},"content":{"rendered":"<input class=\"fooboxshare_post_id\" type=\"hidden\" value=\"1210\"\/>","protected":false},"excerpt":{"rendered":"<p>Tugeva tungimisv\u00f5imega mitmek\u00fclgne m\u00e4\u00e4rdeaine majapidamises, t\u00f6\u00f6stuses ja t\u00f6\u00f6kojas kasutamiseks. Vabastab roostetanud poldid ja mutrid. Sobib ka elektriseadmetele.<\/p>\n<p>Toote eelised:<\/p>\n<ul>\n<li>Ei juhi elektrit! Turvaline elektrikomponentide hooldamisel<\/li>\n<li>Vabastab roostetanud poldid ja mutrid<\/li>\n<li>Hea tungimisv\u00f5imega<\/li>\n<li>H\u00fclgab vett<\/li>\n<li>Sobib ka plastile ja kummile<\/li>\n<li>Puhastab<\/li>\n<li>K\u00f5rge leekpunktiga<\/li>\n<\/ul>\n<p>Kasutuskohad:<\/p>\n<ul>\n<li>Mitmek\u00fclgseks m\u00e4\u00e4rimiseks<\/li>\n<li>T\u00f6\u00f6pingid<\/li>\n<li>K\u00f5ik liugmehhanismid<\/li>\n<li>Lukud ja hinged<\/li>\n<\/ul>\n","protected":false},"featured_media":1211,"template":"","meta":{"_acf_changed":false},"product_brand":[],"product_cat":[112],"product_tag":[125,117,114,113],"class_list":{"0":"post-1210","1":"product","2":"type-product","3":"status-publish","4":"has-post-thumbnail","6":"product_cat-tooted-x1r","7":"product_tag-maardeaine","8":"product_tag-maare","9":"product_tag-x-1r","10":"product_tag-x1r","12":"first","13":"instock","14":"shipping-taxable","15":"product-type-simple"},"acf":[],"yoast_head":"<!-- This site is optimized with the Yoast SEO plugin v27.3 - https:\/\/yoast.com\/product\/yoast-seo-wordpress\/ -->\n<title>PSL - Penetrating Spray Lube - Tungiv m\u00e4\u00e4rdeaine - X-1R - Baltoil<\/title>\n<meta name=\"description\" content=\"Hea tungimisv\u00f5imega m\u00e4\u00e4rdeaine majapidamises, t\u00f6\u00f6stuses ja t\u00f6\u00f6kojas kasutamiseks. Vabastab roostetanud poldid ja mutrid. Sobib ka elektriseadmetele.\" \/>\n<meta name=\"robots\" content=\"index, follow, max-snippet:-1, max-image-preview:large, max-video-preview:-1\" \/>\n<link rel=\"canonical\" href=\"https:\/\/baltoil.ee\/en\/toode\/psl\/\" \/>\n<meta property=\"og:locale\" content=\"lt_LT\" \/>\n<meta property=\"og:type\" content=\"article\" \/>\n<meta property=\"og:title\" content=\"PSL - Penetrating Spray Lube - Tungiv m\u00e4\u00e4rdeaine - X-1R - Baltoil\" \/>\n<meta property=\"og:description\" content=\"Hea tungimisv\u00f5imega m\u00e4\u00e4rdeaine majapidamises, t\u00f6\u00f6stuses ja t\u00f6\u00f6kojas kasutamiseks. Vabastab roostetanud poldid ja mutrid. Sobib ka elektriseadmetele.\" \/>\n<meta property=\"og:url\" content=\"https:\/\/baltoil.ee\/en\/toode\/psl\/\" \/>\n<meta property=\"og:site_name\" content=\"Baltoil\" \/>\n<meta property=\"article:modified_time\" content=\"2019-11-12T08:33:52+00:00\" \/>\n<meta property=\"og:image\" content=\"https:\/\/baltoil.ee\/wp-content\/uploads\/2019\/09\/PSL-spray-400ml-1600x1067.jpg\" \/>\n\t<meta property=\"og:image:width\" content=\"1700\" \/>\n\t<meta property=\"og:image:height\" content=\"2800\" \/>\n\t<meta property=\"og:image:type\" content=\"image\/jpeg\" \/>\n<meta name=\"twitter:card\" content=\"summary_large_image\" \/>\n<script type=\"application\/ld+json\" class=\"yoast-schema-graph\">{\"@context\":\"https:\\\/\\\/schema.org\",\"@graph\":[{\"@type\":\"WebPage\",\"@id\":\"https:\\\/\\\/baltoil.ee\\\/en\\\/toode\\\/psl\\\/\",\"url\":\"https:\\\/\\\/baltoil.ee\\\/en\\\/toode\\\/psl\\\/\",\"name\":\"PSL - Penetrating Spray Lube - Tungiv m\u00e4\u00e4rdeaine - X-1R - Baltoil\",\"isPartOf\":{\"@id\":\"https:\\\/\\\/baltoil.ee\\\/#website\"},\"primaryImageOfPage\":{\"@id\":\"https:\\\/\\\/baltoil.ee\\\/en\\\/toode\\\/psl\\\/#primaryimage\"},\"image\":{\"@id\":\"https:\\\/\\\/baltoil.ee\\\/en\\\/toode\\\/psl\\\/#primaryimage\"},\"thumbnailUrl\":\"https:\\\/\\\/baltoil.ee\\\/wp-content\\\/uploads\\\/2019\\\/09\\\/PSL-spray-400ml-1600x1067.jpg\",\"datePublished\":\"2019-09-18T10:26:19+00:00\",\"dateModified\":\"2019-11-12T08:33:52+00:00\",\"description\":\"Hea tungimisv\u00f5imega m\u00e4\u00e4rdeaine majapidamises, t\u00f6\u00f6stuses ja t\u00f6\u00f6kojas kasutamiseks. Vabastab roostetanud poldid ja mutrid. Sobib ka elektriseadmetele.\",\"breadcrumb\":{\"@id\":\"https:\\\/\\\/baltoil.ee\\\/en\\\/toode\\\/psl\\\/#breadcrumb\"},\"inLanguage\":\"lt-LT\",\"potentialAction\":[{\"@type\":\"ReadAction\",\"target\":[\"https:\\\/\\\/baltoil.ee\\\/en\\\/toode\\\/psl\\\/\"]}]},{\"@type\":\"ImageObject\",\"inLanguage\":\"lt-LT\",\"@id\":\"https:\\\/\\\/baltoil.ee\\\/en\\\/toode\\\/psl\\\/#primaryimage\",\"url\":\"https:\\\/\\\/baltoil.ee\\\/wp-content\\\/uploads\\\/2019\\\/09\\\/PSL-spray-400ml-1600x1067.jpg\",\"contentUrl\":\"https:\\\/\\\/baltoil.ee\\\/wp-content\\\/uploads\\\/2019\\\/09\\\/PSL-spray-400ml-1600x1067.jpg\",\"width\":1700,\"height\":2800},{\"@type\":\"BreadcrumbList\",\"@id\":\"https:\\\/\\\/baltoil.ee\\\/en\\\/toode\\\/psl\\\/#breadcrumb\",\"itemListElement\":[{\"@type\":\"ListItem\",\"position\":1,\"name\":\"Home\",\"item\":\"https:\\\/\\\/baltoil.ee\\\/lt\\\/\"},{\"@type\":\"ListItem\",\"position\":2,\"name\":\"Tooted\",\"item\":\"https:\\\/\\\/baltoil.ee\\\/tooted\\\/\"},{\"@type\":\"ListItem\",\"position\":3,\"name\":\"PSL\"}]},{\"@type\":\"WebSite\",\"@id\":\"https:\\\/\\\/baltoil.ee\\\/#website\",\"url\":\"https:\\\/\\\/baltoil.ee\\\/\",\"name\":\"Baltoil\",\"description\":\"\",\"publisher\":{\"@id\":\"https:\\\/\\\/baltoil.ee\\\/#organization\"},\"potentialAction\":[{\"@type\":\"SearchAction\",\"target\":{\"@type\":\"EntryPoint\",\"urlTemplate\":\"https:\\\/\\\/baltoil.ee\\\/?s={search_term_string}\"},\"query-input\":{\"@type\":\"PropertyValueSpecification\",\"valueRequired\":true,\"valueName\":\"search_term_string\"}}],\"inLanguage\":\"lt-LT\"},{\"@type\":\"Organization\",\"@id\":\"https:\\\/\\\/baltoil.ee\\\/#organization\",\"name\":\"AS Baltoil\",\"url\":\"https:\\\/\\\/baltoil.ee\\\/\",\"logo\":{\"@type\":\"ImageObject\",\"inLanguage\":\"lt-LT\",\"@id\":\"https:\\\/\\\/baltoil.ee\\\/#\\\/schema\\\/logo\\\/image\\\/\",\"url\":\"https:\\\/\\\/baltoil.ee\\\/wp-content\\\/uploads\\\/2020\\\/04\\\/baltoil_logo.svg\",\"contentUrl\":\"https:\\\/\\\/baltoil.ee\\\/wp-content\\\/uploads\\\/2020\\\/04\\\/baltoil_logo.svg\",\"width\":1,\"height\":1,\"caption\":\"AS Baltoil\"},\"image\":{\"@id\":\"https:\\\/\\\/baltoil.ee\\\/#\\\/schema\\\/logo\\\/image\\\/\"}}]}<\/script>\n<!-- \/ Yoast SEO plugin. -->","yoast_head_json":{"title":"PSL - Penetrating Spray Lube - Tungiv m\u00e4\u00e4rdeaine - X-1R - Baltoil","description":"Hea tungimisv\u00f5imega m\u00e4\u00e4rdeaine majapidamises, t\u00f6\u00f6stuses ja t\u00f6\u00f6kojas kasutamiseks. Vabastab roostetanud poldid ja mutrid. Sobib ka elektriseadmetele.","robots":{"index":"index","follow":"follow","max-snippet":"max-snippet:-1","max-image-preview":"max-image-preview:large","max-video-preview":"max-video-preview:-1"},"canonical":"https:\/\/baltoil.ee\/en\/toode\/psl\/","og_locale":"lt_LT","og_type":"article","og_title":"PSL - Penetrating Spray Lube - Tungiv m\u00e4\u00e4rdeaine - X-1R - Baltoil","og_description":"Hea tungimisv\u00f5imega m\u00e4\u00e4rdeaine majapidamises, t\u00f6\u00f6stuses ja t\u00f6\u00f6kojas kasutamiseks. Vabastab roostetanud poldid ja mutrid. Sobib ka elektriseadmetele.","og_url":"https:\/\/baltoil.ee\/en\/toode\/psl\/","og_site_name":"Baltoil","article_modified_time":"2019-11-12T08:33:52+00:00","og_image":[{"width":1700,"height":2800,"url":"https:\/\/baltoil.ee\/wp-content\/uploads\/2019\/09\/PSL-spray-400ml-1600x1067.jpg","type":"image\/jpeg"}],"twitter_card":"summary_large_image","schema":{"@context":"https:\/\/schema.org","@graph":[{"@type":"WebPage","@id":"https:\/\/baltoil.ee\/en\/toode\/psl\/","url":"https:\/\/baltoil.ee\/en\/toode\/psl\/","name":"PSL - Penetrating Spray Lube - Tungiv m\u00e4\u00e4rdeaine - X-1R - Baltoil","isPartOf":{"@id":"https:\/\/baltoil.ee\/#website"},"primaryImageOfPage":{"@id":"https:\/\/baltoil.ee\/en\/toode\/psl\/#primaryimage"},"image":{"@id":"https:\/\/baltoil.ee\/en\/toode\/psl\/#primaryimage"},"thumbnailUrl":"https:\/\/baltoil.ee\/wp-content\/uploads\/2019\/09\/PSL-spray-400ml-1600x1067.jpg","datePublished":"2019-09-18T10:26:19+00:00","dateModified":"2019-11-12T08:33:52+00:00","description":"Hea tungimisv\u00f5imega m\u00e4\u00e4rdeaine majapidamises, t\u00f6\u00f6stuses ja t\u00f6\u00f6kojas kasutamiseks. Vabastab roostetanud poldid ja mutrid. Sobib ka elektriseadmetele.","breadcrumb":{"@id":"https:\/\/baltoil.ee\/en\/toode\/psl\/#breadcrumb"},"inLanguage":"lt-LT","potentialAction":[{"@type":"ReadAction","target":["https:\/\/baltoil.ee\/en\/toode\/psl\/"]}]},{"@type":"ImageObject","inLanguage":"lt-LT","@id":"https:\/\/baltoil.ee\/en\/toode\/psl\/#primaryimage","url":"https:\/\/baltoil.ee\/wp-content\/uploads\/2019\/09\/PSL-spray-400ml-1600x1067.jpg","contentUrl":"https:\/\/baltoil.ee\/wp-content\/uploads\/2019\/09\/PSL-spray-400ml-1600x1067.jpg","width":1700,"height":2800},{"@type":"BreadcrumbList","@id":"https:\/\/baltoil.ee\/en\/toode\/psl\/#breadcrumb","itemListElement":[{"@type":"ListItem","position":1,"name":"Home","item":"https:\/\/baltoil.ee\/lt\/"},{"@type":"ListItem","position":2,"name":"Tooted","item":"https:\/\/baltoil.ee\/tooted\/"},{"@type":"ListItem","position":3,"name":"PSL"}]},{"@type":"WebSite","@id":"https:\/\/baltoil.ee\/#website","url":"https:\/\/baltoil.ee\/","name":"Baltoil","description":"","publisher":{"@id":"https:\/\/baltoil.ee\/#organization"},"potentialAction":[{"@type":"SearchAction","target":{"@type":"EntryPoint","urlTemplate":"https:\/\/baltoil.ee\/?s={search_term_string}"},"query-input":{"@type":"PropertyValueSpecification","valueRequired":true,"valueName":"search_term_string"}}],"inLanguage":"lt-LT"},{"@type":"Organization","@id":"https:\/\/baltoil.ee\/#organization","name":"AS Baltoil","url":"https:\/\/baltoil.ee\/","logo":{"@type":"ImageObject","inLanguage":"lt-LT","@id":"https:\/\/baltoil.ee\/#\/schema\/logo\/image\/","url":"https:\/\/baltoil.ee\/wp-content\/uploads\/2020\/04\/baltoil_logo.svg","contentUrl":"https:\/\/baltoil.ee\/wp-content\/uploads\/2020\/04\/baltoil_logo.svg","width":1,"height":1,"caption":"AS Baltoil"},"image":{"@id":"https:\/\/baltoil.ee\/#\/schema\/logo\/image\/"}}]}},"_links":{"self":[{"href":"https:\/\/baltoil.ee\/lt\/wp-json\/wp\/v2\/product\/1210","targetHints":{"allow":["GET"]}}],"collection":[{"href":"https:\/\/baltoil.ee\/lt\/wp-json\/wp\/v2\/product"}],"about":[{"href":"https:\/\/baltoil.ee\/lt\/wp-json\/wp\/v2\/types\/product"}],"wp:featuredmedia":[{"embeddable":true,"href":"https:\/\/baltoil.ee\/lt\/wp-json\/wp\/v2\/media\/1211"}],"wp:attachment":[{"href":"https:\/\/baltoil.ee\/lt\/wp-json\/wp\/v2\/media?parent=1210"}],"wp:term":[{"taxonomy":"product_brand","embeddable":true,"href":"https:\/\/baltoil.ee\/lt\/wp-json\/wp\/v2\/product_brand?post=1210"},{"taxonomy":"product_cat","embeddable":true,"href":"https:\/\/baltoil.ee\/lt\/wp-json\/wp\/v2\/product_cat?post=1210"},{"taxonomy":"product_tag","embeddable":true,"href":"https:\/\/baltoil.ee\/lt\/wp-json\/wp\/v2\/product_tag?post=1210"}],"curies":[{"name":"wp","href":"https:\/\/api.w.org\/{rel}","templated":true}]}}