{"id":1195,"date":"2019-09-18T08:47:24","date_gmt":"2019-09-18T08:47:24","guid":{"rendered":"https:\/\/dev.baltoil.ee\/?post_type=product&#038;p=1195"},"modified":"2019-11-12T09:25:09","modified_gmt":"2019-11-12T09:25:09","slug":"multipurpose-grease","status":"publish","type":"product","link":"https:\/\/baltoil.ee\/lt\/toode\/multipurpose-grease\/","title":{"rendered":"Multipurpose Grease m\u00e4\u00e4re"},"content":{"rendered":"<input class=\"fooboxshare_post_id\" type=\"hidden\" value=\"1195\"\/>","protected":false},"excerpt":{"rendered":"<p>Liitiumi baasil universaalm\u00e4\u00e4re, millel on erakordne veekindlus ja koormataluvus. NLGI kategooriaga 2.<\/p>\n<p>Toote eelised:<\/p>\n<ul>\n<li>Suur koormuse taluvus<\/li>\n<li>Kasutatav laias temperatuuri vahemikus<br \/>\n(-30\u00b0C &#8211; +120\u00b0C)<\/li>\n<li>V\u00e4hendab h\u00f5\u00f5rdumist ja kulumist<\/li>\n<li>Pikendab osade kasutusiga<\/li>\n<\/ul>\n<p>&nbsp;<\/p>\n<p>Kasutusjuhend:<\/p>\n<ul>\n<li>Metsamasinad<\/li>\n<li>Teet\u00f6\u00f6masinad<\/li>\n<li>P\u00f5llumajandustehnika<\/li>\n<li>Kaevandusseadmed<\/li>\n<li>T\u00f6\u00f6stuslikud agregaadid<\/li>\n<li>Laagrid<\/li>\n<\/ul>\n","protected":false},"featured_media":1196,"template":"","meta":{"_acf_changed":false},"product_brand":[],"product_cat":[112],"product_tag":[116,117,118,114,113],"class_list":{"0":"post-1195","1":"product","2":"type-product","3":"status-publish","4":"has-post-thumbnail","6":"product_cat-tooted-x1r","7":"product_tag-kulumisvastane","8":"product_tag-maare","9":"product_tag-vaseliin","10":"product_tag-x-1r","11":"product_tag-x1r","13":"first","14":"instock","15":"shipping-taxable","16":"product-type-simple"},"acf":[],"yoast_head":"<!-- This site is optimized with the Yoast SEO plugin v27.3 - https:\/\/yoast.com\/product\/yoast-seo-wordpress\/ -->\n<title>Multipurpose Grease - Liitiumi baasil universaalm\u00e4\u00e4re - X-1R - Baltoil<\/title>\n<meta name=\"description\" content=\"Liitiumi baasil universaalm\u00e4\u00e4re, millel on erakordne veekindlus ja koormataluvus. NLGI kategooriaga 2. Sobib kasutamiseks koos teiste m\u00e4\u00e4retega.\" \/>\n<meta name=\"robots\" content=\"index, follow, max-snippet:-1, max-image-preview:large, max-video-preview:-1\" \/>\n<link rel=\"canonical\" href=\"https:\/\/baltoil.ee\/en\/toode\/multipurpose-grease\/\" \/>\n<meta property=\"og:locale\" content=\"lt_LT\" \/>\n<meta property=\"og:type\" content=\"article\" \/>\n<meta property=\"og:title\" content=\"Multipurpose Grease - Liitiumi baasil universaalm\u00e4\u00e4re - X-1R - Baltoil\" \/>\n<meta property=\"og:description\" content=\"Liitiumi baasil universaalm\u00e4\u00e4re, millel on erakordne veekindlus ja koormataluvus. NLGI kategooriaga 2. Sobib kasutamiseks koos teiste m\u00e4\u00e4retega.\" \/>\n<meta property=\"og:url\" content=\"https:\/\/baltoil.ee\/en\/toode\/multipurpose-grease\/\" \/>\n<meta property=\"og:site_name\" content=\"Baltoil\" \/>\n<meta property=\"article:modified_time\" content=\"2019-11-12T09:25:09+00:00\" \/>\n<meta property=\"og:image\" content=\"https:\/\/baltoil.ee\/wp-content\/uploads\/2019\/09\/MultiPurpose-400-g.png\" \/>\n\t<meta property=\"og:image:width\" content=\"136\" \/>\n\t<meta property=\"og:image:height\" content=\"589\" \/>\n\t<meta property=\"og:image:type\" content=\"image\/png\" \/>\n<meta name=\"twitter:card\" content=\"summary_large_image\" \/>\n<script type=\"application\/ld+json\" class=\"yoast-schema-graph\">{\"@context\":\"https:\\\/\\\/schema.org\",\"@graph\":[{\"@type\":\"WebPage\",\"@id\":\"https:\\\/\\\/baltoil.ee\\\/en\\\/toode\\\/multipurpose-grease\\\/\",\"url\":\"https:\\\/\\\/baltoil.ee\\\/en\\\/toode\\\/multipurpose-grease\\\/\",\"name\":\"Multipurpose Grease - Liitiumi baasil universaalm\u00e4\u00e4re - X-1R - Baltoil\",\"isPartOf\":{\"@id\":\"https:\\\/\\\/baltoil.ee\\\/#website\"},\"primaryImageOfPage\":{\"@id\":\"https:\\\/\\\/baltoil.ee\\\/en\\\/toode\\\/multipurpose-grease\\\/#primaryimage\"},\"image\":{\"@id\":\"https:\\\/\\\/baltoil.ee\\\/en\\\/toode\\\/multipurpose-grease\\\/#primaryimage\"},\"thumbnailUrl\":\"https:\\\/\\\/baltoil.ee\\\/wp-content\\\/uploads\\\/2019\\\/09\\\/MultiPurpose-400-g.png\",\"datePublished\":\"2019-09-18T08:47:24+00:00\",\"dateModified\":\"2019-11-12T09:25:09+00:00\",\"description\":\"Liitiumi baasil universaalm\u00e4\u00e4re, millel on erakordne veekindlus ja koormataluvus. NLGI kategooriaga 2. Sobib kasutamiseks koos teiste m\u00e4\u00e4retega.\",\"breadcrumb\":{\"@id\":\"https:\\\/\\\/baltoil.ee\\\/en\\\/toode\\\/multipurpose-grease\\\/#breadcrumb\"},\"inLanguage\":\"lt-LT\",\"potentialAction\":[{\"@type\":\"ReadAction\",\"target\":[\"https:\\\/\\\/baltoil.ee\\\/en\\\/toode\\\/multipurpose-grease\\\/\"]}]},{\"@type\":\"ImageObject\",\"inLanguage\":\"lt-LT\",\"@id\":\"https:\\\/\\\/baltoil.ee\\\/en\\\/toode\\\/multipurpose-grease\\\/#primaryimage\",\"url\":\"https:\\\/\\\/baltoil.ee\\\/wp-content\\\/uploads\\\/2019\\\/09\\\/MultiPurpose-400-g.png\",\"contentUrl\":\"https:\\\/\\\/baltoil.ee\\\/wp-content\\\/uploads\\\/2019\\\/09\\\/MultiPurpose-400-g.png\",\"width\":136,\"height\":589},{\"@type\":\"BreadcrumbList\",\"@id\":\"https:\\\/\\\/baltoil.ee\\\/en\\\/toode\\\/multipurpose-grease\\\/#breadcrumb\",\"itemListElement\":[{\"@type\":\"ListItem\",\"position\":1,\"name\":\"Home\",\"item\":\"https:\\\/\\\/baltoil.ee\\\/lt\\\/\"},{\"@type\":\"ListItem\",\"position\":2,\"name\":\"Tooted\",\"item\":\"https:\\\/\\\/baltoil.ee\\\/tooted\\\/\"},{\"@type\":\"ListItem\",\"position\":3,\"name\":\"Multipurpose Grease m\u00e4\u00e4re\"}]},{\"@type\":\"WebSite\",\"@id\":\"https:\\\/\\\/baltoil.ee\\\/#website\",\"url\":\"https:\\\/\\\/baltoil.ee\\\/\",\"name\":\"Baltoil\",\"description\":\"\",\"publisher\":{\"@id\":\"https:\\\/\\\/baltoil.ee\\\/#organization\"},\"potentialAction\":[{\"@type\":\"SearchAction\",\"target\":{\"@type\":\"EntryPoint\",\"urlTemplate\":\"https:\\\/\\\/baltoil.ee\\\/?s={search_term_string}\"},\"query-input\":{\"@type\":\"PropertyValueSpecification\",\"valueRequired\":true,\"valueName\":\"search_term_string\"}}],\"inLanguage\":\"lt-LT\"},{\"@type\":\"Organization\",\"@id\":\"https:\\\/\\\/baltoil.ee\\\/#organization\",\"name\":\"AS Baltoil\",\"url\":\"https:\\\/\\\/baltoil.ee\\\/\",\"logo\":{\"@type\":\"ImageObject\",\"inLanguage\":\"lt-LT\",\"@id\":\"https:\\\/\\\/baltoil.ee\\\/#\\\/schema\\\/logo\\\/image\\\/\",\"url\":\"https:\\\/\\\/baltoil.ee\\\/wp-content\\\/uploads\\\/2020\\\/04\\\/baltoil_logo.svg\",\"contentUrl\":\"https:\\\/\\\/baltoil.ee\\\/wp-content\\\/uploads\\\/2020\\\/04\\\/baltoil_logo.svg\",\"width\":1,\"height\":1,\"caption\":\"AS Baltoil\"},\"image\":{\"@id\":\"https:\\\/\\\/baltoil.ee\\\/#\\\/schema\\\/logo\\\/image\\\/\"}}]}<\/script>\n<!-- \/ Yoast SEO plugin. -->","yoast_head_json":{"title":"Multipurpose Grease - Liitiumi baasil universaalm\u00e4\u00e4re - X-1R - Baltoil","description":"Liitiumi baasil universaalm\u00e4\u00e4re, millel on erakordne veekindlus ja koormataluvus. NLGI kategooriaga 2. Sobib kasutamiseks koos teiste m\u00e4\u00e4retega.","robots":{"index":"index","follow":"follow","max-snippet":"max-snippet:-1","max-image-preview":"max-image-preview:large","max-video-preview":"max-video-preview:-1"},"canonical":"https:\/\/baltoil.ee\/en\/toode\/multipurpose-grease\/","og_locale":"lt_LT","og_type":"article","og_title":"Multipurpose Grease - Liitiumi baasil universaalm\u00e4\u00e4re - X-1R - Baltoil","og_description":"Liitiumi baasil universaalm\u00e4\u00e4re, millel on erakordne veekindlus ja koormataluvus. NLGI kategooriaga 2. Sobib kasutamiseks koos teiste m\u00e4\u00e4retega.","og_url":"https:\/\/baltoil.ee\/en\/toode\/multipurpose-grease\/","og_site_name":"Baltoil","article_modified_time":"2019-11-12T09:25:09+00:00","og_image":[{"width":136,"height":589,"url":"https:\/\/baltoil.ee\/wp-content\/uploads\/2019\/09\/MultiPurpose-400-g.png","type":"image\/png"}],"twitter_card":"summary_large_image","schema":{"@context":"https:\/\/schema.org","@graph":[{"@type":"WebPage","@id":"https:\/\/baltoil.ee\/en\/toode\/multipurpose-grease\/","url":"https:\/\/baltoil.ee\/en\/toode\/multipurpose-grease\/","name":"Multipurpose Grease - Liitiumi baasil universaalm\u00e4\u00e4re - X-1R - Baltoil","isPartOf":{"@id":"https:\/\/baltoil.ee\/#website"},"primaryImageOfPage":{"@id":"https:\/\/baltoil.ee\/en\/toode\/multipurpose-grease\/#primaryimage"},"image":{"@id":"https:\/\/baltoil.ee\/en\/toode\/multipurpose-grease\/#primaryimage"},"thumbnailUrl":"https:\/\/baltoil.ee\/wp-content\/uploads\/2019\/09\/MultiPurpose-400-g.png","datePublished":"2019-09-18T08:47:24+00:00","dateModified":"2019-11-12T09:25:09+00:00","description":"Liitiumi baasil universaalm\u00e4\u00e4re, millel on erakordne veekindlus ja koormataluvus. NLGI kategooriaga 2. Sobib kasutamiseks koos teiste m\u00e4\u00e4retega.","breadcrumb":{"@id":"https:\/\/baltoil.ee\/en\/toode\/multipurpose-grease\/#breadcrumb"},"inLanguage":"lt-LT","potentialAction":[{"@type":"ReadAction","target":["https:\/\/baltoil.ee\/en\/toode\/multipurpose-grease\/"]}]},{"@type":"ImageObject","inLanguage":"lt-LT","@id":"https:\/\/baltoil.ee\/en\/toode\/multipurpose-grease\/#primaryimage","url":"https:\/\/baltoil.ee\/wp-content\/uploads\/2019\/09\/MultiPurpose-400-g.png","contentUrl":"https:\/\/baltoil.ee\/wp-content\/uploads\/2019\/09\/MultiPurpose-400-g.png","width":136,"height":589},{"@type":"BreadcrumbList","@id":"https:\/\/baltoil.ee\/en\/toode\/multipurpose-grease\/#breadcrumb","itemListElement":[{"@type":"ListItem","position":1,"name":"Home","item":"https:\/\/baltoil.ee\/lt\/"},{"@type":"ListItem","position":2,"name":"Tooted","item":"https:\/\/baltoil.ee\/tooted\/"},{"@type":"ListItem","position":3,"name":"Multipurpose Grease m\u00e4\u00e4re"}]},{"@type":"WebSite","@id":"https:\/\/baltoil.ee\/#website","url":"https:\/\/baltoil.ee\/","name":"Baltoil","description":"","publisher":{"@id":"https:\/\/baltoil.ee\/#organization"},"potentialAction":[{"@type":"SearchAction","target":{"@type":"EntryPoint","urlTemplate":"https:\/\/baltoil.ee\/?s={search_term_string}"},"query-input":{"@type":"PropertyValueSpecification","valueRequired":true,"valueName":"search_term_string"}}],"inLanguage":"lt-LT"},{"@type":"Organization","@id":"https:\/\/baltoil.ee\/#organization","name":"AS Baltoil","url":"https:\/\/baltoil.ee\/","logo":{"@type":"ImageObject","inLanguage":"lt-LT","@id":"https:\/\/baltoil.ee\/#\/schema\/logo\/image\/","url":"https:\/\/baltoil.ee\/wp-content\/uploads\/2020\/04\/baltoil_logo.svg","contentUrl":"https:\/\/baltoil.ee\/wp-content\/uploads\/2020\/04\/baltoil_logo.svg","width":1,"height":1,"caption":"AS Baltoil"},"image":{"@id":"https:\/\/baltoil.ee\/#\/schema\/logo\/image\/"}}]}},"_links":{"self":[{"href":"https:\/\/baltoil.ee\/lt\/wp-json\/wp\/v2\/product\/1195","targetHints":{"allow":["GET"]}}],"collection":[{"href":"https:\/\/baltoil.ee\/lt\/wp-json\/wp\/v2\/product"}],"about":[{"href":"https:\/\/baltoil.ee\/lt\/wp-json\/wp\/v2\/types\/product"}],"wp:featuredmedia":[{"embeddable":true,"href":"https:\/\/baltoil.ee\/lt\/wp-json\/wp\/v2\/media\/1196"}],"wp:attachment":[{"href":"https:\/\/baltoil.ee\/lt\/wp-json\/wp\/v2\/media?parent=1195"}],"wp:term":[{"taxonomy":"product_brand","embeddable":true,"href":"https:\/\/baltoil.ee\/lt\/wp-json\/wp\/v2\/product_brand?post=1195"},{"taxonomy":"product_cat","embeddable":true,"href":"https:\/\/baltoil.ee\/lt\/wp-json\/wp\/v2\/product_cat?post=1195"},{"taxonomy":"product_tag","embeddable":true,"href":"https:\/\/baltoil.ee\/lt\/wp-json\/wp\/v2\/product_tag?post=1195"}],"curies":[{"name":"wp","href":"https:\/\/api.w.org\/{rel}","templated":true}]}}