{"id":1192,"date":"2019-09-18T08:44:23","date_gmt":"2019-09-18T08:44:23","guid":{"rendered":"https:\/\/dev.baltoil.ee\/?post_type=product&#038;p=1192"},"modified":"2023-09-08T15:28:54","modified_gmt":"2023-09-08T12:28:54","slug":"atg","status":"publish","type":"product","link":"https:\/\/baltoil.ee\/lt\/toode\/atg\/","title":{"rendered":"ATG m\u00e4\u00e4re"},"content":{"rendered":"<input class=\"fooboxshare_post_id\" type=\"hidden\" value=\"1192\"\/>","protected":false},"excerpt":{"rendered":"<p>ATG on k\u00f5rgklassi k\u00f5ikide temperatuuride m\u00e4\u00e4re, mis t\u00e4idab seadmete asetatud n\u00f5uded nii k\u00f5rgetel kui ka madalatel temperatuuridel.<\/p>\n<p><strong>Toote eelised:<\/strong><\/p>\n<ul>\n<li>M\u00e4\u00e4rib igal aastaajal k\u00f5rgetel ja madalatel temperatuuridel<\/li>\n<li>Kinnitub ja p\u00fcsib h\u00e4sti aga ei tahma<\/li>\n<li>Kaitseb t\u00f5husalt kulumise eest \u2013 pikendab kasutusiga<\/li>\n<li>Peab vastu suurtele koormustele<\/li>\n<li>T\u00f5hus kaitse korrosiooni vastu<\/li>\n<li>Kannatab nii magedat kui ka soolast vett<\/li>\n<\/ul>\n<p>&nbsp;<\/p>\n<p><strong>Kasutuskohad:<\/strong><\/p>\n<ul>\n<li>Metsamasinad<\/li>\n<li>P\u00f5llumajandustehnika<\/li>\n<li>Paadid, laevad<\/li>\n<li>Laagrid<\/li>\n<\/ul>\n","protected":false},"featured_media":5162,"template":"","meta":{"_acf_changed":false},"product_brand":[],"product_cat":[112],"product_tag":[116,117,118,114,113],"class_list":{"0":"post-1192","1":"product","2":"type-product","3":"status-publish","4":"has-post-thumbnail","6":"product_cat-tooted-x1r","7":"product_tag-kulumisvastane","8":"product_tag-maare","9":"product_tag-vaseliin","10":"product_tag-x-1r","11":"product_tag-x1r","13":"first","14":"instock","15":"shipping-taxable","16":"product-type-simple"},"acf":[],"yoast_head":"<!-- This site is optimized with the Yoast SEO plugin v27.3 - https:\/\/yoast.com\/product\/yoast-seo-wordpress\/ -->\n<title>ATG - All Temp Grease - K\u00f5ikide Temperatuuride M\u00e4\u00e4re - X-1R - Baltoil<\/title>\n<meta name=\"description\" content=\"X-1R ATG on k\u00f5rgklassi k\u00f5ikide temperatuuride m\u00e4\u00e4re, mis t\u00e4idab seadmete asetatud n\u00f5uded nii k\u00f5rgetel kui ka madalatel temperatuuridel.\" \/>\n<meta name=\"robots\" content=\"index, follow, max-snippet:-1, max-image-preview:large, max-video-preview:-1\" \/>\n<link rel=\"canonical\" href=\"https:\/\/baltoil.ee\/toode\/atg\/\" \/>\n<meta property=\"og:locale\" content=\"lt_LT\" \/>\n<meta property=\"og:type\" content=\"article\" \/>\n<meta property=\"og:title\" content=\"ATG - All Temp Grease - K\u00f5ikide Temperatuuride M\u00e4\u00e4re - X-1R - Baltoil\" \/>\n<meta property=\"og:description\" content=\"X-1R ATG on k\u00f5rgklassi k\u00f5ikide temperatuuride m\u00e4\u00e4re, mis t\u00e4idab seadmete asetatud n\u00f5uded nii k\u00f5rgetel kui ka madalatel temperatuuridel.\" \/>\n<meta property=\"og:url\" content=\"https:\/\/baltoil.ee\/toode\/atg\/\" \/>\n<meta property=\"og:site_name\" content=\"Baltoil\" \/>\n<meta property=\"article:modified_time\" content=\"2023-09-08T12:28:54+00:00\" \/>\n<meta property=\"og:image\" content=\"https:\/\/baltoil.ee\/wp-content\/uploads\/2019\/09\/16.atg-maare-308x1024.png\" \/>\n\t<meta property=\"og:image:width\" content=\"308\" \/>\n\t<meta property=\"og:image:height\" content=\"1024\" \/>\n\t<meta property=\"og:image:type\" content=\"image\/png\" \/>\n<meta name=\"twitter:card\" content=\"summary_large_image\" \/>\n<script type=\"application\/ld+json\" class=\"yoast-schema-graph\">{\"@context\":\"https:\\\/\\\/schema.org\",\"@graph\":[{\"@type\":\"WebPage\",\"@id\":\"https:\\\/\\\/baltoil.ee\\\/toode\\\/atg\\\/\",\"url\":\"https:\\\/\\\/baltoil.ee\\\/toode\\\/atg\\\/\",\"name\":\"ATG - All Temp Grease - K\u00f5ikide Temperatuuride M\u00e4\u00e4re - X-1R - Baltoil\",\"isPartOf\":{\"@id\":\"https:\\\/\\\/baltoil.ee\\\/#website\"},\"primaryImageOfPage\":{\"@id\":\"https:\\\/\\\/baltoil.ee\\\/toode\\\/atg\\\/#primaryimage\"},\"image\":{\"@id\":\"https:\\\/\\\/baltoil.ee\\\/toode\\\/atg\\\/#primaryimage\"},\"thumbnailUrl\":\"https:\\\/\\\/baltoil.ee\\\/wp-content\\\/uploads\\\/2019\\\/09\\\/16.atg-maare.png\",\"datePublished\":\"2019-09-18T08:44:23+00:00\",\"dateModified\":\"2023-09-08T12:28:54+00:00\",\"description\":\"X-1R ATG on k\u00f5rgklassi k\u00f5ikide temperatuuride m\u00e4\u00e4re, mis t\u00e4idab seadmete asetatud n\u00f5uded nii k\u00f5rgetel kui ka madalatel temperatuuridel.\",\"breadcrumb\":{\"@id\":\"https:\\\/\\\/baltoil.ee\\\/toode\\\/atg\\\/#breadcrumb\"},\"inLanguage\":\"lt-LT\",\"potentialAction\":[{\"@type\":\"ReadAction\",\"target\":[\"https:\\\/\\\/baltoil.ee\\\/toode\\\/atg\\\/\"]}]},{\"@type\":\"ImageObject\",\"inLanguage\":\"lt-LT\",\"@id\":\"https:\\\/\\\/baltoil.ee\\\/toode\\\/atg\\\/#primaryimage\",\"url\":\"https:\\\/\\\/baltoil.ee\\\/wp-content\\\/uploads\\\/2019\\\/09\\\/16.atg-maare.png\",\"contentUrl\":\"https:\\\/\\\/baltoil.ee\\\/wp-content\\\/uploads\\\/2019\\\/09\\\/16.atg-maare.png\",\"width\":1159,\"height\":3852},{\"@type\":\"BreadcrumbList\",\"@id\":\"https:\\\/\\\/baltoil.ee\\\/toode\\\/atg\\\/#breadcrumb\",\"itemListElement\":[{\"@type\":\"ListItem\",\"position\":1,\"name\":\"Home\",\"item\":\"https:\\\/\\\/baltoil.ee\\\/lt\\\/\"},{\"@type\":\"ListItem\",\"position\":2,\"name\":\"Tooted\",\"item\":\"https:\\\/\\\/baltoil.ee\\\/tooted\\\/\"},{\"@type\":\"ListItem\",\"position\":3,\"name\":\"ATG m\u00e4\u00e4re\"}]},{\"@type\":\"WebSite\",\"@id\":\"https:\\\/\\\/baltoil.ee\\\/#website\",\"url\":\"https:\\\/\\\/baltoil.ee\\\/\",\"name\":\"Baltoil\",\"description\":\"\",\"publisher\":{\"@id\":\"https:\\\/\\\/baltoil.ee\\\/#organization\"},\"potentialAction\":[{\"@type\":\"SearchAction\",\"target\":{\"@type\":\"EntryPoint\",\"urlTemplate\":\"https:\\\/\\\/baltoil.ee\\\/?s={search_term_string}\"},\"query-input\":{\"@type\":\"PropertyValueSpecification\",\"valueRequired\":true,\"valueName\":\"search_term_string\"}}],\"inLanguage\":\"lt-LT\"},{\"@type\":\"Organization\",\"@id\":\"https:\\\/\\\/baltoil.ee\\\/#organization\",\"name\":\"AS Baltoil\",\"url\":\"https:\\\/\\\/baltoil.ee\\\/\",\"logo\":{\"@type\":\"ImageObject\",\"inLanguage\":\"lt-LT\",\"@id\":\"https:\\\/\\\/baltoil.ee\\\/#\\\/schema\\\/logo\\\/image\\\/\",\"url\":\"https:\\\/\\\/baltoil.ee\\\/wp-content\\\/uploads\\\/2020\\\/04\\\/baltoil_logo.svg\",\"contentUrl\":\"https:\\\/\\\/baltoil.ee\\\/wp-content\\\/uploads\\\/2020\\\/04\\\/baltoil_logo.svg\",\"width\":1,\"height\":1,\"caption\":\"AS Baltoil\"},\"image\":{\"@id\":\"https:\\\/\\\/baltoil.ee\\\/#\\\/schema\\\/logo\\\/image\\\/\"}}]}<\/script>\n<!-- \/ Yoast SEO plugin. -->","yoast_head_json":{"title":"ATG - All Temp Grease - K\u00f5ikide Temperatuuride M\u00e4\u00e4re - X-1R - Baltoil","description":"X-1R ATG on k\u00f5rgklassi k\u00f5ikide temperatuuride m\u00e4\u00e4re, mis t\u00e4idab seadmete asetatud n\u00f5uded nii k\u00f5rgetel kui ka madalatel temperatuuridel.","robots":{"index":"index","follow":"follow","max-snippet":"max-snippet:-1","max-image-preview":"max-image-preview:large","max-video-preview":"max-video-preview:-1"},"canonical":"https:\/\/baltoil.ee\/toode\/atg\/","og_locale":"lt_LT","og_type":"article","og_title":"ATG - All Temp Grease - K\u00f5ikide Temperatuuride M\u00e4\u00e4re - X-1R - Baltoil","og_description":"X-1R ATG on k\u00f5rgklassi k\u00f5ikide temperatuuride m\u00e4\u00e4re, mis t\u00e4idab seadmete asetatud n\u00f5uded nii k\u00f5rgetel kui ka madalatel temperatuuridel.","og_url":"https:\/\/baltoil.ee\/toode\/atg\/","og_site_name":"Baltoil","article_modified_time":"2023-09-08T12:28:54+00:00","og_image":[{"width":308,"height":1024,"url":"https:\/\/baltoil.ee\/wp-content\/uploads\/2019\/09\/16.atg-maare-308x1024.png","type":"image\/png"}],"twitter_card":"summary_large_image","schema":{"@context":"https:\/\/schema.org","@graph":[{"@type":"WebPage","@id":"https:\/\/baltoil.ee\/toode\/atg\/","url":"https:\/\/baltoil.ee\/toode\/atg\/","name":"ATG - All Temp Grease - K\u00f5ikide Temperatuuride M\u00e4\u00e4re - X-1R - Baltoil","isPartOf":{"@id":"https:\/\/baltoil.ee\/#website"},"primaryImageOfPage":{"@id":"https:\/\/baltoil.ee\/toode\/atg\/#primaryimage"},"image":{"@id":"https:\/\/baltoil.ee\/toode\/atg\/#primaryimage"},"thumbnailUrl":"https:\/\/baltoil.ee\/wp-content\/uploads\/2019\/09\/16.atg-maare.png","datePublished":"2019-09-18T08:44:23+00:00","dateModified":"2023-09-08T12:28:54+00:00","description":"X-1R ATG on k\u00f5rgklassi k\u00f5ikide temperatuuride m\u00e4\u00e4re, mis t\u00e4idab seadmete asetatud n\u00f5uded nii k\u00f5rgetel kui ka madalatel temperatuuridel.","breadcrumb":{"@id":"https:\/\/baltoil.ee\/toode\/atg\/#breadcrumb"},"inLanguage":"lt-LT","potentialAction":[{"@type":"ReadAction","target":["https:\/\/baltoil.ee\/toode\/atg\/"]}]},{"@type":"ImageObject","inLanguage":"lt-LT","@id":"https:\/\/baltoil.ee\/toode\/atg\/#primaryimage","url":"https:\/\/baltoil.ee\/wp-content\/uploads\/2019\/09\/16.atg-maare.png","contentUrl":"https:\/\/baltoil.ee\/wp-content\/uploads\/2019\/09\/16.atg-maare.png","width":1159,"height":3852},{"@type":"BreadcrumbList","@id":"https:\/\/baltoil.ee\/toode\/atg\/#breadcrumb","itemListElement":[{"@type":"ListItem","position":1,"name":"Home","item":"https:\/\/baltoil.ee\/lt\/"},{"@type":"ListItem","position":2,"name":"Tooted","item":"https:\/\/baltoil.ee\/tooted\/"},{"@type":"ListItem","position":3,"name":"ATG m\u00e4\u00e4re"}]},{"@type":"WebSite","@id":"https:\/\/baltoil.ee\/#website","url":"https:\/\/baltoil.ee\/","name":"Baltoil","description":"","publisher":{"@id":"https:\/\/baltoil.ee\/#organization"},"potentialAction":[{"@type":"SearchAction","target":{"@type":"EntryPoint","urlTemplate":"https:\/\/baltoil.ee\/?s={search_term_string}"},"query-input":{"@type":"PropertyValueSpecification","valueRequired":true,"valueName":"search_term_string"}}],"inLanguage":"lt-LT"},{"@type":"Organization","@id":"https:\/\/baltoil.ee\/#organization","name":"AS Baltoil","url":"https:\/\/baltoil.ee\/","logo":{"@type":"ImageObject","inLanguage":"lt-LT","@id":"https:\/\/baltoil.ee\/#\/schema\/logo\/image\/","url":"https:\/\/baltoil.ee\/wp-content\/uploads\/2020\/04\/baltoil_logo.svg","contentUrl":"https:\/\/baltoil.ee\/wp-content\/uploads\/2020\/04\/baltoil_logo.svg","width":1,"height":1,"caption":"AS Baltoil"},"image":{"@id":"https:\/\/baltoil.ee\/#\/schema\/logo\/image\/"}}]}},"_links":{"self":[{"href":"https:\/\/baltoil.ee\/lt\/wp-json\/wp\/v2\/product\/1192","targetHints":{"allow":["GET"]}}],"collection":[{"href":"https:\/\/baltoil.ee\/lt\/wp-json\/wp\/v2\/product"}],"about":[{"href":"https:\/\/baltoil.ee\/lt\/wp-json\/wp\/v2\/types\/product"}],"wp:featuredmedia":[{"embeddable":true,"href":"https:\/\/baltoil.ee\/lt\/wp-json\/wp\/v2\/media\/5162"}],"wp:attachment":[{"href":"https:\/\/baltoil.ee\/lt\/wp-json\/wp\/v2\/media?parent=1192"}],"wp:term":[{"taxonomy":"product_brand","embeddable":true,"href":"https:\/\/baltoil.ee\/lt\/wp-json\/wp\/v2\/product_brand?post=1192"},{"taxonomy":"product_cat","embeddable":true,"href":"https:\/\/baltoil.ee\/lt\/wp-json\/wp\/v2\/product_cat?post=1192"},{"taxonomy":"product_tag","embeddable":true,"href":"https:\/\/baltoil.ee\/lt\/wp-json\/wp\/v2\/product_tag?post=1192"}],"curies":[{"name":"wp","href":"https:\/\/api.w.org\/{rel}","templated":true}]}}