{"id":1186,"date":"2019-09-18T08:35:59","date_gmt":"2019-09-18T08:35:59","guid":{"rendered":"https:\/\/dev.baltoil.ee\/?post_type=product&#038;p=1186"},"modified":"2019-11-12T10:43:08","modified_gmt":"2019-11-12T10:43:08","slug":"octane-booster","status":"publish","type":"product","link":"https:\/\/baltoil.ee\/lt\/toode\/octane-booster\/","title":{"rendered":"Octane Booster"},"content":{"rendered":"<input class=\"fooboxshare_post_id\" type=\"hidden\" value=\"1186\"\/>","protected":false},"excerpt":{"rendered":"<p>V\u00f5idus\u00f5idumootoritele m\u00f5eldud kontsentraat toob off road s\u00f5idule juurde v\u00f5imsust.<br \/>\nT\u00f5stab t\u00f6\u00f6v\u00f5imet ja v\u00f5imaldab hobuj\u00f5udude maksimaalse kasutamise.<\/p>\n<p>Pudeli sisu etten\u00e4htud 20-80 liitri bensiini rikastamiseks.<\/p>\n<p>&nbsp;<\/p>\n","protected":false},"featured_media":1187,"template":"","meta":{"_acf_changed":false},"product_brand":[],"product_cat":[112],"product_tag":[90,114,113],"class_list":{"0":"post-1186","1":"product","2":"type-product","3":"status-publish","4":"has-post-thumbnail","6":"product_cat-tooted-x1r","7":"product_tag-kutuselisand","8":"product_tag-x-1r","9":"product_tag-x1r","11":"first","12":"instock","13":"shipping-taxable","14":"product-type-simple"},"acf":[],"yoast_head":"<!-- This site is optimized with the Yoast SEO plugin v27.3 - https:\/\/yoast.com\/product\/yoast-seo-wordpress\/ -->\n<title>Octane Booster - X-1R - Baltoil<\/title>\n<meta name=\"description\" content=\"V\u00f5idus\u00f5idumootoritele m\u00f5eldud kontsentraat toob &quot;off road&quot; s\u00f5idule juurde v\u00f5imsust. T\u00f5stab t\u00f6\u00f6v\u00f5imet ja v\u00f5imaldab hobuj\u00f5udude maksimaalse kasutamise.\" \/>\n<meta name=\"robots\" content=\"index, follow, max-snippet:-1, max-image-preview:large, max-video-preview:-1\" \/>\n<link rel=\"canonical\" href=\"https:\/\/baltoil.ee\/en\/toode\/octane-booster\/\" \/>\n<meta property=\"og:locale\" content=\"lt_LT\" \/>\n<meta property=\"og:type\" content=\"article\" \/>\n<meta property=\"og:title\" content=\"Octane Booster - X-1R - Baltoil\" \/>\n<meta property=\"og:description\" content=\"V\u00f5idus\u00f5idumootoritele m\u00f5eldud kontsentraat toob &quot;off road&quot; s\u00f5idule juurde v\u00f5imsust. T\u00f5stab t\u00f6\u00f6v\u00f5imet ja v\u00f5imaldab hobuj\u00f5udude maksimaalse kasutamise.\" \/>\n<meta property=\"og:url\" content=\"https:\/\/baltoil.ee\/en\/toode\/octane-booster\/\" \/>\n<meta property=\"og:site_name\" content=\"Baltoil\" \/>\n<meta property=\"article:modified_time\" content=\"2019-11-12T10:43:08+00:00\" \/>\n<meta property=\"og:image\" content=\"https:\/\/baltoil.ee\/wp-content\/uploads\/2019\/09\/Octane-Booster-05L-1600x1067.jpg\" \/>\n\t<meta property=\"og:image:width\" content=\"1700\" \/>\n\t<meta property=\"og:image:height\" content=\"2600\" \/>\n\t<meta property=\"og:image:type\" content=\"image\/jpeg\" \/>\n<meta name=\"twitter:card\" content=\"summary_large_image\" \/>\n<script type=\"application\/ld+json\" class=\"yoast-schema-graph\">{\"@context\":\"https:\\\/\\\/schema.org\",\"@graph\":[{\"@type\":\"WebPage\",\"@id\":\"https:\\\/\\\/baltoil.ee\\\/en\\\/toode\\\/octane-booster\\\/\",\"url\":\"https:\\\/\\\/baltoil.ee\\\/en\\\/toode\\\/octane-booster\\\/\",\"name\":\"Octane Booster - X-1R - Baltoil\",\"isPartOf\":{\"@id\":\"https:\\\/\\\/baltoil.ee\\\/#website\"},\"primaryImageOfPage\":{\"@id\":\"https:\\\/\\\/baltoil.ee\\\/en\\\/toode\\\/octane-booster\\\/#primaryimage\"},\"image\":{\"@id\":\"https:\\\/\\\/baltoil.ee\\\/en\\\/toode\\\/octane-booster\\\/#primaryimage\"},\"thumbnailUrl\":\"https:\\\/\\\/baltoil.ee\\\/wp-content\\\/uploads\\\/2019\\\/09\\\/Octane-Booster-05L-1600x1067.jpg\",\"datePublished\":\"2019-09-18T08:35:59+00:00\",\"dateModified\":\"2019-11-12T10:43:08+00:00\",\"description\":\"V\u00f5idus\u00f5idumootoritele m\u00f5eldud kontsentraat toob \\\"off road\\\" s\u00f5idule juurde v\u00f5imsust. T\u00f5stab t\u00f6\u00f6v\u00f5imet ja v\u00f5imaldab hobuj\u00f5udude maksimaalse kasutamise.\",\"breadcrumb\":{\"@id\":\"https:\\\/\\\/baltoil.ee\\\/en\\\/toode\\\/octane-booster\\\/#breadcrumb\"},\"inLanguage\":\"lt-LT\",\"potentialAction\":[{\"@type\":\"ReadAction\",\"target\":[\"https:\\\/\\\/baltoil.ee\\\/en\\\/toode\\\/octane-booster\\\/\"]}]},{\"@type\":\"ImageObject\",\"inLanguage\":\"lt-LT\",\"@id\":\"https:\\\/\\\/baltoil.ee\\\/en\\\/toode\\\/octane-booster\\\/#primaryimage\",\"url\":\"https:\\\/\\\/baltoil.ee\\\/wp-content\\\/uploads\\\/2019\\\/09\\\/Octane-Booster-05L-1600x1067.jpg\",\"contentUrl\":\"https:\\\/\\\/baltoil.ee\\\/wp-content\\\/uploads\\\/2019\\\/09\\\/Octane-Booster-05L-1600x1067.jpg\",\"width\":1700,\"height\":2600},{\"@type\":\"BreadcrumbList\",\"@id\":\"https:\\\/\\\/baltoil.ee\\\/en\\\/toode\\\/octane-booster\\\/#breadcrumb\",\"itemListElement\":[{\"@type\":\"ListItem\",\"position\":1,\"name\":\"Home\",\"item\":\"https:\\\/\\\/baltoil.ee\\\/lt\\\/\"},{\"@type\":\"ListItem\",\"position\":2,\"name\":\"Tooted\",\"item\":\"https:\\\/\\\/baltoil.ee\\\/tooted\\\/\"},{\"@type\":\"ListItem\",\"position\":3,\"name\":\"Octane Booster\"}]},{\"@type\":\"WebSite\",\"@id\":\"https:\\\/\\\/baltoil.ee\\\/#website\",\"url\":\"https:\\\/\\\/baltoil.ee\\\/\",\"name\":\"Baltoil\",\"description\":\"\",\"publisher\":{\"@id\":\"https:\\\/\\\/baltoil.ee\\\/#organization\"},\"potentialAction\":[{\"@type\":\"SearchAction\",\"target\":{\"@type\":\"EntryPoint\",\"urlTemplate\":\"https:\\\/\\\/baltoil.ee\\\/?s={search_term_string}\"},\"query-input\":{\"@type\":\"PropertyValueSpecification\",\"valueRequired\":true,\"valueName\":\"search_term_string\"}}],\"inLanguage\":\"lt-LT\"},{\"@type\":\"Organization\",\"@id\":\"https:\\\/\\\/baltoil.ee\\\/#organization\",\"name\":\"AS Baltoil\",\"url\":\"https:\\\/\\\/baltoil.ee\\\/\",\"logo\":{\"@type\":\"ImageObject\",\"inLanguage\":\"lt-LT\",\"@id\":\"https:\\\/\\\/baltoil.ee\\\/#\\\/schema\\\/logo\\\/image\\\/\",\"url\":\"https:\\\/\\\/baltoil.ee\\\/wp-content\\\/uploads\\\/2020\\\/04\\\/baltoil_logo.svg\",\"contentUrl\":\"https:\\\/\\\/baltoil.ee\\\/wp-content\\\/uploads\\\/2020\\\/04\\\/baltoil_logo.svg\",\"width\":1,\"height\":1,\"caption\":\"AS Baltoil\"},\"image\":{\"@id\":\"https:\\\/\\\/baltoil.ee\\\/#\\\/schema\\\/logo\\\/image\\\/\"}}]}<\/script>\n<!-- \/ Yoast SEO plugin. -->","yoast_head_json":{"title":"Octane Booster - X-1R - Baltoil","description":"V\u00f5idus\u00f5idumootoritele m\u00f5eldud kontsentraat toob \"off road\" s\u00f5idule juurde v\u00f5imsust. T\u00f5stab t\u00f6\u00f6v\u00f5imet ja v\u00f5imaldab hobuj\u00f5udude maksimaalse kasutamise.","robots":{"index":"index","follow":"follow","max-snippet":"max-snippet:-1","max-image-preview":"max-image-preview:large","max-video-preview":"max-video-preview:-1"},"canonical":"https:\/\/baltoil.ee\/en\/toode\/octane-booster\/","og_locale":"lt_LT","og_type":"article","og_title":"Octane Booster - X-1R - Baltoil","og_description":"V\u00f5idus\u00f5idumootoritele m\u00f5eldud kontsentraat toob \"off road\" s\u00f5idule juurde v\u00f5imsust. T\u00f5stab t\u00f6\u00f6v\u00f5imet ja v\u00f5imaldab hobuj\u00f5udude maksimaalse kasutamise.","og_url":"https:\/\/baltoil.ee\/en\/toode\/octane-booster\/","og_site_name":"Baltoil","article_modified_time":"2019-11-12T10:43:08+00:00","og_image":[{"width":1700,"height":2600,"url":"https:\/\/baltoil.ee\/wp-content\/uploads\/2019\/09\/Octane-Booster-05L-1600x1067.jpg","type":"image\/jpeg"}],"twitter_card":"summary_large_image","schema":{"@context":"https:\/\/schema.org","@graph":[{"@type":"WebPage","@id":"https:\/\/baltoil.ee\/en\/toode\/octane-booster\/","url":"https:\/\/baltoil.ee\/en\/toode\/octane-booster\/","name":"Octane Booster - X-1R - Baltoil","isPartOf":{"@id":"https:\/\/baltoil.ee\/#website"},"primaryImageOfPage":{"@id":"https:\/\/baltoil.ee\/en\/toode\/octane-booster\/#primaryimage"},"image":{"@id":"https:\/\/baltoil.ee\/en\/toode\/octane-booster\/#primaryimage"},"thumbnailUrl":"https:\/\/baltoil.ee\/wp-content\/uploads\/2019\/09\/Octane-Booster-05L-1600x1067.jpg","datePublished":"2019-09-18T08:35:59+00:00","dateModified":"2019-11-12T10:43:08+00:00","description":"V\u00f5idus\u00f5idumootoritele m\u00f5eldud kontsentraat toob \"off road\" s\u00f5idule juurde v\u00f5imsust. T\u00f5stab t\u00f6\u00f6v\u00f5imet ja v\u00f5imaldab hobuj\u00f5udude maksimaalse kasutamise.","breadcrumb":{"@id":"https:\/\/baltoil.ee\/en\/toode\/octane-booster\/#breadcrumb"},"inLanguage":"lt-LT","potentialAction":[{"@type":"ReadAction","target":["https:\/\/baltoil.ee\/en\/toode\/octane-booster\/"]}]},{"@type":"ImageObject","inLanguage":"lt-LT","@id":"https:\/\/baltoil.ee\/en\/toode\/octane-booster\/#primaryimage","url":"https:\/\/baltoil.ee\/wp-content\/uploads\/2019\/09\/Octane-Booster-05L-1600x1067.jpg","contentUrl":"https:\/\/baltoil.ee\/wp-content\/uploads\/2019\/09\/Octane-Booster-05L-1600x1067.jpg","width":1700,"height":2600},{"@type":"BreadcrumbList","@id":"https:\/\/baltoil.ee\/en\/toode\/octane-booster\/#breadcrumb","itemListElement":[{"@type":"ListItem","position":1,"name":"Home","item":"https:\/\/baltoil.ee\/lt\/"},{"@type":"ListItem","position":2,"name":"Tooted","item":"https:\/\/baltoil.ee\/tooted\/"},{"@type":"ListItem","position":3,"name":"Octane Booster"}]},{"@type":"WebSite","@id":"https:\/\/baltoil.ee\/#website","url":"https:\/\/baltoil.ee\/","name":"Baltoil","description":"","publisher":{"@id":"https:\/\/baltoil.ee\/#organization"},"potentialAction":[{"@type":"SearchAction","target":{"@type":"EntryPoint","urlTemplate":"https:\/\/baltoil.ee\/?s={search_term_string}"},"query-input":{"@type":"PropertyValueSpecification","valueRequired":true,"valueName":"search_term_string"}}],"inLanguage":"lt-LT"},{"@type":"Organization","@id":"https:\/\/baltoil.ee\/#organization","name":"AS Baltoil","url":"https:\/\/baltoil.ee\/","logo":{"@type":"ImageObject","inLanguage":"lt-LT","@id":"https:\/\/baltoil.ee\/#\/schema\/logo\/image\/","url":"https:\/\/baltoil.ee\/wp-content\/uploads\/2020\/04\/baltoil_logo.svg","contentUrl":"https:\/\/baltoil.ee\/wp-content\/uploads\/2020\/04\/baltoil_logo.svg","width":1,"height":1,"caption":"AS Baltoil"},"image":{"@id":"https:\/\/baltoil.ee\/#\/schema\/logo\/image\/"}}]}},"_links":{"self":[{"href":"https:\/\/baltoil.ee\/lt\/wp-json\/wp\/v2\/product\/1186","targetHints":{"allow":["GET"]}}],"collection":[{"href":"https:\/\/baltoil.ee\/lt\/wp-json\/wp\/v2\/product"}],"about":[{"href":"https:\/\/baltoil.ee\/lt\/wp-json\/wp\/v2\/types\/product"}],"wp:featuredmedia":[{"embeddable":true,"href":"https:\/\/baltoil.ee\/lt\/wp-json\/wp\/v2\/media\/1187"}],"wp:attachment":[{"href":"https:\/\/baltoil.ee\/lt\/wp-json\/wp\/v2\/media?parent=1186"}],"wp:term":[{"taxonomy":"product_brand","embeddable":true,"href":"https:\/\/baltoil.ee\/lt\/wp-json\/wp\/v2\/product_brand?post=1186"},{"taxonomy":"product_cat","embeddable":true,"href":"https:\/\/baltoil.ee\/lt\/wp-json\/wp\/v2\/product_cat?post=1186"},{"taxonomy":"product_tag","embeddable":true,"href":"https:\/\/baltoil.ee\/lt\/wp-json\/wp\/v2\/product_tag?post=1186"}],"curies":[{"name":"wp","href":"https:\/\/api.w.org\/{rel}","templated":true}]}}