{"id":1176,"date":"2019-09-17T09:48:09","date_gmt":"2019-09-17T09:48:09","guid":{"rendered":"https:\/\/dev.baltoil.ee\/?post_type=product&#038;p=1176"},"modified":"2020-03-20T08:11:25","modified_gmt":"2020-03-20T08:11:25","slug":"x-1r-kulumisvastane-maare-olilisand","status":"publish","type":"product","link":"https:\/\/baltoil.ee\/lt\/toode\/x-1r-kulumisvastane-maare-olilisand\/","title":{"rendered":"X-1R Kulumisvastane m\u00e4\u00e4re \/ \u00d5lilisand"},"content":{"rendered":"<input class=\"fooboxshare_post_id\" type=\"hidden\" value=\"1176\"\/>","protected":false},"excerpt":{"rendered":"<p>X-1R on s\u00fcnteetiline metalli hooldusaine, mis v\u00e4hendab oluliselt metalli pindade kontaktist ja liikumisest tingitud h\u00f5\u00f5rdumist. Seet\u00f5ttu sobib X-1R mitmesuguste m\u00e4\u00e4rimisviiside jaoks. Parandab mootori, k\u00e4igukasti ja h\u00fcdraulika j\u00f5udlust, v\u00e4hendades kulumist 45-75%. T\u00f5hustab mootorite, k\u00e4igukastide, \u00fclekannete ja h\u00fcdraulika t\u00f6\u00f6d v\u00e4hendades kulumist. X-1R kulumisvastane m\u00e4\u00e4re sobib kasutamiseks k\u00f5ikide tuntud \u00f5lidega ja ei m\u00f5juta \u00f5li viskoossust. Ei sisalda lahusteid ega tahkeid osakesi.<\/p>\n<p><strong>Toote eelised:<\/strong><\/p>\n<ul>\n<li>V\u00e4hendab k\u00fctusekulu<\/li>\n<li>Alandab seadmete ja \u00f5li temperatuuri<\/li>\n<li>V\u00e4hendab heitgaase<\/li>\n<li>V\u00e4hendab vibratsiooni<\/li>\n<li>V\u00e4hendab mootori m\u00fcra<\/li>\n<li>V\u00e4hendab osade kulumist<\/li>\n<li>V\u00f5ib segada teiste m\u00e4\u00e4rdeainetega<\/li>\n<\/ul>\n[embed]https:\/\/youtu.be\/Zx6-Qiub8aE[\/embed]\n","protected":false},"featured_media":2542,"template":"","meta":{"_acf_changed":false},"product_brand":[],"product_cat":[112],"product_tag":[22,116,117,79,115,114,113],"class_list":{"0":"post-1176","1":"product","2":"type-product","3":"status-publish","4":"has-post-thumbnail","6":"product_cat-tooted-x1r","7":"product_tag-autokeemia","8":"product_tag-kulumisvastane","9":"product_tag-maare","10":"product_tag-oli","11":"product_tag-olilisand","12":"product_tag-x-1r","13":"product_tag-x1r","15":"first","16":"instock","17":"shipping-taxable","18":"product-type-simple"},"acf":[],"yoast_head":"<!-- This site is optimized with the Yoast SEO plugin v27.3 - https:\/\/yoast.com\/product\/yoast-seo-wordpress\/ -->\n<title>X-1R Kulumisvastane m\u00e4\u00e4re \/ \u00d5lilisand - Baltoil<\/title>\n<meta name=\"description\" content=\"X-1R on s\u00fcnteetiline metalli hooldusaine, mis v\u00e4hendab oluliselt metalli pindade kontaktist ja liikumisest tingitud h\u00f5\u00f5rdumist. Seet\u00f5ttu sobib X-1R mitmesuguste m\u00e4\u00e4rimisviiside jaoks.\" \/>\n<meta name=\"robots\" content=\"index, follow, max-snippet:-1, max-image-preview:large, max-video-preview:-1\" \/>\n<link rel=\"canonical\" href=\"https:\/\/baltoil.ee\/en\/toode\/x-1r-kulumisvastane-maare-olilisand\/\" \/>\n<meta property=\"og:locale\" content=\"lt_LT\" \/>\n<meta property=\"og:type\" content=\"article\" \/>\n<meta property=\"og:title\" content=\"X-1R Kulumisvastane m\u00e4\u00e4re \/ \u00d5lilisand - Baltoil\" \/>\n<meta property=\"og:description\" content=\"X-1R on s\u00fcnteetiline metalli hooldusaine, mis v\u00e4hendab oluliselt metalli pindade kontaktist ja liikumisest tingitud h\u00f5\u00f5rdumist. Seet\u00f5ttu sobib X-1R mitmesuguste m\u00e4\u00e4rimisviiside jaoks.\" \/>\n<meta property=\"og:url\" content=\"https:\/\/baltoil.ee\/en\/toode\/x-1r-kulumisvastane-maare-olilisand\/\" \/>\n<meta property=\"og:site_name\" content=\"Baltoil\" \/>\n<meta property=\"article:modified_time\" content=\"2020-03-20T08:11:25+00:00\" \/>\n<meta property=\"og:image\" content=\"https:\/\/baltoil.ee\/wp-content\/uploads\/2019\/09\/X-1R-box-web.png\" \/>\n\t<meta property=\"og:image:width\" content=\"500\" \/>\n\t<meta property=\"og:image:height\" content=\"354\" \/>\n\t<meta property=\"og:image:type\" content=\"image\/png\" \/>\n<meta name=\"twitter:card\" content=\"summary_large_image\" \/>\n<script type=\"application\/ld+json\" class=\"yoast-schema-graph\">{\"@context\":\"https:\\\/\\\/schema.org\",\"@graph\":[{\"@type\":\"WebPage\",\"@id\":\"https:\\\/\\\/baltoil.ee\\\/en\\\/toode\\\/x-1r-kulumisvastane-maare-olilisand\\\/\",\"url\":\"https:\\\/\\\/baltoil.ee\\\/en\\\/toode\\\/x-1r-kulumisvastane-maare-olilisand\\\/\",\"name\":\"X-1R Kulumisvastane m\u00e4\u00e4re \\\/ \u00d5lilisand - Baltoil\",\"isPartOf\":{\"@id\":\"https:\\\/\\\/baltoil.ee\\\/#website\"},\"primaryImageOfPage\":{\"@id\":\"https:\\\/\\\/baltoil.ee\\\/en\\\/toode\\\/x-1r-kulumisvastane-maare-olilisand\\\/#primaryimage\"},\"image\":{\"@id\":\"https:\\\/\\\/baltoil.ee\\\/en\\\/toode\\\/x-1r-kulumisvastane-maare-olilisand\\\/#primaryimage\"},\"thumbnailUrl\":\"https:\\\/\\\/baltoil.ee\\\/wp-content\\\/uploads\\\/2019\\\/09\\\/X-1R-box-web.png\",\"datePublished\":\"2019-09-17T09:48:09+00:00\",\"dateModified\":\"2020-03-20T08:11:25+00:00\",\"description\":\"X-1R on s\u00fcnteetiline metalli hooldusaine, mis v\u00e4hendab oluliselt metalli pindade kontaktist ja liikumisest tingitud h\u00f5\u00f5rdumist. Seet\u00f5ttu sobib X-1R mitmesuguste m\u00e4\u00e4rimisviiside jaoks.\",\"breadcrumb\":{\"@id\":\"https:\\\/\\\/baltoil.ee\\\/en\\\/toode\\\/x-1r-kulumisvastane-maare-olilisand\\\/#breadcrumb\"},\"inLanguage\":\"lt-LT\",\"potentialAction\":[{\"@type\":\"ReadAction\",\"target\":[\"https:\\\/\\\/baltoil.ee\\\/en\\\/toode\\\/x-1r-kulumisvastane-maare-olilisand\\\/\"]}]},{\"@type\":\"ImageObject\",\"inLanguage\":\"lt-LT\",\"@id\":\"https:\\\/\\\/baltoil.ee\\\/en\\\/toode\\\/x-1r-kulumisvastane-maare-olilisand\\\/#primaryimage\",\"url\":\"https:\\\/\\\/baltoil.ee\\\/wp-content\\\/uploads\\\/2019\\\/09\\\/X-1R-box-web.png\",\"contentUrl\":\"https:\\\/\\\/baltoil.ee\\\/wp-content\\\/uploads\\\/2019\\\/09\\\/X-1R-box-web.png\",\"width\":500,\"height\":354},{\"@type\":\"BreadcrumbList\",\"@id\":\"https:\\\/\\\/baltoil.ee\\\/en\\\/toode\\\/x-1r-kulumisvastane-maare-olilisand\\\/#breadcrumb\",\"itemListElement\":[{\"@type\":\"ListItem\",\"position\":1,\"name\":\"Home\",\"item\":\"https:\\\/\\\/baltoil.ee\\\/lt\\\/\"},{\"@type\":\"ListItem\",\"position\":2,\"name\":\"Tooted\",\"item\":\"https:\\\/\\\/baltoil.ee\\\/tooted\\\/\"},{\"@type\":\"ListItem\",\"position\":3,\"name\":\"X-1R Kulumisvastane m\u00e4\u00e4re \\\/ \u00d5lilisand\"}]},{\"@type\":\"WebSite\",\"@id\":\"https:\\\/\\\/baltoil.ee\\\/#website\",\"url\":\"https:\\\/\\\/baltoil.ee\\\/\",\"name\":\"Baltoil\",\"description\":\"\",\"publisher\":{\"@id\":\"https:\\\/\\\/baltoil.ee\\\/#organization\"},\"potentialAction\":[{\"@type\":\"SearchAction\",\"target\":{\"@type\":\"EntryPoint\",\"urlTemplate\":\"https:\\\/\\\/baltoil.ee\\\/?s={search_term_string}\"},\"query-input\":{\"@type\":\"PropertyValueSpecification\",\"valueRequired\":true,\"valueName\":\"search_term_string\"}}],\"inLanguage\":\"lt-LT\"},{\"@type\":\"Organization\",\"@id\":\"https:\\\/\\\/baltoil.ee\\\/#organization\",\"name\":\"AS Baltoil\",\"url\":\"https:\\\/\\\/baltoil.ee\\\/\",\"logo\":{\"@type\":\"ImageObject\",\"inLanguage\":\"lt-LT\",\"@id\":\"https:\\\/\\\/baltoil.ee\\\/#\\\/schema\\\/logo\\\/image\\\/\",\"url\":\"https:\\\/\\\/baltoil.ee\\\/wp-content\\\/uploads\\\/2020\\\/04\\\/baltoil_logo.svg\",\"contentUrl\":\"https:\\\/\\\/baltoil.ee\\\/wp-content\\\/uploads\\\/2020\\\/04\\\/baltoil_logo.svg\",\"width\":1,\"height\":1,\"caption\":\"AS Baltoil\"},\"image\":{\"@id\":\"https:\\\/\\\/baltoil.ee\\\/#\\\/schema\\\/logo\\\/image\\\/\"}}]}<\/script>\n<!-- \/ Yoast SEO plugin. -->","yoast_head_json":{"title":"X-1R Kulumisvastane m\u00e4\u00e4re \/ \u00d5lilisand - Baltoil","description":"X-1R on s\u00fcnteetiline metalli hooldusaine, mis v\u00e4hendab oluliselt metalli pindade kontaktist ja liikumisest tingitud h\u00f5\u00f5rdumist. Seet\u00f5ttu sobib X-1R mitmesuguste m\u00e4\u00e4rimisviiside jaoks.","robots":{"index":"index","follow":"follow","max-snippet":"max-snippet:-1","max-image-preview":"max-image-preview:large","max-video-preview":"max-video-preview:-1"},"canonical":"https:\/\/baltoil.ee\/en\/toode\/x-1r-kulumisvastane-maare-olilisand\/","og_locale":"lt_LT","og_type":"article","og_title":"X-1R Kulumisvastane m\u00e4\u00e4re \/ \u00d5lilisand - Baltoil","og_description":"X-1R on s\u00fcnteetiline metalli hooldusaine, mis v\u00e4hendab oluliselt metalli pindade kontaktist ja liikumisest tingitud h\u00f5\u00f5rdumist. Seet\u00f5ttu sobib X-1R mitmesuguste m\u00e4\u00e4rimisviiside jaoks.","og_url":"https:\/\/baltoil.ee\/en\/toode\/x-1r-kulumisvastane-maare-olilisand\/","og_site_name":"Baltoil","article_modified_time":"2020-03-20T08:11:25+00:00","og_image":[{"width":500,"height":354,"url":"https:\/\/baltoil.ee\/wp-content\/uploads\/2019\/09\/X-1R-box-web.png","type":"image\/png"}],"twitter_card":"summary_large_image","schema":{"@context":"https:\/\/schema.org","@graph":[{"@type":"WebPage","@id":"https:\/\/baltoil.ee\/en\/toode\/x-1r-kulumisvastane-maare-olilisand\/","url":"https:\/\/baltoil.ee\/en\/toode\/x-1r-kulumisvastane-maare-olilisand\/","name":"X-1R Kulumisvastane m\u00e4\u00e4re \/ \u00d5lilisand - Baltoil","isPartOf":{"@id":"https:\/\/baltoil.ee\/#website"},"primaryImageOfPage":{"@id":"https:\/\/baltoil.ee\/en\/toode\/x-1r-kulumisvastane-maare-olilisand\/#primaryimage"},"image":{"@id":"https:\/\/baltoil.ee\/en\/toode\/x-1r-kulumisvastane-maare-olilisand\/#primaryimage"},"thumbnailUrl":"https:\/\/baltoil.ee\/wp-content\/uploads\/2019\/09\/X-1R-box-web.png","datePublished":"2019-09-17T09:48:09+00:00","dateModified":"2020-03-20T08:11:25+00:00","description":"X-1R on s\u00fcnteetiline metalli hooldusaine, mis v\u00e4hendab oluliselt metalli pindade kontaktist ja liikumisest tingitud h\u00f5\u00f5rdumist. Seet\u00f5ttu sobib X-1R mitmesuguste m\u00e4\u00e4rimisviiside jaoks.","breadcrumb":{"@id":"https:\/\/baltoil.ee\/en\/toode\/x-1r-kulumisvastane-maare-olilisand\/#breadcrumb"},"inLanguage":"lt-LT","potentialAction":[{"@type":"ReadAction","target":["https:\/\/baltoil.ee\/en\/toode\/x-1r-kulumisvastane-maare-olilisand\/"]}]},{"@type":"ImageObject","inLanguage":"lt-LT","@id":"https:\/\/baltoil.ee\/en\/toode\/x-1r-kulumisvastane-maare-olilisand\/#primaryimage","url":"https:\/\/baltoil.ee\/wp-content\/uploads\/2019\/09\/X-1R-box-web.png","contentUrl":"https:\/\/baltoil.ee\/wp-content\/uploads\/2019\/09\/X-1R-box-web.png","width":500,"height":354},{"@type":"BreadcrumbList","@id":"https:\/\/baltoil.ee\/en\/toode\/x-1r-kulumisvastane-maare-olilisand\/#breadcrumb","itemListElement":[{"@type":"ListItem","position":1,"name":"Home","item":"https:\/\/baltoil.ee\/lt\/"},{"@type":"ListItem","position":2,"name":"Tooted","item":"https:\/\/baltoil.ee\/tooted\/"},{"@type":"ListItem","position":3,"name":"X-1R Kulumisvastane m\u00e4\u00e4re \/ \u00d5lilisand"}]},{"@type":"WebSite","@id":"https:\/\/baltoil.ee\/#website","url":"https:\/\/baltoil.ee\/","name":"Baltoil","description":"","publisher":{"@id":"https:\/\/baltoil.ee\/#organization"},"potentialAction":[{"@type":"SearchAction","target":{"@type":"EntryPoint","urlTemplate":"https:\/\/baltoil.ee\/?s={search_term_string}"},"query-input":{"@type":"PropertyValueSpecification","valueRequired":true,"valueName":"search_term_string"}}],"inLanguage":"lt-LT"},{"@type":"Organization","@id":"https:\/\/baltoil.ee\/#organization","name":"AS Baltoil","url":"https:\/\/baltoil.ee\/","logo":{"@type":"ImageObject","inLanguage":"lt-LT","@id":"https:\/\/baltoil.ee\/#\/schema\/logo\/image\/","url":"https:\/\/baltoil.ee\/wp-content\/uploads\/2020\/04\/baltoil_logo.svg","contentUrl":"https:\/\/baltoil.ee\/wp-content\/uploads\/2020\/04\/baltoil_logo.svg","width":1,"height":1,"caption":"AS Baltoil"},"image":{"@id":"https:\/\/baltoil.ee\/#\/schema\/logo\/image\/"}}]}},"_links":{"self":[{"href":"https:\/\/baltoil.ee\/lt\/wp-json\/wp\/v2\/product\/1176","targetHints":{"allow":["GET"]}}],"collection":[{"href":"https:\/\/baltoil.ee\/lt\/wp-json\/wp\/v2\/product"}],"about":[{"href":"https:\/\/baltoil.ee\/lt\/wp-json\/wp\/v2\/types\/product"}],"wp:featuredmedia":[{"embeddable":true,"href":"https:\/\/baltoil.ee\/lt\/wp-json\/wp\/v2\/media\/2542"}],"wp:attachment":[{"href":"https:\/\/baltoil.ee\/lt\/wp-json\/wp\/v2\/media?parent=1176"}],"wp:term":[{"taxonomy":"product_brand","embeddable":true,"href":"https:\/\/baltoil.ee\/lt\/wp-json\/wp\/v2\/product_brand?post=1176"},{"taxonomy":"product_cat","embeddable":true,"href":"https:\/\/baltoil.ee\/lt\/wp-json\/wp\/v2\/product_cat?post=1176"},{"taxonomy":"product_tag","embeddable":true,"href":"https:\/\/baltoil.ee\/lt\/wp-json\/wp\/v2\/product_tag?post=1176"}],"curies":[{"name":"wp","href":"https:\/\/api.w.org\/{rel}","templated":true}]}}