{"id":1084,"date":"2019-07-24T10:56:06","date_gmt":"2019-07-24T10:56:06","guid":{"rendered":"https:\/\/dev.baltoil.ee\/?post_type=product&#038;p=1084"},"modified":"2019-11-13T12:57:11","modified_gmt":"2019-11-13T12:57:11","slug":"rvs-relvadele","status":"publish","type":"product","link":"https:\/\/baltoil.ee\/lt\/toode\/rvs-relvadele\/","title":{"rendered":"RVS relvadele"},"content":{"rendered":"<input class=\"fooboxshare_post_id\" type=\"hidden\" value=\"1084\"\/>","protected":false},"excerpt":{"rendered":"<p>Tulirelva liikuvate osade kaitseks ja taastamiseks m\u00f5eldud vahend, mis on segu RVS \u00fchendist ja relva\u00f5list. Peale t\u00f6\u00f6tlemist paraneb relva t\u00e4psus ja pikeneb eluiga. RVS suudab taastada kulunud relvatoru ja kaitseb roostekahjustuste eest.<\/p>\n<p><a href=\"https:\/\/www.rvs.fi\/en\/tuote\/firearms\/\" target=\"_blank\" rel=\"noopener noreferrer\">Tootja koduleht<\/a><\/p>\n","protected":false},"featured_media":1822,"template":"","meta":{"_acf_changed":false},"product_brand":[],"product_cat":[110],"product_tag":[111],"class_list":{"0":"post-1084","1":"product","2":"type-product","3":"status-publish","4":"has-post-thumbnail","6":"product_cat-tooted","7":"product_tag-rvs","9":"first","10":"instock","11":"shipping-taxable","12":"product-type-simple"},"acf":[],"yoast_head":"<!-- This site is optimized with the Yoast SEO plugin v27.3 - https:\/\/yoast.com\/product\/yoast-seo-wordpress\/ -->\n<title>RVS relvadele - Relva\u00f5li ja RVS \u00fchendi segu - Baltoil<\/title>\n<meta name=\"description\" content=\"Relva\u00f5li ja RVS \u00fchendi segu tulirelva liikuvate osade kaitseks ja taastamiseks. Taastab kulunud relvatoru ja kaitseb rooste eest. Paraneb relva t\u00e4psus.\" \/>\n<meta name=\"robots\" content=\"index, follow, max-snippet:-1, max-image-preview:large, max-video-preview:-1\" \/>\n<link rel=\"canonical\" href=\"https:\/\/baltoil.ee\/toode\/rvs-relvadele\/\" \/>\n<meta property=\"og:locale\" content=\"lt_LT\" \/>\n<meta property=\"og:type\" content=\"article\" \/>\n<meta property=\"og:title\" content=\"RVS relvadele - Relva\u00f5li ja RVS \u00fchendi segu - Baltoil\" \/>\n<meta property=\"og:description\" content=\"Relva\u00f5li ja RVS \u00fchendi segu tulirelva liikuvate osade kaitseks ja taastamiseks. Taastab kulunud relvatoru ja kaitseb rooste eest. Paraneb relva t\u00e4psus.\" \/>\n<meta property=\"og:url\" content=\"https:\/\/baltoil.ee\/toode\/rvs-relvadele\/\" \/>\n<meta property=\"og:site_name\" content=\"Baltoil\" \/>\n<meta property=\"article:modified_time\" content=\"2019-11-13T12:57:11+00:00\" \/>\n<meta property=\"og:image\" content=\"https:\/\/baltoil.ee\/wp-content\/uploads\/2019\/07\/RVS-Gun-Treatment-600x814.png\" \/>\n\t<meta property=\"og:image:width\" content=\"600\" \/>\n\t<meta property=\"og:image:height\" content=\"814\" \/>\n\t<meta property=\"og:image:type\" content=\"image\/png\" \/>\n<meta name=\"twitter:card\" content=\"summary_large_image\" \/>\n<script type=\"application\/ld+json\" class=\"yoast-schema-graph\">{\"@context\":\"https:\\\/\\\/schema.org\",\"@graph\":[{\"@type\":\"WebPage\",\"@id\":\"https:\\\/\\\/baltoil.ee\\\/toode\\\/rvs-relvadele\\\/\",\"url\":\"https:\\\/\\\/baltoil.ee\\\/toode\\\/rvs-relvadele\\\/\",\"name\":\"RVS relvadele - Relva\u00f5li ja RVS \u00fchendi segu - Baltoil\",\"isPartOf\":{\"@id\":\"https:\\\/\\\/baltoil.ee\\\/#website\"},\"primaryImageOfPage\":{\"@id\":\"https:\\\/\\\/baltoil.ee\\\/toode\\\/rvs-relvadele\\\/#primaryimage\"},\"image\":{\"@id\":\"https:\\\/\\\/baltoil.ee\\\/toode\\\/rvs-relvadele\\\/#primaryimage\"},\"thumbnailUrl\":\"https:\\\/\\\/baltoil.ee\\\/wp-content\\\/uploads\\\/2019\\\/07\\\/RVS-Gun-Treatment-600x814.png\",\"datePublished\":\"2019-07-24T10:56:06+00:00\",\"dateModified\":\"2019-11-13T12:57:11+00:00\",\"description\":\"Relva\u00f5li ja RVS \u00fchendi segu tulirelva liikuvate osade kaitseks ja taastamiseks. Taastab kulunud relvatoru ja kaitseb rooste eest. Paraneb relva t\u00e4psus.\",\"breadcrumb\":{\"@id\":\"https:\\\/\\\/baltoil.ee\\\/toode\\\/rvs-relvadele\\\/#breadcrumb\"},\"inLanguage\":\"lt-LT\",\"potentialAction\":[{\"@type\":\"ReadAction\",\"target\":[\"https:\\\/\\\/baltoil.ee\\\/toode\\\/rvs-relvadele\\\/\"]}]},{\"@type\":\"ImageObject\",\"inLanguage\":\"lt-LT\",\"@id\":\"https:\\\/\\\/baltoil.ee\\\/toode\\\/rvs-relvadele\\\/#primaryimage\",\"url\":\"https:\\\/\\\/baltoil.ee\\\/wp-content\\\/uploads\\\/2019\\\/07\\\/RVS-Gun-Treatment-600x814.png\",\"contentUrl\":\"https:\\\/\\\/baltoil.ee\\\/wp-content\\\/uploads\\\/2019\\\/07\\\/RVS-Gun-Treatment-600x814.png\",\"width\":600,\"height\":814},{\"@type\":\"BreadcrumbList\",\"@id\":\"https:\\\/\\\/baltoil.ee\\\/toode\\\/rvs-relvadele\\\/#breadcrumb\",\"itemListElement\":[{\"@type\":\"ListItem\",\"position\":1,\"name\":\"Home\",\"item\":\"https:\\\/\\\/baltoil.ee\\\/lt\\\/\"},{\"@type\":\"ListItem\",\"position\":2,\"name\":\"Tooted\",\"item\":\"https:\\\/\\\/baltoil.ee\\\/tooted\\\/\"},{\"@type\":\"ListItem\",\"position\":3,\"name\":\"RVS relvadele\"}]},{\"@type\":\"WebSite\",\"@id\":\"https:\\\/\\\/baltoil.ee\\\/#website\",\"url\":\"https:\\\/\\\/baltoil.ee\\\/\",\"name\":\"Baltoil\",\"description\":\"\",\"publisher\":{\"@id\":\"https:\\\/\\\/baltoil.ee\\\/#organization\"},\"potentialAction\":[{\"@type\":\"SearchAction\",\"target\":{\"@type\":\"EntryPoint\",\"urlTemplate\":\"https:\\\/\\\/baltoil.ee\\\/?s={search_term_string}\"},\"query-input\":{\"@type\":\"PropertyValueSpecification\",\"valueRequired\":true,\"valueName\":\"search_term_string\"}}],\"inLanguage\":\"lt-LT\"},{\"@type\":\"Organization\",\"@id\":\"https:\\\/\\\/baltoil.ee\\\/#organization\",\"name\":\"AS Baltoil\",\"url\":\"https:\\\/\\\/baltoil.ee\\\/\",\"logo\":{\"@type\":\"ImageObject\",\"inLanguage\":\"lt-LT\",\"@id\":\"https:\\\/\\\/baltoil.ee\\\/#\\\/schema\\\/logo\\\/image\\\/\",\"url\":\"https:\\\/\\\/baltoil.ee\\\/wp-content\\\/uploads\\\/2020\\\/04\\\/baltoil_logo.svg\",\"contentUrl\":\"https:\\\/\\\/baltoil.ee\\\/wp-content\\\/uploads\\\/2020\\\/04\\\/baltoil_logo.svg\",\"width\":1,\"height\":1,\"caption\":\"AS Baltoil\"},\"image\":{\"@id\":\"https:\\\/\\\/baltoil.ee\\\/#\\\/schema\\\/logo\\\/image\\\/\"}}]}<\/script>\n<!-- \/ Yoast SEO plugin. -->","yoast_head_json":{"title":"RVS relvadele - Relva\u00f5li ja RVS \u00fchendi segu - Baltoil","description":"Relva\u00f5li ja RVS \u00fchendi segu tulirelva liikuvate osade kaitseks ja taastamiseks. Taastab kulunud relvatoru ja kaitseb rooste eest. Paraneb relva t\u00e4psus.","robots":{"index":"index","follow":"follow","max-snippet":"max-snippet:-1","max-image-preview":"max-image-preview:large","max-video-preview":"max-video-preview:-1"},"canonical":"https:\/\/baltoil.ee\/toode\/rvs-relvadele\/","og_locale":"lt_LT","og_type":"article","og_title":"RVS relvadele - Relva\u00f5li ja RVS \u00fchendi segu - Baltoil","og_description":"Relva\u00f5li ja RVS \u00fchendi segu tulirelva liikuvate osade kaitseks ja taastamiseks. Taastab kulunud relvatoru ja kaitseb rooste eest. Paraneb relva t\u00e4psus.","og_url":"https:\/\/baltoil.ee\/toode\/rvs-relvadele\/","og_site_name":"Baltoil","article_modified_time":"2019-11-13T12:57:11+00:00","og_image":[{"width":600,"height":814,"url":"https:\/\/baltoil.ee\/wp-content\/uploads\/2019\/07\/RVS-Gun-Treatment-600x814.png","type":"image\/png"}],"twitter_card":"summary_large_image","schema":{"@context":"https:\/\/schema.org","@graph":[{"@type":"WebPage","@id":"https:\/\/baltoil.ee\/toode\/rvs-relvadele\/","url":"https:\/\/baltoil.ee\/toode\/rvs-relvadele\/","name":"RVS relvadele - Relva\u00f5li ja RVS \u00fchendi segu - Baltoil","isPartOf":{"@id":"https:\/\/baltoil.ee\/#website"},"primaryImageOfPage":{"@id":"https:\/\/baltoil.ee\/toode\/rvs-relvadele\/#primaryimage"},"image":{"@id":"https:\/\/baltoil.ee\/toode\/rvs-relvadele\/#primaryimage"},"thumbnailUrl":"https:\/\/baltoil.ee\/wp-content\/uploads\/2019\/07\/RVS-Gun-Treatment-600x814.png","datePublished":"2019-07-24T10:56:06+00:00","dateModified":"2019-11-13T12:57:11+00:00","description":"Relva\u00f5li ja RVS \u00fchendi segu tulirelva liikuvate osade kaitseks ja taastamiseks. Taastab kulunud relvatoru ja kaitseb rooste eest. Paraneb relva t\u00e4psus.","breadcrumb":{"@id":"https:\/\/baltoil.ee\/toode\/rvs-relvadele\/#breadcrumb"},"inLanguage":"lt-LT","potentialAction":[{"@type":"ReadAction","target":["https:\/\/baltoil.ee\/toode\/rvs-relvadele\/"]}]},{"@type":"ImageObject","inLanguage":"lt-LT","@id":"https:\/\/baltoil.ee\/toode\/rvs-relvadele\/#primaryimage","url":"https:\/\/baltoil.ee\/wp-content\/uploads\/2019\/07\/RVS-Gun-Treatment-600x814.png","contentUrl":"https:\/\/baltoil.ee\/wp-content\/uploads\/2019\/07\/RVS-Gun-Treatment-600x814.png","width":600,"height":814},{"@type":"BreadcrumbList","@id":"https:\/\/baltoil.ee\/toode\/rvs-relvadele\/#breadcrumb","itemListElement":[{"@type":"ListItem","position":1,"name":"Home","item":"https:\/\/baltoil.ee\/lt\/"},{"@type":"ListItem","position":2,"name":"Tooted","item":"https:\/\/baltoil.ee\/tooted\/"},{"@type":"ListItem","position":3,"name":"RVS relvadele"}]},{"@type":"WebSite","@id":"https:\/\/baltoil.ee\/#website","url":"https:\/\/baltoil.ee\/","name":"Baltoil","description":"","publisher":{"@id":"https:\/\/baltoil.ee\/#organization"},"potentialAction":[{"@type":"SearchAction","target":{"@type":"EntryPoint","urlTemplate":"https:\/\/baltoil.ee\/?s={search_term_string}"},"query-input":{"@type":"PropertyValueSpecification","valueRequired":true,"valueName":"search_term_string"}}],"inLanguage":"lt-LT"},{"@type":"Organization","@id":"https:\/\/baltoil.ee\/#organization","name":"AS Baltoil","url":"https:\/\/baltoil.ee\/","logo":{"@type":"ImageObject","inLanguage":"lt-LT","@id":"https:\/\/baltoil.ee\/#\/schema\/logo\/image\/","url":"https:\/\/baltoil.ee\/wp-content\/uploads\/2020\/04\/baltoil_logo.svg","contentUrl":"https:\/\/baltoil.ee\/wp-content\/uploads\/2020\/04\/baltoil_logo.svg","width":1,"height":1,"caption":"AS Baltoil"},"image":{"@id":"https:\/\/baltoil.ee\/#\/schema\/logo\/image\/"}}]}},"_links":{"self":[{"href":"https:\/\/baltoil.ee\/lt\/wp-json\/wp\/v2\/product\/1084","targetHints":{"allow":["GET"]}}],"collection":[{"href":"https:\/\/baltoil.ee\/lt\/wp-json\/wp\/v2\/product"}],"about":[{"href":"https:\/\/baltoil.ee\/lt\/wp-json\/wp\/v2\/types\/product"}],"wp:featuredmedia":[{"embeddable":true,"href":"https:\/\/baltoil.ee\/lt\/wp-json\/wp\/v2\/media\/1822"}],"wp:attachment":[{"href":"https:\/\/baltoil.ee\/lt\/wp-json\/wp\/v2\/media?parent=1084"}],"wp:term":[{"taxonomy":"product_brand","embeddable":true,"href":"https:\/\/baltoil.ee\/lt\/wp-json\/wp\/v2\/product_brand?post=1084"},{"taxonomy":"product_cat","embeddable":true,"href":"https:\/\/baltoil.ee\/lt\/wp-json\/wp\/v2\/product_cat?post=1084"},{"taxonomy":"product_tag","embeddable":true,"href":"https:\/\/baltoil.ee\/lt\/wp-json\/wp\/v2\/product_tag?post=1084"}],"curies":[{"name":"wp","href":"https:\/\/api.w.org\/{rel}","templated":true}]}}