{"id":1082,"date":"2019-07-24T10:50:01","date_gmt":"2019-07-24T10:50:01","guid":{"rendered":"https:\/\/dev.baltoil.ee\/?post_type=product&#038;p=1082"},"modified":"2019-11-13T13:12:13","modified_gmt":"2019-11-13T13:12:13","slug":"rvs-mootorsaagidele","status":"publish","type":"product","link":"https:\/\/baltoil.ee\/lt\/toode\/rvs-mootorsaagidele\/","title":{"rendered":"RVS mootorsaagidele"},"content":{"rendered":"<input class=\"fooboxshare_post_id\" type=\"hidden\" value=\"1082\"\/>","protected":false},"excerpt":{"rendered":"<p>Spetsiaalne toode kahetaktiliste mootorsaagide kaitseks ja taastamiseks. \u00dchest pakist j\u00e4tkub \u00fche sae mootori ja keti t\u00f6\u00f6tlemiseks. \u00d5igesti kasutatuna t\u00f5stab mootorsae t\u00f6\u00f6v\u00f5imsuse tehasen\u00e4itudeni, v\u00e4hendab m\u00fcra, vibratsiooni ja k\u00fctusekulu ning pikendab sae t\u00f6\u00f6iga. Lisaks v\u00e4hendab ka ketile j\u00e4\u00e4vat mustuse hulka.<\/p>\n<p><a href=\"https:\/\/www.rvs.fi\/en\/tuote\/small-machinery\/\" target=\"_blank\" rel=\"noopener noreferrer\">Tootja koduleht<\/a><\/p>\n","protected":false},"featured_media":1826,"template":"","meta":{"_acf_changed":false},"product_brand":[],"product_cat":[110],"product_tag":[111,162],"class_list":{"0":"post-1082","1":"product","2":"type-product","3":"status-publish","4":"has-post-thumbnail","6":"product_cat-tooted","7":"product_tag-rvs","8":"product_tag-rvs-technology","10":"first","11":"instock","12":"shipping-taxable","13":"product-type-simple"},"acf":[],"yoast_head":"<!-- This site is optimized with the Yoast SEO plugin v27.3 - https:\/\/yoast.com\/product\/yoast-seo-wordpress\/ -->\n<title>RVS mootorsaagidele - RVS Technology\u00ae - Baltoil<\/title>\n<meta name=\"description\" content=\"Spetsiaalne toode kahetaktiliste mootorsaagide kaitseks ja taastamiseks. \u00dchest pakist j\u00e4tkub \u00fche sae mootori ja keti t\u00f6\u00f6tlemiseks. Pikendab sae t\u00f6\u00f6iga.\" \/>\n<meta name=\"robots\" content=\"index, follow, max-snippet:-1, max-image-preview:large, max-video-preview:-1\" \/>\n<link rel=\"canonical\" href=\"https:\/\/baltoil.ee\/toode\/rvs-mootorsaagidele\/\" \/>\n<meta property=\"og:locale\" content=\"lt_LT\" \/>\n<meta property=\"og:type\" content=\"article\" \/>\n<meta property=\"og:title\" content=\"RVS mootorsaagidele - RVS Technology\u00ae - Baltoil\" \/>\n<meta property=\"og:description\" content=\"Spetsiaalne toode kahetaktiliste mootorsaagide kaitseks ja taastamiseks. \u00dchest pakist j\u00e4tkub \u00fche sae mootori ja keti t\u00f6\u00f6tlemiseks. Pikendab sae t\u00f6\u00f6iga.\" \/>\n<meta property=\"og:url\" content=\"https:\/\/baltoil.ee\/toode\/rvs-mootorsaagidele\/\" \/>\n<meta property=\"og:site_name\" content=\"Baltoil\" \/>\n<meta property=\"article:modified_time\" content=\"2019-11-13T13:12:13+00:00\" \/>\n<meta property=\"og:image\" content=\"https:\/\/baltoil.ee\/wp-content\/uploads\/2019\/07\/RVS-Chain-Saw-Treatment.png\" \/>\n\t<meta property=\"og:image:width\" content=\"576\" \/>\n\t<meta property=\"og:image:height\" content=\"619\" \/>\n\t<meta property=\"og:image:type\" content=\"image\/png\" \/>\n<meta name=\"twitter:card\" content=\"summary_large_image\" \/>\n<script type=\"application\/ld+json\" class=\"yoast-schema-graph\">{\"@context\":\"https:\\\/\\\/schema.org\",\"@graph\":[{\"@type\":\"WebPage\",\"@id\":\"https:\\\/\\\/baltoil.ee\\\/toode\\\/rvs-mootorsaagidele\\\/\",\"url\":\"https:\\\/\\\/baltoil.ee\\\/toode\\\/rvs-mootorsaagidele\\\/\",\"name\":\"RVS mootorsaagidele - RVS Technology\u00ae - Baltoil\",\"isPartOf\":{\"@id\":\"https:\\\/\\\/baltoil.ee\\\/#website\"},\"primaryImageOfPage\":{\"@id\":\"https:\\\/\\\/baltoil.ee\\\/toode\\\/rvs-mootorsaagidele\\\/#primaryimage\"},\"image\":{\"@id\":\"https:\\\/\\\/baltoil.ee\\\/toode\\\/rvs-mootorsaagidele\\\/#primaryimage\"},\"thumbnailUrl\":\"https:\\\/\\\/baltoil.ee\\\/wp-content\\\/uploads\\\/2019\\\/07\\\/RVS-Chain-Saw-Treatment.png\",\"datePublished\":\"2019-07-24T10:50:01+00:00\",\"dateModified\":\"2019-11-13T13:12:13+00:00\",\"description\":\"Spetsiaalne toode kahetaktiliste mootorsaagide kaitseks ja taastamiseks. \u00dchest pakist j\u00e4tkub \u00fche sae mootori ja keti t\u00f6\u00f6tlemiseks. Pikendab sae t\u00f6\u00f6iga.\",\"breadcrumb\":{\"@id\":\"https:\\\/\\\/baltoil.ee\\\/toode\\\/rvs-mootorsaagidele\\\/#breadcrumb\"},\"inLanguage\":\"lt-LT\",\"potentialAction\":[{\"@type\":\"ReadAction\",\"target\":[\"https:\\\/\\\/baltoil.ee\\\/toode\\\/rvs-mootorsaagidele\\\/\"]}]},{\"@type\":\"ImageObject\",\"inLanguage\":\"lt-LT\",\"@id\":\"https:\\\/\\\/baltoil.ee\\\/toode\\\/rvs-mootorsaagidele\\\/#primaryimage\",\"url\":\"https:\\\/\\\/baltoil.ee\\\/wp-content\\\/uploads\\\/2019\\\/07\\\/RVS-Chain-Saw-Treatment.png\",\"contentUrl\":\"https:\\\/\\\/baltoil.ee\\\/wp-content\\\/uploads\\\/2019\\\/07\\\/RVS-Chain-Saw-Treatment.png\",\"width\":576,\"height\":619},{\"@type\":\"BreadcrumbList\",\"@id\":\"https:\\\/\\\/baltoil.ee\\\/toode\\\/rvs-mootorsaagidele\\\/#breadcrumb\",\"itemListElement\":[{\"@type\":\"ListItem\",\"position\":1,\"name\":\"Home\",\"item\":\"https:\\\/\\\/baltoil.ee\\\/lt\\\/\"},{\"@type\":\"ListItem\",\"position\":2,\"name\":\"Tooted\",\"item\":\"https:\\\/\\\/baltoil.ee\\\/tooted\\\/\"},{\"@type\":\"ListItem\",\"position\":3,\"name\":\"RVS mootorsaagidele\"}]},{\"@type\":\"WebSite\",\"@id\":\"https:\\\/\\\/baltoil.ee\\\/#website\",\"url\":\"https:\\\/\\\/baltoil.ee\\\/\",\"name\":\"Baltoil\",\"description\":\"\",\"publisher\":{\"@id\":\"https:\\\/\\\/baltoil.ee\\\/#organization\"},\"potentialAction\":[{\"@type\":\"SearchAction\",\"target\":{\"@type\":\"EntryPoint\",\"urlTemplate\":\"https:\\\/\\\/baltoil.ee\\\/?s={search_term_string}\"},\"query-input\":{\"@type\":\"PropertyValueSpecification\",\"valueRequired\":true,\"valueName\":\"search_term_string\"}}],\"inLanguage\":\"lt-LT\"},{\"@type\":\"Organization\",\"@id\":\"https:\\\/\\\/baltoil.ee\\\/#organization\",\"name\":\"AS Baltoil\",\"url\":\"https:\\\/\\\/baltoil.ee\\\/\",\"logo\":{\"@type\":\"ImageObject\",\"inLanguage\":\"lt-LT\",\"@id\":\"https:\\\/\\\/baltoil.ee\\\/#\\\/schema\\\/logo\\\/image\\\/\",\"url\":\"https:\\\/\\\/baltoil.ee\\\/wp-content\\\/uploads\\\/2020\\\/04\\\/baltoil_logo.svg\",\"contentUrl\":\"https:\\\/\\\/baltoil.ee\\\/wp-content\\\/uploads\\\/2020\\\/04\\\/baltoil_logo.svg\",\"width\":1,\"height\":1,\"caption\":\"AS Baltoil\"},\"image\":{\"@id\":\"https:\\\/\\\/baltoil.ee\\\/#\\\/schema\\\/logo\\\/image\\\/\"}}]}<\/script>\n<!-- \/ Yoast SEO plugin. -->","yoast_head_json":{"title":"RVS mootorsaagidele - RVS Technology\u00ae - Baltoil","description":"Spetsiaalne toode kahetaktiliste mootorsaagide kaitseks ja taastamiseks. \u00dchest pakist j\u00e4tkub \u00fche sae mootori ja keti t\u00f6\u00f6tlemiseks. Pikendab sae t\u00f6\u00f6iga.","robots":{"index":"index","follow":"follow","max-snippet":"max-snippet:-1","max-image-preview":"max-image-preview:large","max-video-preview":"max-video-preview:-1"},"canonical":"https:\/\/baltoil.ee\/toode\/rvs-mootorsaagidele\/","og_locale":"lt_LT","og_type":"article","og_title":"RVS mootorsaagidele - RVS Technology\u00ae - Baltoil","og_description":"Spetsiaalne toode kahetaktiliste mootorsaagide kaitseks ja taastamiseks. \u00dchest pakist j\u00e4tkub \u00fche sae mootori ja keti t\u00f6\u00f6tlemiseks. Pikendab sae t\u00f6\u00f6iga.","og_url":"https:\/\/baltoil.ee\/toode\/rvs-mootorsaagidele\/","og_site_name":"Baltoil","article_modified_time":"2019-11-13T13:12:13+00:00","og_image":[{"width":576,"height":619,"url":"https:\/\/baltoil.ee\/wp-content\/uploads\/2019\/07\/RVS-Chain-Saw-Treatment.png","type":"image\/png"}],"twitter_card":"summary_large_image","schema":{"@context":"https:\/\/schema.org","@graph":[{"@type":"WebPage","@id":"https:\/\/baltoil.ee\/toode\/rvs-mootorsaagidele\/","url":"https:\/\/baltoil.ee\/toode\/rvs-mootorsaagidele\/","name":"RVS mootorsaagidele - RVS Technology\u00ae - Baltoil","isPartOf":{"@id":"https:\/\/baltoil.ee\/#website"},"primaryImageOfPage":{"@id":"https:\/\/baltoil.ee\/toode\/rvs-mootorsaagidele\/#primaryimage"},"image":{"@id":"https:\/\/baltoil.ee\/toode\/rvs-mootorsaagidele\/#primaryimage"},"thumbnailUrl":"https:\/\/baltoil.ee\/wp-content\/uploads\/2019\/07\/RVS-Chain-Saw-Treatment.png","datePublished":"2019-07-24T10:50:01+00:00","dateModified":"2019-11-13T13:12:13+00:00","description":"Spetsiaalne toode kahetaktiliste mootorsaagide kaitseks ja taastamiseks. \u00dchest pakist j\u00e4tkub \u00fche sae mootori ja keti t\u00f6\u00f6tlemiseks. Pikendab sae t\u00f6\u00f6iga.","breadcrumb":{"@id":"https:\/\/baltoil.ee\/toode\/rvs-mootorsaagidele\/#breadcrumb"},"inLanguage":"lt-LT","potentialAction":[{"@type":"ReadAction","target":["https:\/\/baltoil.ee\/toode\/rvs-mootorsaagidele\/"]}]},{"@type":"ImageObject","inLanguage":"lt-LT","@id":"https:\/\/baltoil.ee\/toode\/rvs-mootorsaagidele\/#primaryimage","url":"https:\/\/baltoil.ee\/wp-content\/uploads\/2019\/07\/RVS-Chain-Saw-Treatment.png","contentUrl":"https:\/\/baltoil.ee\/wp-content\/uploads\/2019\/07\/RVS-Chain-Saw-Treatment.png","width":576,"height":619},{"@type":"BreadcrumbList","@id":"https:\/\/baltoil.ee\/toode\/rvs-mootorsaagidele\/#breadcrumb","itemListElement":[{"@type":"ListItem","position":1,"name":"Home","item":"https:\/\/baltoil.ee\/lt\/"},{"@type":"ListItem","position":2,"name":"Tooted","item":"https:\/\/baltoil.ee\/tooted\/"},{"@type":"ListItem","position":3,"name":"RVS mootorsaagidele"}]},{"@type":"WebSite","@id":"https:\/\/baltoil.ee\/#website","url":"https:\/\/baltoil.ee\/","name":"Baltoil","description":"","publisher":{"@id":"https:\/\/baltoil.ee\/#organization"},"potentialAction":[{"@type":"SearchAction","target":{"@type":"EntryPoint","urlTemplate":"https:\/\/baltoil.ee\/?s={search_term_string}"},"query-input":{"@type":"PropertyValueSpecification","valueRequired":true,"valueName":"search_term_string"}}],"inLanguage":"lt-LT"},{"@type":"Organization","@id":"https:\/\/baltoil.ee\/#organization","name":"AS Baltoil","url":"https:\/\/baltoil.ee\/","logo":{"@type":"ImageObject","inLanguage":"lt-LT","@id":"https:\/\/baltoil.ee\/#\/schema\/logo\/image\/","url":"https:\/\/baltoil.ee\/wp-content\/uploads\/2020\/04\/baltoil_logo.svg","contentUrl":"https:\/\/baltoil.ee\/wp-content\/uploads\/2020\/04\/baltoil_logo.svg","width":1,"height":1,"caption":"AS Baltoil"},"image":{"@id":"https:\/\/baltoil.ee\/#\/schema\/logo\/image\/"}}]}},"_links":{"self":[{"href":"https:\/\/baltoil.ee\/lt\/wp-json\/wp\/v2\/product\/1082","targetHints":{"allow":["GET"]}}],"collection":[{"href":"https:\/\/baltoil.ee\/lt\/wp-json\/wp\/v2\/product"}],"about":[{"href":"https:\/\/baltoil.ee\/lt\/wp-json\/wp\/v2\/types\/product"}],"wp:featuredmedia":[{"embeddable":true,"href":"https:\/\/baltoil.ee\/lt\/wp-json\/wp\/v2\/media\/1826"}],"wp:attachment":[{"href":"https:\/\/baltoil.ee\/lt\/wp-json\/wp\/v2\/media?parent=1082"}],"wp:term":[{"taxonomy":"product_brand","embeddable":true,"href":"https:\/\/baltoil.ee\/lt\/wp-json\/wp\/v2\/product_brand?post=1082"},{"taxonomy":"product_cat","embeddable":true,"href":"https:\/\/baltoil.ee\/lt\/wp-json\/wp\/v2\/product_cat?post=1082"},{"taxonomy":"product_tag","embeddable":true,"href":"https:\/\/baltoil.ee\/lt\/wp-json\/wp\/v2\/product_tag?post=1082"}],"curies":[{"name":"wp","href":"https:\/\/api.w.org\/{rel}","templated":true}]}}