{"id":1079,"date":"2019-07-24T10:37:05","date_gmt":"2019-07-24T10:37:05","guid":{"rendered":"https:\/\/dev.baltoil.ee\/?post_type=product&#038;p=1079"},"modified":"2019-11-14T09:16:11","modified_gmt":"2019-11-14T09:16:11","slug":"rvs-mootorile","status":"publish","type":"product","link":"https:\/\/baltoil.ee\/lt\/toode\/rvs-mootorile\/","title":{"rendered":"RVS mootorile"},"content":{"rendered":"<input class=\"fooboxshare_post_id\" type=\"hidden\" value=\"1079\"\/>","protected":false},"excerpt":{"rendered":"<p>Eraldi vahendid bensiini- ja diiselmootoritele. RVS kaitse tekitab keemilise reaktsiooni tulemusena metalliosakestega mootori metallpindadele uue tribo-keraamilise kihi. Tulemuseks on metallist tugevam, k\u00f5rgema temperatuuritaluvuse ja madalama h\u00f5\u00f5rdeteguriga pind. See kaitseb silindriseinu, nukkv\u00f5lli laagreid ja teisi mootoriosi kulumise eest ning taastab juba kulunud pinnad praktiliselt algsele tasemele. RVS-iga t\u00f6\u00f6tlemise tulemuseks on madalam h\u00f5\u00f5rdemoment, sellest tulenev madalam k\u00fctusekulu (keskm. 5-10%) ja oluliselt v\u00e4henenud saasteaste. Mootori surveaste ja \u00f5lir\u00f5hk taastuvad peaaegu tehasen\u00e4itudeni, t\u00f5stes seel\u00e4bi mootori v\u00f5imsust. S\u00f5iduauto mootor muutub vaiksemaks, paljudel juhtudel kaob mootorikl\u00f5bin t\u00e4ielikult. RVS t\u00f6\u00f6tlus kestab kuni 60 000 km \u2013 seda ei pea kordama iga \u00f5livahetusega.<\/p>\n","protected":false},"featured_media":1854,"template":"","meta":{"_acf_changed":false},"product_brand":[],"product_cat":[110],"product_tag":[22,111],"class_list":{"0":"post-1079","1":"product","2":"type-product","3":"status-publish","4":"has-post-thumbnail","6":"product_cat-tooted","7":"product_tag-autokeemia","8":"product_tag-rvs","10":"first","11":"instock","12":"shipping-taxable","13":"product-type-simple"},"acf":[],"yoast_head":"<!-- This site is optimized with the Yoast SEO plugin v27.3 - https:\/\/yoast.com\/product\/yoast-seo-wordpress\/ -->\n<title>RVS kaitse - Eraldi vahendid bensiini- ja diiselmootoritel - RVS Technology\u00ae - Baltoil<\/title>\n<meta name=\"description\" content=\"RVS tekitab mootori metallpindadele tribo-keraamilise kihi. Tulemuseks on metallist tugevam, k\u00f5rgema temperatuuritaluvuse ja madalama h\u00f5\u00f5rdeteguriga pind.\" \/>\n<meta name=\"robots\" content=\"index, follow, max-snippet:-1, max-image-preview:large, max-video-preview:-1\" \/>\n<link rel=\"canonical\" href=\"https:\/\/baltoil.ee\/toode\/rvs-mootorile\/\" \/>\n<meta property=\"og:locale\" content=\"lt_LT\" \/>\n<meta property=\"og:type\" content=\"article\" \/>\n<meta property=\"og:title\" content=\"RVS kaitse - Eraldi vahendid bensiini- ja diiselmootoritel - RVS Technology\u00ae - Baltoil\" \/>\n<meta property=\"og:description\" content=\"RVS tekitab mootori metallpindadele tribo-keraamilise kihi. Tulemuseks on metallist tugevam, k\u00f5rgema temperatuuritaluvuse ja madalama h\u00f5\u00f5rdeteguriga pind.\" \/>\n<meta property=\"og:url\" content=\"https:\/\/baltoil.ee\/toode\/rvs-mootorile\/\" \/>\n<meta property=\"og:site_name\" content=\"Baltoil\" \/>\n<meta property=\"article:modified_time\" content=\"2019-11-14T09:16:11+00:00\" \/>\n<meta property=\"og:image\" content=\"https:\/\/baltoil.ee\/wp-content\/uploads\/2019\/07\/RVS-Engine-G8-1600x1067.jpg\" \/>\n\t<meta property=\"og:image:width\" content=\"2000\" \/>\n\t<meta property=\"og:image:height\" content=\"2000\" \/>\n\t<meta property=\"og:image:type\" content=\"image\/jpeg\" \/>\n<meta name=\"twitter:card\" content=\"summary_large_image\" \/>\n<script type=\"application\/ld+json\" class=\"yoast-schema-graph\">{\"@context\":\"https:\\\/\\\/schema.org\",\"@graph\":[{\"@type\":\"WebPage\",\"@id\":\"https:\\\/\\\/baltoil.ee\\\/toode\\\/rvs-mootorile\\\/\",\"url\":\"https:\\\/\\\/baltoil.ee\\\/toode\\\/rvs-mootorile\\\/\",\"name\":\"RVS kaitse - Eraldi vahendid bensiini- ja diiselmootoritel - RVS Technology\u00ae - Baltoil\",\"isPartOf\":{\"@id\":\"https:\\\/\\\/baltoil.ee\\\/#website\"},\"primaryImageOfPage\":{\"@id\":\"https:\\\/\\\/baltoil.ee\\\/toode\\\/rvs-mootorile\\\/#primaryimage\"},\"image\":{\"@id\":\"https:\\\/\\\/baltoil.ee\\\/toode\\\/rvs-mootorile\\\/#primaryimage\"},\"thumbnailUrl\":\"https:\\\/\\\/baltoil.ee\\\/wp-content\\\/uploads\\\/2019\\\/07\\\/RVS-Engine-G8-1600x1067.jpg\",\"datePublished\":\"2019-07-24T10:37:05+00:00\",\"dateModified\":\"2019-11-14T09:16:11+00:00\",\"description\":\"RVS tekitab mootori metallpindadele tribo-keraamilise kihi. Tulemuseks on metallist tugevam, k\u00f5rgema temperatuuritaluvuse ja madalama h\u00f5\u00f5rdeteguriga pind.\",\"breadcrumb\":{\"@id\":\"https:\\\/\\\/baltoil.ee\\\/toode\\\/rvs-mootorile\\\/#breadcrumb\"},\"inLanguage\":\"lt-LT\",\"potentialAction\":[{\"@type\":\"ReadAction\",\"target\":[\"https:\\\/\\\/baltoil.ee\\\/toode\\\/rvs-mootorile\\\/\"]}]},{\"@type\":\"ImageObject\",\"inLanguage\":\"lt-LT\",\"@id\":\"https:\\\/\\\/baltoil.ee\\\/toode\\\/rvs-mootorile\\\/#primaryimage\",\"url\":\"https:\\\/\\\/baltoil.ee\\\/wp-content\\\/uploads\\\/2019\\\/07\\\/RVS-Engine-G8-1600x1067.jpg\",\"contentUrl\":\"https:\\\/\\\/baltoil.ee\\\/wp-content\\\/uploads\\\/2019\\\/07\\\/RVS-Engine-G8-1600x1067.jpg\",\"width\":2000,\"height\":2000},{\"@type\":\"BreadcrumbList\",\"@id\":\"https:\\\/\\\/baltoil.ee\\\/toode\\\/rvs-mootorile\\\/#breadcrumb\",\"itemListElement\":[{\"@type\":\"ListItem\",\"position\":1,\"name\":\"Home\",\"item\":\"https:\\\/\\\/baltoil.ee\\\/lt\\\/\"},{\"@type\":\"ListItem\",\"position\":2,\"name\":\"Tooted\",\"item\":\"https:\\\/\\\/baltoil.ee\\\/tooted\\\/\"},{\"@type\":\"ListItem\",\"position\":3,\"name\":\"RVS mootorile\"}]},{\"@type\":\"WebSite\",\"@id\":\"https:\\\/\\\/baltoil.ee\\\/#website\",\"url\":\"https:\\\/\\\/baltoil.ee\\\/\",\"name\":\"Baltoil\",\"description\":\"\",\"publisher\":{\"@id\":\"https:\\\/\\\/baltoil.ee\\\/#organization\"},\"potentialAction\":[{\"@type\":\"SearchAction\",\"target\":{\"@type\":\"EntryPoint\",\"urlTemplate\":\"https:\\\/\\\/baltoil.ee\\\/?s={search_term_string}\"},\"query-input\":{\"@type\":\"PropertyValueSpecification\",\"valueRequired\":true,\"valueName\":\"search_term_string\"}}],\"inLanguage\":\"lt-LT\"},{\"@type\":\"Organization\",\"@id\":\"https:\\\/\\\/baltoil.ee\\\/#organization\",\"name\":\"AS Baltoil\",\"url\":\"https:\\\/\\\/baltoil.ee\\\/\",\"logo\":{\"@type\":\"ImageObject\",\"inLanguage\":\"lt-LT\",\"@id\":\"https:\\\/\\\/baltoil.ee\\\/#\\\/schema\\\/logo\\\/image\\\/\",\"url\":\"https:\\\/\\\/baltoil.ee\\\/wp-content\\\/uploads\\\/2020\\\/04\\\/baltoil_logo.svg\",\"contentUrl\":\"https:\\\/\\\/baltoil.ee\\\/wp-content\\\/uploads\\\/2020\\\/04\\\/baltoil_logo.svg\",\"width\":1,\"height\":1,\"caption\":\"AS Baltoil\"},\"image\":{\"@id\":\"https:\\\/\\\/baltoil.ee\\\/#\\\/schema\\\/logo\\\/image\\\/\"}}]}<\/script>\n<!-- \/ Yoast SEO plugin. -->","yoast_head_json":{"title":"RVS kaitse - Eraldi vahendid bensiini- ja diiselmootoritel - RVS Technology\u00ae - Baltoil","description":"RVS tekitab mootori metallpindadele tribo-keraamilise kihi. Tulemuseks on metallist tugevam, k\u00f5rgema temperatuuritaluvuse ja madalama h\u00f5\u00f5rdeteguriga pind.","robots":{"index":"index","follow":"follow","max-snippet":"max-snippet:-1","max-image-preview":"max-image-preview:large","max-video-preview":"max-video-preview:-1"},"canonical":"https:\/\/baltoil.ee\/toode\/rvs-mootorile\/","og_locale":"lt_LT","og_type":"article","og_title":"RVS kaitse - Eraldi vahendid bensiini- ja diiselmootoritel - RVS Technology\u00ae - Baltoil","og_description":"RVS tekitab mootori metallpindadele tribo-keraamilise kihi. Tulemuseks on metallist tugevam, k\u00f5rgema temperatuuritaluvuse ja madalama h\u00f5\u00f5rdeteguriga pind.","og_url":"https:\/\/baltoil.ee\/toode\/rvs-mootorile\/","og_site_name":"Baltoil","article_modified_time":"2019-11-14T09:16:11+00:00","og_image":[{"width":2000,"height":2000,"url":"https:\/\/baltoil.ee\/wp-content\/uploads\/2019\/07\/RVS-Engine-G8-1600x1067.jpg","type":"image\/jpeg"}],"twitter_card":"summary_large_image","schema":{"@context":"https:\/\/schema.org","@graph":[{"@type":"WebPage","@id":"https:\/\/baltoil.ee\/toode\/rvs-mootorile\/","url":"https:\/\/baltoil.ee\/toode\/rvs-mootorile\/","name":"RVS kaitse - Eraldi vahendid bensiini- ja diiselmootoritel - RVS Technology\u00ae - Baltoil","isPartOf":{"@id":"https:\/\/baltoil.ee\/#website"},"primaryImageOfPage":{"@id":"https:\/\/baltoil.ee\/toode\/rvs-mootorile\/#primaryimage"},"image":{"@id":"https:\/\/baltoil.ee\/toode\/rvs-mootorile\/#primaryimage"},"thumbnailUrl":"https:\/\/baltoil.ee\/wp-content\/uploads\/2019\/07\/RVS-Engine-G8-1600x1067.jpg","datePublished":"2019-07-24T10:37:05+00:00","dateModified":"2019-11-14T09:16:11+00:00","description":"RVS tekitab mootori metallpindadele tribo-keraamilise kihi. Tulemuseks on metallist tugevam, k\u00f5rgema temperatuuritaluvuse ja madalama h\u00f5\u00f5rdeteguriga pind.","breadcrumb":{"@id":"https:\/\/baltoil.ee\/toode\/rvs-mootorile\/#breadcrumb"},"inLanguage":"lt-LT","potentialAction":[{"@type":"ReadAction","target":["https:\/\/baltoil.ee\/toode\/rvs-mootorile\/"]}]},{"@type":"ImageObject","inLanguage":"lt-LT","@id":"https:\/\/baltoil.ee\/toode\/rvs-mootorile\/#primaryimage","url":"https:\/\/baltoil.ee\/wp-content\/uploads\/2019\/07\/RVS-Engine-G8-1600x1067.jpg","contentUrl":"https:\/\/baltoil.ee\/wp-content\/uploads\/2019\/07\/RVS-Engine-G8-1600x1067.jpg","width":2000,"height":2000},{"@type":"BreadcrumbList","@id":"https:\/\/baltoil.ee\/toode\/rvs-mootorile\/#breadcrumb","itemListElement":[{"@type":"ListItem","position":1,"name":"Home","item":"https:\/\/baltoil.ee\/lt\/"},{"@type":"ListItem","position":2,"name":"Tooted","item":"https:\/\/baltoil.ee\/tooted\/"},{"@type":"ListItem","position":3,"name":"RVS mootorile"}]},{"@type":"WebSite","@id":"https:\/\/baltoil.ee\/#website","url":"https:\/\/baltoil.ee\/","name":"Baltoil","description":"","publisher":{"@id":"https:\/\/baltoil.ee\/#organization"},"potentialAction":[{"@type":"SearchAction","target":{"@type":"EntryPoint","urlTemplate":"https:\/\/baltoil.ee\/?s={search_term_string}"},"query-input":{"@type":"PropertyValueSpecification","valueRequired":true,"valueName":"search_term_string"}}],"inLanguage":"lt-LT"},{"@type":"Organization","@id":"https:\/\/baltoil.ee\/#organization","name":"AS Baltoil","url":"https:\/\/baltoil.ee\/","logo":{"@type":"ImageObject","inLanguage":"lt-LT","@id":"https:\/\/baltoil.ee\/#\/schema\/logo\/image\/","url":"https:\/\/baltoil.ee\/wp-content\/uploads\/2020\/04\/baltoil_logo.svg","contentUrl":"https:\/\/baltoil.ee\/wp-content\/uploads\/2020\/04\/baltoil_logo.svg","width":1,"height":1,"caption":"AS Baltoil"},"image":{"@id":"https:\/\/baltoil.ee\/#\/schema\/logo\/image\/"}}]}},"_links":{"self":[{"href":"https:\/\/baltoil.ee\/lt\/wp-json\/wp\/v2\/product\/1079","targetHints":{"allow":["GET"]}}],"collection":[{"href":"https:\/\/baltoil.ee\/lt\/wp-json\/wp\/v2\/product"}],"about":[{"href":"https:\/\/baltoil.ee\/lt\/wp-json\/wp\/v2\/types\/product"}],"wp:featuredmedia":[{"embeddable":true,"href":"https:\/\/baltoil.ee\/lt\/wp-json\/wp\/v2\/media\/1854"}],"wp:attachment":[{"href":"https:\/\/baltoil.ee\/lt\/wp-json\/wp\/v2\/media?parent=1079"}],"wp:term":[{"taxonomy":"product_brand","embeddable":true,"href":"https:\/\/baltoil.ee\/lt\/wp-json\/wp\/v2\/product_brand?post=1079"},{"taxonomy":"product_cat","embeddable":true,"href":"https:\/\/baltoil.ee\/lt\/wp-json\/wp\/v2\/product_cat?post=1079"},{"taxonomy":"product_tag","embeddable":true,"href":"https:\/\/baltoil.ee\/lt\/wp-json\/wp\/v2\/product_tag?post=1079"}],"curies":[{"name":"wp","href":"https:\/\/api.w.org\/{rel}","templated":true}]}}