{"id":1037,"date":"2019-07-16T09:43:10","date_gmt":"2019-07-16T09:43:10","guid":{"rendered":"https:\/\/dev.baltoil.ee\/?post_type=product&#038;p=1037"},"modified":"2019-11-14T09:48:49","modified_gmt":"2019-11-14T09:48:49","slug":"teklube-coolube-bio-80","status":"publish","type":"product","link":"https:\/\/baltoil.ee\/lt\/toode\/teklube-coolube-bio-80\/","title":{"rendered":"Teklube Coolube BIO 80"},"content":{"rendered":"<input class=\"fooboxshare_post_id\" type=\"hidden\" value=\"1037\"\/>","protected":false},"excerpt":{"rendered":"<p>Biostabiilne vees lahustuv jahutus-m\u00e4\u00e4rdevedelik, mida kasutatakse metallil\u00f5iket\u00f6\u00f6tlusel ja mis moodustab veega segunedes piimja \/ l\u00e4bikumava emulsiooni.<\/p>\n<p>Teklube BIO 80 v\u00f5ib kasutada v\u00e4ga erinevate metallit\u00f6\u00f6tlemisoperatsioonide puhul. Selle emulsiooni kasutusaeg on v\u00f5rreldes tavaliste piimjate lahustuvate \u00f5lidega pikem. Teklube BIO 80 on ideaalne kasutada pehmete materjalide nagu vase sulamid ja alumiinium l\u00f5iket\u00f6\u00f6tlusel. Oma omadustelt ei muuda toode t\u00f6\u00f6deldavate materjalide kvaliteedin\u00e4itajaid.<br \/>\nKasutamine: maksimaalne lahjenduse kontsentraat on kuni 10%. Siiski saab suurema osa operatsioonidest l\u00e4bi viia 5-7 % kontsentratsiooni korral. Toode lahustatakse alati vette, mitte vastupidi.<br \/>\nToote erikaal on 20 C juures 1,08. PH 5 % kontsentraadi puhul (deioniseeritud vesi) 9,1 refraktomeetri korrektsioonitegur 1,0 korrosioonikaitse IP 287 p\u00f5hjal 5 % kontsentratsiooni puhul B.P.<br \/>\n\u00dclalloetletud tooted on v\u00e4lja t\u00f6\u00f6tatud just Eesti karedat vett arvestades. Inglismaal toodetud tooted on segatud just sellist segu valemit kasutades.Meie vee karedus k\u00f5igub piirkonniti 9 -15-ni. Sealjuures v\u00f5ib arvestada emulsioonikontsentraadi segamisvahekorda veega vastavalt t\u00f6\u00f6tlemisviisidele j\u00e4rgnevalt: l\u00f5iket\u00f6\u00f6tlemine (olenevalt t\u00f6\u00f6deldavast materjalist, laastu suurusest jne. 5-7 % lihvimine 2-3 %.<br \/>\nEmulsiooni kontsentratsioon peaks olema valitud nii, et ta \u00fcheaegselt nii m\u00e4\u00e4riks, kui ka jahutaks.<br \/>\nTeklube BIO 80 ei tohi kasutada lahjemalt kui 2 %.<br \/>\nHeale hinna ja kvaliteedi suhtele on Teklube BIO 80 ja BIO 45X kasutusele v\u00f5tnud paljud tuntud metallit\u00f6\u00f6tlejad \u00fcle Eesti. N\u00e4iteks AS Tarkon.<\/p>\n","protected":false},"featured_media":1038,"template":"","meta":{"_acf_changed":false},"product_brand":[],"product_cat":[68],"product_tag":[95,94,93],"class_list":{"0":"post-1037","1":"product","2":"type-product","3":"status-publish","4":"has-post-thumbnail","6":"product_cat-teklube","7":"product_tag-metalliloikevedelik","8":"product_tag-metallitood","9":"product_tag-teklube","11":"first","12":"instock","13":"shipping-taxable","14":"product-type-simple"},"acf":[],"yoast_head":"<!-- This site is optimized with the Yoast SEO plugin v27.3 - https:\/\/yoast.com\/product\/yoast-seo-wordpress\/ -->\n<title>Teklube Coolube BIO 80 - Vees lahustuv metalli jahutus-m\u00e4\u00e4rdevedelik - Baltoil<\/title>\n<meta name=\"description\" content=\"Teklube BIO 80 v\u00f5ib kasutada v\u00e4ga erinevate metalli t\u00f6\u00f6tlemiste puhul. Emulsiooni kasutusaeg on v\u00f5rreldes tavaliste piimjate lahustuvate \u00f5lidega pikem.\" \/>\n<meta name=\"robots\" content=\"index, follow, max-snippet:-1, max-image-preview:large, max-video-preview:-1\" \/>\n<link rel=\"canonical\" href=\"https:\/\/baltoil.ee\/toode\/teklube-coolube-bio-80\/\" \/>\n<meta property=\"og:locale\" content=\"lt_LT\" \/>\n<meta property=\"og:type\" content=\"article\" \/>\n<meta property=\"og:title\" content=\"Teklube Coolube BIO 80 - Vees lahustuv metalli jahutus-m\u00e4\u00e4rdevedelik - Baltoil\" \/>\n<meta property=\"og:description\" content=\"Teklube BIO 80 v\u00f5ib kasutada v\u00e4ga erinevate metalli t\u00f6\u00f6tlemiste puhul. Emulsiooni kasutusaeg on v\u00f5rreldes tavaliste piimjate lahustuvate \u00f5lidega pikem.\" \/>\n<meta property=\"og:url\" content=\"https:\/\/baltoil.ee\/toode\/teklube-coolube-bio-80\/\" \/>\n<meta property=\"og:site_name\" content=\"Baltoil\" \/>\n<meta property=\"article:modified_time\" content=\"2019-11-14T09:48:49+00:00\" \/>\n<meta property=\"og:image\" content=\"https:\/\/baltoil.ee\/wp-content\/uploads\/2019\/07\/teklube-logo_ilma-taustata.png\" \/>\n\t<meta property=\"og:image:width\" content=\"1008\" \/>\n\t<meta property=\"og:image:height\" content=\"159\" \/>\n\t<meta property=\"og:image:type\" content=\"image\/png\" \/>\n<meta name=\"twitter:card\" content=\"summary_large_image\" \/>\n<script type=\"application\/ld+json\" class=\"yoast-schema-graph\">{\"@context\":\"https:\\\/\\\/schema.org\",\"@graph\":[{\"@type\":\"WebPage\",\"@id\":\"https:\\\/\\\/baltoil.ee\\\/toode\\\/teklube-coolube-bio-80\\\/\",\"url\":\"https:\\\/\\\/baltoil.ee\\\/toode\\\/teklube-coolube-bio-80\\\/\",\"name\":\"Teklube Coolube BIO 80 - Vees lahustuv metalli jahutus-m\u00e4\u00e4rdevedelik - Baltoil\",\"isPartOf\":{\"@id\":\"https:\\\/\\\/baltoil.ee\\\/#website\"},\"primaryImageOfPage\":{\"@id\":\"https:\\\/\\\/baltoil.ee\\\/toode\\\/teklube-coolube-bio-80\\\/#primaryimage\"},\"image\":{\"@id\":\"https:\\\/\\\/baltoil.ee\\\/toode\\\/teklube-coolube-bio-80\\\/#primaryimage\"},\"thumbnailUrl\":\"https:\\\/\\\/baltoil.ee\\\/wp-content\\\/uploads\\\/2019\\\/07\\\/teklube-logo_ilma-taustata.png\",\"datePublished\":\"2019-07-16T09:43:10+00:00\",\"dateModified\":\"2019-11-14T09:48:49+00:00\",\"description\":\"Teklube BIO 80 v\u00f5ib kasutada v\u00e4ga erinevate metalli t\u00f6\u00f6tlemiste puhul. Emulsiooni kasutusaeg on v\u00f5rreldes tavaliste piimjate lahustuvate \u00f5lidega pikem.\",\"breadcrumb\":{\"@id\":\"https:\\\/\\\/baltoil.ee\\\/toode\\\/teklube-coolube-bio-80\\\/#breadcrumb\"},\"inLanguage\":\"lt-LT\",\"potentialAction\":[{\"@type\":\"ReadAction\",\"target\":[\"https:\\\/\\\/baltoil.ee\\\/toode\\\/teklube-coolube-bio-80\\\/\"]}]},{\"@type\":\"ImageObject\",\"inLanguage\":\"lt-LT\",\"@id\":\"https:\\\/\\\/baltoil.ee\\\/toode\\\/teklube-coolube-bio-80\\\/#primaryimage\",\"url\":\"https:\\\/\\\/baltoil.ee\\\/wp-content\\\/uploads\\\/2019\\\/07\\\/teklube-logo_ilma-taustata.png\",\"contentUrl\":\"https:\\\/\\\/baltoil.ee\\\/wp-content\\\/uploads\\\/2019\\\/07\\\/teklube-logo_ilma-taustata.png\",\"width\":1008,\"height\":159},{\"@type\":\"BreadcrumbList\",\"@id\":\"https:\\\/\\\/baltoil.ee\\\/toode\\\/teklube-coolube-bio-80\\\/#breadcrumb\",\"itemListElement\":[{\"@type\":\"ListItem\",\"position\":1,\"name\":\"Home\",\"item\":\"https:\\\/\\\/baltoil.ee\\\/lt\\\/\"},{\"@type\":\"ListItem\",\"position\":2,\"name\":\"Tooted\",\"item\":\"https:\\\/\\\/baltoil.ee\\\/tooted\\\/\"},{\"@type\":\"ListItem\",\"position\":3,\"name\":\"Teklube Coolube BIO 80\"}]},{\"@type\":\"WebSite\",\"@id\":\"https:\\\/\\\/baltoil.ee\\\/#website\",\"url\":\"https:\\\/\\\/baltoil.ee\\\/\",\"name\":\"Baltoil\",\"description\":\"\",\"publisher\":{\"@id\":\"https:\\\/\\\/baltoil.ee\\\/#organization\"},\"potentialAction\":[{\"@type\":\"SearchAction\",\"target\":{\"@type\":\"EntryPoint\",\"urlTemplate\":\"https:\\\/\\\/baltoil.ee\\\/?s={search_term_string}\"},\"query-input\":{\"@type\":\"PropertyValueSpecification\",\"valueRequired\":true,\"valueName\":\"search_term_string\"}}],\"inLanguage\":\"lt-LT\"},{\"@type\":\"Organization\",\"@id\":\"https:\\\/\\\/baltoil.ee\\\/#organization\",\"name\":\"AS Baltoil\",\"url\":\"https:\\\/\\\/baltoil.ee\\\/\",\"logo\":{\"@type\":\"ImageObject\",\"inLanguage\":\"lt-LT\",\"@id\":\"https:\\\/\\\/baltoil.ee\\\/#\\\/schema\\\/logo\\\/image\\\/\",\"url\":\"https:\\\/\\\/baltoil.ee\\\/wp-content\\\/uploads\\\/2020\\\/04\\\/baltoil_logo.svg\",\"contentUrl\":\"https:\\\/\\\/baltoil.ee\\\/wp-content\\\/uploads\\\/2020\\\/04\\\/baltoil_logo.svg\",\"width\":1,\"height\":1,\"caption\":\"AS Baltoil\"},\"image\":{\"@id\":\"https:\\\/\\\/baltoil.ee\\\/#\\\/schema\\\/logo\\\/image\\\/\"}}]}<\/script>\n<!-- \/ Yoast SEO plugin. -->","yoast_head_json":{"title":"Teklube Coolube BIO 80 - Vees lahustuv metalli jahutus-m\u00e4\u00e4rdevedelik - Baltoil","description":"Teklube BIO 80 v\u00f5ib kasutada v\u00e4ga erinevate metalli t\u00f6\u00f6tlemiste puhul. Emulsiooni kasutusaeg on v\u00f5rreldes tavaliste piimjate lahustuvate \u00f5lidega pikem.","robots":{"index":"index","follow":"follow","max-snippet":"max-snippet:-1","max-image-preview":"max-image-preview:large","max-video-preview":"max-video-preview:-1"},"canonical":"https:\/\/baltoil.ee\/toode\/teklube-coolube-bio-80\/","og_locale":"lt_LT","og_type":"article","og_title":"Teklube Coolube BIO 80 - Vees lahustuv metalli jahutus-m\u00e4\u00e4rdevedelik - Baltoil","og_description":"Teklube BIO 80 v\u00f5ib kasutada v\u00e4ga erinevate metalli t\u00f6\u00f6tlemiste puhul. Emulsiooni kasutusaeg on v\u00f5rreldes tavaliste piimjate lahustuvate \u00f5lidega pikem.","og_url":"https:\/\/baltoil.ee\/toode\/teklube-coolube-bio-80\/","og_site_name":"Baltoil","article_modified_time":"2019-11-14T09:48:49+00:00","og_image":[{"width":1008,"height":159,"url":"https:\/\/baltoil.ee\/wp-content\/uploads\/2019\/07\/teklube-logo_ilma-taustata.png","type":"image\/png"}],"twitter_card":"summary_large_image","schema":{"@context":"https:\/\/schema.org","@graph":[{"@type":"WebPage","@id":"https:\/\/baltoil.ee\/toode\/teklube-coolube-bio-80\/","url":"https:\/\/baltoil.ee\/toode\/teklube-coolube-bio-80\/","name":"Teklube Coolube BIO 80 - Vees lahustuv metalli jahutus-m\u00e4\u00e4rdevedelik - Baltoil","isPartOf":{"@id":"https:\/\/baltoil.ee\/#website"},"primaryImageOfPage":{"@id":"https:\/\/baltoil.ee\/toode\/teklube-coolube-bio-80\/#primaryimage"},"image":{"@id":"https:\/\/baltoil.ee\/toode\/teklube-coolube-bio-80\/#primaryimage"},"thumbnailUrl":"https:\/\/baltoil.ee\/wp-content\/uploads\/2019\/07\/teklube-logo_ilma-taustata.png","datePublished":"2019-07-16T09:43:10+00:00","dateModified":"2019-11-14T09:48:49+00:00","description":"Teklube BIO 80 v\u00f5ib kasutada v\u00e4ga erinevate metalli t\u00f6\u00f6tlemiste puhul. Emulsiooni kasutusaeg on v\u00f5rreldes tavaliste piimjate lahustuvate \u00f5lidega pikem.","breadcrumb":{"@id":"https:\/\/baltoil.ee\/toode\/teklube-coolube-bio-80\/#breadcrumb"},"inLanguage":"lt-LT","potentialAction":[{"@type":"ReadAction","target":["https:\/\/baltoil.ee\/toode\/teklube-coolube-bio-80\/"]}]},{"@type":"ImageObject","inLanguage":"lt-LT","@id":"https:\/\/baltoil.ee\/toode\/teklube-coolube-bio-80\/#primaryimage","url":"https:\/\/baltoil.ee\/wp-content\/uploads\/2019\/07\/teklube-logo_ilma-taustata.png","contentUrl":"https:\/\/baltoil.ee\/wp-content\/uploads\/2019\/07\/teklube-logo_ilma-taustata.png","width":1008,"height":159},{"@type":"BreadcrumbList","@id":"https:\/\/baltoil.ee\/toode\/teklube-coolube-bio-80\/#breadcrumb","itemListElement":[{"@type":"ListItem","position":1,"name":"Home","item":"https:\/\/baltoil.ee\/lt\/"},{"@type":"ListItem","position":2,"name":"Tooted","item":"https:\/\/baltoil.ee\/tooted\/"},{"@type":"ListItem","position":3,"name":"Teklube Coolube BIO 80"}]},{"@type":"WebSite","@id":"https:\/\/baltoil.ee\/#website","url":"https:\/\/baltoil.ee\/","name":"Baltoil","description":"","publisher":{"@id":"https:\/\/baltoil.ee\/#organization"},"potentialAction":[{"@type":"SearchAction","target":{"@type":"EntryPoint","urlTemplate":"https:\/\/baltoil.ee\/?s={search_term_string}"},"query-input":{"@type":"PropertyValueSpecification","valueRequired":true,"valueName":"search_term_string"}}],"inLanguage":"lt-LT"},{"@type":"Organization","@id":"https:\/\/baltoil.ee\/#organization","name":"AS Baltoil","url":"https:\/\/baltoil.ee\/","logo":{"@type":"ImageObject","inLanguage":"lt-LT","@id":"https:\/\/baltoil.ee\/#\/schema\/logo\/image\/","url":"https:\/\/baltoil.ee\/wp-content\/uploads\/2020\/04\/baltoil_logo.svg","contentUrl":"https:\/\/baltoil.ee\/wp-content\/uploads\/2020\/04\/baltoil_logo.svg","width":1,"height":1,"caption":"AS Baltoil"},"image":{"@id":"https:\/\/baltoil.ee\/#\/schema\/logo\/image\/"}}]}},"_links":{"self":[{"href":"https:\/\/baltoil.ee\/lt\/wp-json\/wp\/v2\/product\/1037","targetHints":{"allow":["GET"]}}],"collection":[{"href":"https:\/\/baltoil.ee\/lt\/wp-json\/wp\/v2\/product"}],"about":[{"href":"https:\/\/baltoil.ee\/lt\/wp-json\/wp\/v2\/types\/product"}],"wp:featuredmedia":[{"embeddable":true,"href":"https:\/\/baltoil.ee\/lt\/wp-json\/wp\/v2\/media\/1038"}],"wp:attachment":[{"href":"https:\/\/baltoil.ee\/lt\/wp-json\/wp\/v2\/media?parent=1037"}],"wp:term":[{"taxonomy":"product_brand","embeddable":true,"href":"https:\/\/baltoil.ee\/lt\/wp-json\/wp\/v2\/product_brand?post=1037"},{"taxonomy":"product_cat","embeddable":true,"href":"https:\/\/baltoil.ee\/lt\/wp-json\/wp\/v2\/product_cat?post=1037"},{"taxonomy":"product_tag","embeddable":true,"href":"https:\/\/baltoil.ee\/lt\/wp-json\/wp\/v2\/product_tag?post=1037"}],"curies":[{"name":"wp","href":"https:\/\/api.w.org\/{rel}","templated":true}]}}