{"id":3194,"date":"2019-05-07T11:17:35","date_gmt":"2019-05-07T11:17:35","guid":{"rendered":"https:\/\/baltoil.ee\/avaleht\/"},"modified":"2020-04-29T11:32:32","modified_gmt":"2020-04-29T11:32:32","slug":"avaleht","status":"publish","type":"page","link":"https:\/\/baltoil.ee\/lt\/","title":{"rendered":"Pradinis puslapis"},"content":{"rendered":"<input class=\"fooboxshare_post_id\" type=\"hidden\" value=\"3194\"\/>","protected":false},"excerpt":{"rendered":"","protected":false},"author":1,"featured_media":0,"parent":0,"menu_order":0,"comment_status":"closed","ping_status":"closed","template":"templates\/home.php","meta":{"_acf_changed":false,"footnotes":""},"class_list":["post-3194","page","type-page","status-publish","hentry"],"acf":[],"yoast_head":"<!-- This site is optimized with the Yoast SEO plugin v27.5 - https:\/\/yoast.com\/product\/yoast-seo-wordpress\/ -->\n<title>Pradinis puslapis - Baltoil<\/title>\n<meta name=\"description\" content=\"1992 m. \u012fkurta \u201eAS Baltoil\u201c \u2013 daugiafunkc\u0117 pardavimo ir gamybos srityse veikianti \u012fmon\u0117.\" \/>\n<meta name=\"robots\" content=\"index, follow, max-snippet:-1, max-image-preview:large, max-video-preview:-1\" \/>\n<link rel=\"canonical\" href=\"https:\/\/baltoil.ee\/lt\/\" \/>\n<meta property=\"og:locale\" content=\"lt_LT\" \/>\n<meta property=\"og:type\" content=\"article\" \/>\n<meta property=\"og:title\" content=\"Pradinis puslapis - Baltoil\" \/>\n<meta property=\"og:description\" content=\"1992 m. \u012fkurta \u201eAS Baltoil\u201c \u2013 daugiafunkc\u0117 pardavimo ir gamybos srityse veikianti \u012fmon\u0117.\" \/>\n<meta property=\"og:url\" content=\"https:\/\/baltoil.ee\/lt\/\" \/>\n<meta property=\"og:site_name\" content=\"Baltoil\" \/>\n<meta property=\"article:modified_time\" content=\"2020-04-29T11:32:32+00:00\" \/>\n<meta name=\"twitter:card\" content=\"summary_large_image\" \/>\n<script type=\"application\/ld+json\" class=\"yoast-schema-graph\">{\"@context\":\"https:\\\/\\\/schema.org\",\"@graph\":[{\"@type\":\"WebPage\",\"@id\":\"https:\\\/\\\/baltoil.ee\\\/lt\\\/\",\"url\":\"https:\\\/\\\/baltoil.ee\\\/lt\\\/\",\"name\":\"Pradinis puslapis - Baltoil\",\"isPartOf\":{\"@id\":\"https:\\\/\\\/baltoil.ee\\\/#website\"},\"datePublished\":\"2019-05-07T11:17:35+00:00\",\"dateModified\":\"2020-04-29T11:32:32+00:00\",\"description\":\"1992 m. \u012fkurta \u201eAS Baltoil\u201c \u2013 daugiafunkc\u0117 pardavimo ir gamybos srityse veikianti \u012fmon\u0117.\",\"breadcrumb\":{\"@id\":\"https:\\\/\\\/baltoil.ee\\\/lt\\\/#breadcrumb\"},\"inLanguage\":\"lt-LT\",\"potentialAction\":[{\"@type\":\"ReadAction\",\"target\":[\"https:\\\/\\\/baltoil.ee\\\/lt\\\/\"]}]},{\"@type\":\"BreadcrumbList\",\"@id\":\"https:\\\/\\\/baltoil.ee\\\/lt\\\/#breadcrumb\",\"itemListElement\":[{\"@type\":\"ListItem\",\"position\":1,\"name\":\"Home\",\"item\":\"https:\\\/\\\/baltoil.ee\\\/lt\\\/\"},{\"@type\":\"ListItem\",\"position\":2,\"name\":\"Pradinis puslapis\"}]},{\"@type\":\"WebSite\",\"@id\":\"https:\\\/\\\/baltoil.ee\\\/#website\",\"url\":\"https:\\\/\\\/baltoil.ee\\\/\",\"name\":\"Baltoil\",\"description\":\"\",\"publisher\":{\"@id\":\"https:\\\/\\\/baltoil.ee\\\/#organization\"},\"potentialAction\":[{\"@type\":\"SearchAction\",\"target\":{\"@type\":\"EntryPoint\",\"urlTemplate\":\"https:\\\/\\\/baltoil.ee\\\/?s={search_term_string}\"},\"query-input\":{\"@type\":\"PropertyValueSpecification\",\"valueRequired\":true,\"valueName\":\"search_term_string\"}}],\"inLanguage\":\"lt-LT\"},{\"@type\":\"Organization\",\"@id\":\"https:\\\/\\\/baltoil.ee\\\/#organization\",\"name\":\"AS Baltoil\",\"url\":\"https:\\\/\\\/baltoil.ee\\\/\",\"logo\":{\"@type\":\"ImageObject\",\"inLanguage\":\"lt-LT\",\"@id\":\"https:\\\/\\\/baltoil.ee\\\/#\\\/schema\\\/logo\\\/image\\\/\",\"url\":\"https:\\\/\\\/baltoil.ee\\\/wp-content\\\/uploads\\\/2020\\\/04\\\/baltoil_logo.svg\",\"contentUrl\":\"https:\\\/\\\/baltoil.ee\\\/wp-content\\\/uploads\\\/2020\\\/04\\\/baltoil_logo.svg\",\"width\":1,\"height\":1,\"caption\":\"AS Baltoil\"},\"image\":{\"@id\":\"https:\\\/\\\/baltoil.ee\\\/#\\\/schema\\\/logo\\\/image\\\/\"}}]}<\/script>\n<!-- \/ Yoast SEO plugin. -->","yoast_head_json":{"title":"Pradinis puslapis - Baltoil","description":"1992 m. \u012fkurta \u201eAS Baltoil\u201c \u2013 daugiafunkc\u0117 pardavimo ir gamybos srityse veikianti \u012fmon\u0117.","robots":{"index":"index","follow":"follow","max-snippet":"max-snippet:-1","max-image-preview":"max-image-preview:large","max-video-preview":"max-video-preview:-1"},"canonical":"https:\/\/baltoil.ee\/lt\/","og_locale":"lt_LT","og_type":"article","og_title":"Pradinis puslapis - Baltoil","og_description":"1992 m. \u012fkurta \u201eAS Baltoil\u201c \u2013 daugiafunkc\u0117 pardavimo ir gamybos srityse veikianti \u012fmon\u0117.","og_url":"https:\/\/baltoil.ee\/lt\/","og_site_name":"Baltoil","article_modified_time":"2020-04-29T11:32:32+00:00","twitter_card":"summary_large_image","schema":{"@context":"https:\/\/schema.org","@graph":[{"@type":"WebPage","@id":"https:\/\/baltoil.ee\/lt\/","url":"https:\/\/baltoil.ee\/lt\/","name":"Pradinis puslapis - Baltoil","isPartOf":{"@id":"https:\/\/baltoil.ee\/#website"},"datePublished":"2019-05-07T11:17:35+00:00","dateModified":"2020-04-29T11:32:32+00:00","description":"1992 m. \u012fkurta \u201eAS Baltoil\u201c \u2013 daugiafunkc\u0117 pardavimo ir gamybos srityse veikianti \u012fmon\u0117.","breadcrumb":{"@id":"https:\/\/baltoil.ee\/lt\/#breadcrumb"},"inLanguage":"lt-LT","potentialAction":[{"@type":"ReadAction","target":["https:\/\/baltoil.ee\/lt\/"]}]},{"@type":"BreadcrumbList","@id":"https:\/\/baltoil.ee\/lt\/#breadcrumb","itemListElement":[{"@type":"ListItem","position":1,"name":"Home","item":"https:\/\/baltoil.ee\/lt\/"},{"@type":"ListItem","position":2,"name":"Pradinis puslapis"}]},{"@type":"WebSite","@id":"https:\/\/baltoil.ee\/#website","url":"https:\/\/baltoil.ee\/","name":"Baltoil","description":"","publisher":{"@id":"https:\/\/baltoil.ee\/#organization"},"potentialAction":[{"@type":"SearchAction","target":{"@type":"EntryPoint","urlTemplate":"https:\/\/baltoil.ee\/?s={search_term_string}"},"query-input":{"@type":"PropertyValueSpecification","valueRequired":true,"valueName":"search_term_string"}}],"inLanguage":"lt-LT"},{"@type":"Organization","@id":"https:\/\/baltoil.ee\/#organization","name":"AS Baltoil","url":"https:\/\/baltoil.ee\/","logo":{"@type":"ImageObject","inLanguage":"lt-LT","@id":"https:\/\/baltoil.ee\/#\/schema\/logo\/image\/","url":"https:\/\/baltoil.ee\/wp-content\/uploads\/2020\/04\/baltoil_logo.svg","contentUrl":"https:\/\/baltoil.ee\/wp-content\/uploads\/2020\/04\/baltoil_logo.svg","width":1,"height":1,"caption":"AS Baltoil"},"image":{"@id":"https:\/\/baltoil.ee\/#\/schema\/logo\/image\/"}}]}},"_links":{"self":[{"href":"https:\/\/baltoil.ee\/lt\/wp-json\/wp\/v2\/pages\/3194","targetHints":{"allow":["GET"]}}],"collection":[{"href":"https:\/\/baltoil.ee\/lt\/wp-json\/wp\/v2\/pages"}],"about":[{"href":"https:\/\/baltoil.ee\/lt\/wp-json\/wp\/v2\/types\/page"}],"author":[{"embeddable":true,"href":"https:\/\/baltoil.ee\/lt\/wp-json\/wp\/v2\/users\/1"}],"replies":[{"embeddable":true,"href":"https:\/\/baltoil.ee\/lt\/wp-json\/wp\/v2\/comments?post=3194"}],"version-history":[{"count":5,"href":"https:\/\/baltoil.ee\/lt\/wp-json\/wp\/v2\/pages\/3194\/revisions"}],"predecessor-version":[{"id":3287,"href":"https:\/\/baltoil.ee\/lt\/wp-json\/wp\/v2\/pages\/3194\/revisions\/3287"}],"wp:attachment":[{"href":"https:\/\/baltoil.ee\/lt\/wp-json\/wp\/v2\/media?parent=3194"}],"curies":[{"name":"wp","href":"https:\/\/api.w.org\/{rel}","templated":true}]}}