{"id":3190,"date":"2019-05-07T11:43:55","date_gmt":"2019-05-07T11:43:55","guid":{"rendered":"https:\/\/baltoil.ee\/ettevotte\/"},"modified":"2020-04-29T09:22:48","modified_gmt":"2020-04-29T09:22:48","slug":"apie-imone","status":"publish","type":"page","link":"https:\/\/baltoil.ee\/lt\/apie-imone\/","title":{"rendered":"Apie \u012fmon\u0119"},"content":{"rendered":"<input class=\"fooboxshare_post_id\" type=\"hidden\" value=\"3190\"\/>","protected":false},"excerpt":{"rendered":"","protected":false},"author":1,"featured_media":0,"parent":0,"menu_order":0,"comment_status":"closed","ping_status":"closed","template":"templates\/about.php","meta":{"_acf_changed":false,"footnotes":""},"class_list":["post-3190","page","type-page","status-publish","hentry"],"acf":[],"yoast_head":"<!-- This site is optimized with the Yoast SEO plugin v27.3 - https:\/\/yoast.com\/product\/yoast-seo-wordpress\/ -->\n<title>Apie \u012fmon\u0119 - Baltoil<\/title>\n<meta name=\"description\" content=\"\u201eBaltoil AS\u201c yra Estijos \u012fmon\u0117, kurios specializacija yra alyv\u0173 ir chemikal\u0173 mai\u0161ymas ir pakavimas. \u201eAS BALTOIL\u201c prekiauja labai \u012fvairiais produktais \u2013 autochemija, mototechnika, sodo, valymo bei golfo \u012franga, vynu ir daugeliu kit\u0173.\" \/>\n<meta name=\"robots\" content=\"index, follow, max-snippet:-1, max-image-preview:large, max-video-preview:-1\" \/>\n<link rel=\"canonical\" href=\"https:\/\/baltoil.ee\/lt\/apie-imone\/\" \/>\n<meta property=\"og:locale\" content=\"lt_LT\" \/>\n<meta property=\"og:type\" content=\"article\" \/>\n<meta property=\"og:title\" content=\"Apie \u012fmon\u0119 - Baltoil\" \/>\n<meta property=\"og:description\" content=\"\u201eBaltoil AS\u201c yra Estijos \u012fmon\u0117, kurios specializacija yra alyv\u0173 ir chemikal\u0173 mai\u0161ymas ir pakavimas. \u201eAS BALTOIL\u201c prekiauja labai \u012fvairiais produktais \u2013 autochemija, mototechnika, sodo, valymo bei golfo \u012franga, vynu ir daugeliu kit\u0173.\" \/>\n<meta property=\"og:url\" content=\"https:\/\/baltoil.ee\/lt\/apie-imone\/\" \/>\n<meta property=\"og:site_name\" content=\"Baltoil\" \/>\n<meta property=\"article:modified_time\" content=\"2020-04-29T09:22:48+00:00\" \/>\n<meta name=\"twitter:card\" content=\"summary_large_image\" \/>\n<script type=\"application\/ld+json\" class=\"yoast-schema-graph\">{\"@context\":\"https:\\\/\\\/schema.org\",\"@graph\":[{\"@type\":\"WebPage\",\"@id\":\"https:\\\/\\\/baltoil.ee\\\/lt\\\/apie-imone\\\/\",\"url\":\"https:\\\/\\\/baltoil.ee\\\/lt\\\/apie-imone\\\/\",\"name\":\"Apie \u012fmon\u0119 - Baltoil\",\"isPartOf\":{\"@id\":\"https:\\\/\\\/baltoil.ee\\\/#website\"},\"datePublished\":\"2019-05-07T11:43:55+00:00\",\"dateModified\":\"2020-04-29T09:22:48+00:00\",\"description\":\"\u201eBaltoil AS\u201c yra Estijos \u012fmon\u0117, kurios specializacija yra alyv\u0173 ir chemikal\u0173 mai\u0161ymas ir pakavimas. \u201eAS BALTOIL\u201c prekiauja labai \u012fvairiais produktais \u2013 autochemija, mototechnika, sodo, valymo bei golfo \u012franga, vynu ir daugeliu kit\u0173.\",\"breadcrumb\":{\"@id\":\"https:\\\/\\\/baltoil.ee\\\/lt\\\/apie-imone\\\/#breadcrumb\"},\"inLanguage\":\"lt-LT\",\"potentialAction\":[{\"@type\":\"ReadAction\",\"target\":[\"https:\\\/\\\/baltoil.ee\\\/lt\\\/apie-imone\\\/\"]}]},{\"@type\":\"BreadcrumbList\",\"@id\":\"https:\\\/\\\/baltoil.ee\\\/lt\\\/apie-imone\\\/#breadcrumb\",\"itemListElement\":[{\"@type\":\"ListItem\",\"position\":1,\"name\":\"Home\",\"item\":\"https:\\\/\\\/baltoil.ee\\\/lt\\\/\"},{\"@type\":\"ListItem\",\"position\":2,\"name\":\"Apie \u012fmon\u0119\"}]},{\"@type\":\"WebSite\",\"@id\":\"https:\\\/\\\/baltoil.ee\\\/#website\",\"url\":\"https:\\\/\\\/baltoil.ee\\\/\",\"name\":\"Baltoil\",\"description\":\"\",\"publisher\":{\"@id\":\"https:\\\/\\\/baltoil.ee\\\/#organization\"},\"potentialAction\":[{\"@type\":\"SearchAction\",\"target\":{\"@type\":\"EntryPoint\",\"urlTemplate\":\"https:\\\/\\\/baltoil.ee\\\/?s={search_term_string}\"},\"query-input\":{\"@type\":\"PropertyValueSpecification\",\"valueRequired\":true,\"valueName\":\"search_term_string\"}}],\"inLanguage\":\"lt-LT\"},{\"@type\":\"Organization\",\"@id\":\"https:\\\/\\\/baltoil.ee\\\/#organization\",\"name\":\"AS Baltoil\",\"url\":\"https:\\\/\\\/baltoil.ee\\\/\",\"logo\":{\"@type\":\"ImageObject\",\"inLanguage\":\"lt-LT\",\"@id\":\"https:\\\/\\\/baltoil.ee\\\/#\\\/schema\\\/logo\\\/image\\\/\",\"url\":\"https:\\\/\\\/baltoil.ee\\\/wp-content\\\/uploads\\\/2020\\\/04\\\/baltoil_logo.svg\",\"contentUrl\":\"https:\\\/\\\/baltoil.ee\\\/wp-content\\\/uploads\\\/2020\\\/04\\\/baltoil_logo.svg\",\"width\":1,\"height\":1,\"caption\":\"AS Baltoil\"},\"image\":{\"@id\":\"https:\\\/\\\/baltoil.ee\\\/#\\\/schema\\\/logo\\\/image\\\/\"}}]}<\/script>\n<!-- \/ Yoast SEO plugin. -->","yoast_head_json":{"title":"Apie \u012fmon\u0119 - Baltoil","description":"\u201eBaltoil AS\u201c yra Estijos \u012fmon\u0117, kurios specializacija yra alyv\u0173 ir chemikal\u0173 mai\u0161ymas ir pakavimas. \u201eAS BALTOIL\u201c prekiauja labai \u012fvairiais produktais \u2013 autochemija, mototechnika, sodo, valymo bei golfo \u012franga, vynu ir daugeliu kit\u0173.","robots":{"index":"index","follow":"follow","max-snippet":"max-snippet:-1","max-image-preview":"max-image-preview:large","max-video-preview":"max-video-preview:-1"},"canonical":"https:\/\/baltoil.ee\/lt\/apie-imone\/","og_locale":"lt_LT","og_type":"article","og_title":"Apie \u012fmon\u0119 - Baltoil","og_description":"\u201eBaltoil AS\u201c yra Estijos \u012fmon\u0117, kurios specializacija yra alyv\u0173 ir chemikal\u0173 mai\u0161ymas ir pakavimas. \u201eAS BALTOIL\u201c prekiauja labai \u012fvairiais produktais \u2013 autochemija, mototechnika, sodo, valymo bei golfo \u012franga, vynu ir daugeliu kit\u0173.","og_url":"https:\/\/baltoil.ee\/lt\/apie-imone\/","og_site_name":"Baltoil","article_modified_time":"2020-04-29T09:22:48+00:00","twitter_card":"summary_large_image","schema":{"@context":"https:\/\/schema.org","@graph":[{"@type":"WebPage","@id":"https:\/\/baltoil.ee\/lt\/apie-imone\/","url":"https:\/\/baltoil.ee\/lt\/apie-imone\/","name":"Apie \u012fmon\u0119 - Baltoil","isPartOf":{"@id":"https:\/\/baltoil.ee\/#website"},"datePublished":"2019-05-07T11:43:55+00:00","dateModified":"2020-04-29T09:22:48+00:00","description":"\u201eBaltoil AS\u201c yra Estijos \u012fmon\u0117, kurios specializacija yra alyv\u0173 ir chemikal\u0173 mai\u0161ymas ir pakavimas. \u201eAS BALTOIL\u201c prekiauja labai \u012fvairiais produktais \u2013 autochemija, mototechnika, sodo, valymo bei golfo \u012franga, vynu ir daugeliu kit\u0173.","breadcrumb":{"@id":"https:\/\/baltoil.ee\/lt\/apie-imone\/#breadcrumb"},"inLanguage":"lt-LT","potentialAction":[{"@type":"ReadAction","target":["https:\/\/baltoil.ee\/lt\/apie-imone\/"]}]},{"@type":"BreadcrumbList","@id":"https:\/\/baltoil.ee\/lt\/apie-imone\/#breadcrumb","itemListElement":[{"@type":"ListItem","position":1,"name":"Home","item":"https:\/\/baltoil.ee\/lt\/"},{"@type":"ListItem","position":2,"name":"Apie \u012fmon\u0119"}]},{"@type":"WebSite","@id":"https:\/\/baltoil.ee\/#website","url":"https:\/\/baltoil.ee\/","name":"Baltoil","description":"","publisher":{"@id":"https:\/\/baltoil.ee\/#organization"},"potentialAction":[{"@type":"SearchAction","target":{"@type":"EntryPoint","urlTemplate":"https:\/\/baltoil.ee\/?s={search_term_string}"},"query-input":{"@type":"PropertyValueSpecification","valueRequired":true,"valueName":"search_term_string"}}],"inLanguage":"lt-LT"},{"@type":"Organization","@id":"https:\/\/baltoil.ee\/#organization","name":"AS Baltoil","url":"https:\/\/baltoil.ee\/","logo":{"@type":"ImageObject","inLanguage":"lt-LT","@id":"https:\/\/baltoil.ee\/#\/schema\/logo\/image\/","url":"https:\/\/baltoil.ee\/wp-content\/uploads\/2020\/04\/baltoil_logo.svg","contentUrl":"https:\/\/baltoil.ee\/wp-content\/uploads\/2020\/04\/baltoil_logo.svg","width":1,"height":1,"caption":"AS Baltoil"},"image":{"@id":"https:\/\/baltoil.ee\/#\/schema\/logo\/image\/"}}]}},"_links":{"self":[{"href":"https:\/\/baltoil.ee\/lt\/wp-json\/wp\/v2\/pages\/3190","targetHints":{"allow":["GET"]}}],"collection":[{"href":"https:\/\/baltoil.ee\/lt\/wp-json\/wp\/v2\/pages"}],"about":[{"href":"https:\/\/baltoil.ee\/lt\/wp-json\/wp\/v2\/types\/page"}],"author":[{"embeddable":true,"href":"https:\/\/baltoil.ee\/lt\/wp-json\/wp\/v2\/users\/1"}],"replies":[{"embeddable":true,"href":"https:\/\/baltoil.ee\/lt\/wp-json\/wp\/v2\/comments?post=3190"}],"version-history":[{"count":3,"href":"https:\/\/baltoil.ee\/lt\/wp-json\/wp\/v2\/pages\/3190\/revisions"}],"predecessor-version":[{"id":3214,"href":"https:\/\/baltoil.ee\/lt\/wp-json\/wp\/v2\/pages\/3190\/revisions\/3214"}],"wp:attachment":[{"href":"https:\/\/baltoil.ee\/lt\/wp-json\/wp\/v2\/media?parent=3190"}],"curies":[{"name":"wp","href":"https:\/\/api.w.org\/{rel}","templated":true}]}}